{"id":5888,"date":"2020-11-25T18:28:12","date_gmt":"2020-11-25T17:28:12","guid":{"rendered":"https:\/\/black-forest-speed-club.de\/?post_type=product&#038;p=5888"},"modified":"2026-05-06T15:10:17","modified_gmt":"2026-05-06T13:10:17","slug":"gutschein","status":"publish","type":"product","link":"https:\/\/black-forest-speed-club.de\/hp2020\/produkt\/gutschein\/","title":{"rendered":"Gutscheine"},"content":{"rendered":"<p>Zur Abwechslung dem Lieben, der Lieben, den Kindern, dem besten Kumpel, der besten Freundin mal was Sinnvolles zum Fest, zum Geburtstag oder einfach nur so schenken. Das kann so einfach sein. Und tut auch nicht weh, kostet ein paar Mausklicks und macht den Beschenkten gl\u00fccklich. Garantiert!<\/p>\n<h2><strong>Preise<\/strong><\/h2>\n<p>gestaffelt ab 50 bis 700 Euro. Individuelle Summen gerne auf Anfrage. Wir verrechnen bei Buchung. Und gestalten auf Wunsch gerne einen individuellen Gutschein, den wir euch als PDF zusenden.<\/p>\n","protected":false},"excerpt":{"rendered":"<p>Geschenkgutschein f\u00fcr die Teilnahme an einem Motorrad-Training des Black Forest Speed Club ab 50 bis 700 Euro buchbar. Besser als Socken, Krawatten oder selbstgeh\u00e4kelte Pullover. Garantiert. Macht Eure Lieben gl\u00fccklich! Nach Kauf und Bezahlung senden wir Euch einen Gutscheincode plus, so gew\u00fcnscht, einen individuell gestalteten Gutschein (PDF).<\/p>\n<p>Fotos: Marko Unger | racepixx.de<\/p>\n","protected":false},"featured_media":12821,"template":"","meta":[],"product_brand":[],"product_cat":[508],"product_tag":[670,34,671,36,37,55,130,183,656,662,669],"class_list":{"0":"post-5888","1":"product","2":"type-product","3":"status-publish","4":"has-post-thumbnail","6":"product_cat-gutscheine","7":"product_tag-hockenheimring","8":"product_tag-motorradtraining","9":"product_tag-sachsenring-motorrad","10":"product_tag-badenairpark-motorrad","11":"product_tag-bridgestone-motorrad","12":"product_tag-oschersleben-motorrad","13":"product_tag-hockenheimring-motorrad","14":"product_tag-motocontrol","15":"product_tag-salzburgring-motorrad-training","16":"product_tag-motorrad-sicherheitstraining","17":"product_tag-motorrad-fahrsicherheitstraining","19":"first","20":"instock","21":"taxable","22":"shipping-taxable","23":"purchasable","24":"product-type-variable"},"yoast_head":"<!-- This site is optimized with the Yoast SEO Premium plugin v25.7.1 (Yoast SEO v27.6) - https:\/\/yoast.com\/product\/yoast-seo-premium-wordpress\/ -->\n<title>Gutscheine - Black Forest Speed Club<\/title>\n<meta name=\"description\" content=\"Geschenkgutschein- ab 50 bis 500 Euro - besser als Socken - Strecken 2026: Bilster Berg, Boxberg, Hockenheim, Salzburgring, Driving Center Baden, Oschersleben- Eure Liebsten werden es danken!\" \/>\n<meta name=\"robots\" content=\"index, follow, max-snippet:-1, max-image-preview:large, max-video-preview:-1\" \/>\n<link rel=\"canonical\" href=\"https:\/\/black-forest-speed-club.de\/hp2020\/produkt\/gutschein\/\" \/>\n<meta property=\"og:locale\" content=\"de_DE\" \/>\n<meta property=\"og:type\" content=\"article\" \/>\n<meta property=\"og:title\" content=\"Gutscheine\" \/>\n<meta property=\"og:description\" content=\"Geschenkgutschein f\u00fcr die Teilnahme an einem Motorrad-Training des Black Forest Speed Club ab 50 bis 700 Euro buchbar. Besser als Socken, Krawatten oder selbstgeh\u00e4kelte Pullover. Garantiert. Macht Eure Lieben gl\u00fccklich! Nach Kauf und Bezahlung senden wir Euch einen Gutscheincode plus, so gew\u00fcnscht, einen individuell gestalteten Gutschein (PDF).  Fotos: Marko Unger | racepixx.de\" \/>\n<meta property=\"og:url\" content=\"https:\/\/black-forest-speed-club.de\/hp2020\/produkt\/gutschein\/\" \/>\n<meta property=\"og:site_name\" content=\"Black Forest Speed Club\" \/>\n<meta property=\"article:publisher\" content=\"https:\/\/www.facebook.com\/Blackforestspeedclub\" \/>\n<meta property=\"article:modified_time\" content=\"2026-05-06T13:10:17+00:00\" \/>\n<meta property=\"og:image\" content=\"https:\/\/black-forest-speed-club.de\/hp2020\/wp-content\/uploads\/2023\/02\/cropped-Bild-25.02.23-um-12.41.jpeg\" \/>\n\t<meta property=\"og:image:width\" content=\"512\" \/>\n\t<meta property=\"og:image:height\" content=\"512\" \/>\n\t<meta property=\"og:image:type\" content=\"image\/jpeg\" \/>\n<meta name=\"twitter:card\" content=\"summary_large_image\" \/>\n<meta name=\"twitter:label1\" content=\"Availability\" \/>\n\t<meta name=\"twitter:data1\" content=\"In stock\" \/>\n<script type=\"application\/ld+json\" class=\"yoast-schema-graph\">{\"@context\":\"https:\\\/\\\/schema.org\",\"@graph\":[{\"@type\":\"WebPage\",\"@id\":\"https:\\\/\\\/black-forest-speed-club.de\\\/hp2020\\\/produkt\\\/gutschein\\\/\",\"url\":\"https:\\\/\\\/black-forest-speed-club.de\\\/hp2020\\\/produkt\\\/gutschein\\\/\",\"name\":\"Gutscheine - Black Forest Speed Club\",\"isPartOf\":{\"@id\":\"\\\/#website\"},\"primaryImageOfPage\":{\"@id\":\"https:\\\/\\\/black-forest-speed-club.de\\\/hp2020\\\/produkt\\\/gutschein\\\/#primaryimage\"},\"image\":{\"@id\":\"https:\\\/\\\/black-forest-speed-club.de\\\/hp2020\\\/produkt\\\/gutschein\\\/#primaryimage\"},\"thumbnailUrl\":\"https:\\\/\\\/black-forest-speed-club.de\\\/hp2020\\\/wp-content\\\/uploads\\\/2023\\\/02\\\/Bild-25.02.23-um-12.41.jpeg\",\"datePublished\":\"2020-11-25T17:28:12+00:00\",\"dateModified\":\"2026-05-06T13:10:17+00:00\",\"description\":\"Geschenkgutschein- ab 50 bis 500 Euro - besser als Socken - Strecken 2026: Bilster Berg, Boxberg, Hockenheim, Salzburgring, Driving Center Baden, Oschersleben- Eure Liebsten werden es danken!\",\"breadcrumb\":{\"@id\":\"https:\\\/\\\/black-forest-speed-club.de\\\/hp2020\\\/produkt\\\/gutschein\\\/#breadcrumb\"},\"inLanguage\":\"de\",\"potentialAction\":[{\"@type\":\"ReadAction\",\"target\":[\"https:\\\/\\\/black-forest-speed-club.de\\\/hp2020\\\/produkt\\\/gutschein\\\/\"]}]},{\"@type\":\"ImageObject\",\"inLanguage\":\"de\",\"@id\":\"https:\\\/\\\/black-forest-speed-club.de\\\/hp2020\\\/produkt\\\/gutschein\\\/#primaryimage\",\"url\":\"https:\\\/\\\/black-forest-speed-club.de\\\/hp2020\\\/wp-content\\\/uploads\\\/2023\\\/02\\\/Bild-25.02.23-um-12.41.jpeg\",\"contentUrl\":\"https:\\\/\\\/black-forest-speed-club.de\\\/hp2020\\\/wp-content\\\/uploads\\\/2023\\\/02\\\/Bild-25.02.23-um-12.41.jpeg\",\"width\":774,\"height\":776,\"caption\":\"BFSC Mad Rabbit\"},{\"@type\":\"BreadcrumbList\",\"@id\":\"https:\\\/\\\/black-forest-speed-club.de\\\/hp2020\\\/produkt\\\/gutschein\\\/#breadcrumb\",\"itemListElement\":[{\"@type\":\"ListItem\",\"position\":1,\"name\":\"Startseite\",\"item\":\"https:\\\/\\\/black-forest-speed-club.de\\\/hp2020\\\/\"},{\"@type\":\"ListItem\",\"position\":2,\"name\":\"Shop\",\"item\":\"https:\\\/\\\/black-forest-speed-club.de\\\/hp2020\\\/shop\\\/\"},{\"@type\":\"ListItem\",\"position\":3,\"name\":\"Gutscheine\"}]},{\"@type\":\"WebSite\",\"@id\":\"\\\/#website\",\"url\":\"\\\/\",\"name\":\"Black Forest Speed Club\",\"description\":\"Motorrad-Events von Matthias Schr\u00f6ter\",\"publisher\":{\"@id\":\"\\\/#organization\"},\"alternateName\":\"BFSC\",\"potentialAction\":[{\"@type\":\"SearchAction\",\"target\":{\"@type\":\"EntryPoint\",\"urlTemplate\":\"\\\/?s={search_term_string}\"},\"query-input\":{\"@type\":\"PropertyValueSpecification\",\"valueRequired\":true,\"valueName\":\"search_term_string\"}}],\"inLanguage\":\"de\"},{\"@type\":\"Organization\",\"@id\":\"\\\/#organization\",\"name\":\"Matthias Schr\u00f6ter GmbH\",\"alternateName\":\"Matthias Schr\u00f6ter GmbH\",\"url\":\"\\\/\",\"logo\":{\"@type\":\"ImageObject\",\"inLanguage\":\"de\",\"@id\":\"\\\/#\\\/schema\\\/logo\\\/image\\\/\",\"url\":\"https:\\\/\\\/black-forest-speed-club.de\\\/hp2020\\\/wp-content\\\/uploads\\\/2020\\\/02\\\/WhatsApp-Image-2019-07-01-at-18.37.24.jpeg\",\"contentUrl\":\"https:\\\/\\\/black-forest-speed-club.de\\\/hp2020\\\/wp-content\\\/uploads\\\/2020\\\/02\\\/WhatsApp-Image-2019-07-01-at-18.37.24.jpeg\",\"width\":1368,\"height\":912,\"caption\":\"Matthias Schr\u00f6ter GmbH\"},\"image\":{\"@id\":\"\\\/#\\\/schema\\\/logo\\\/image\\\/\"},\"sameAs\":[\"https:\\\/\\\/www.facebook.com\\\/Blackforestspeedclub\",\"https:\\\/\\\/www.facebook.com\\\/bridgestoneridingschool\",\"https:\\\/\\\/www.facebook.com\\\/Triumph.Street.Triple.Cup\"],\"email\":\"matthias@black-forest-speed-club.de\",\"telephone\":\"017676986672\",\"legalName\":\"Matthias Schr\u00f6ter GmbH\",\"foundingDate\":\"2019-03-29\",\"vatID\":\"DE815821352\",\"taxID\":\"42418712007\",\"numberOfEmployees\":{\"@type\":\"QuantitativeValue\",\"minValue\":\"1\",\"maxValue\":\"10\"}}]}<\/script>\n<meta property=\"og:availability\" content=\"instock\" \/>\n<meta property=\"product:availability\" content=\"instock\" \/>\n<meta property=\"product:retailer_item_id\" content=\"1-2020-2-1-1-4-1-1\" \/>\n<meta property=\"product:condition\" content=\"new\" \/>\n<!-- \/ Yoast SEO Premium plugin. -->","yoast_head_json":{"title":"Gutscheine - Black Forest Speed Club","description":"Geschenkgutschein- ab 50 bis 500 Euro - besser als Socken - Strecken 2026: Bilster Berg, Boxberg, Hockenheim, Salzburgring, Driving Center Baden, Oschersleben- Eure Liebsten werden es danken!","robots":{"index":"index","follow":"follow","max-snippet":"max-snippet:-1","max-image-preview":"max-image-preview:large","max-video-preview":"max-video-preview:-1"},"canonical":"https:\/\/black-forest-speed-club.de\/hp2020\/produkt\/gutschein\/","og_locale":"de_DE","og_type":"article","og_title":"Gutscheine","og_description":"Geschenkgutschein f\u00fcr die Teilnahme an einem Motorrad-Training des Black Forest Speed Club ab 50 bis 700 Euro buchbar. Besser als Socken, Krawatten oder selbstgeh\u00e4kelte Pullover. Garantiert. Macht Eure Lieben gl\u00fccklich! Nach Kauf und Bezahlung senden wir Euch einen Gutscheincode plus, so gew\u00fcnscht, einen individuell gestalteten Gutschein (PDF).  Fotos: Marko Unger | racepixx.de","og_url":"https:\/\/black-forest-speed-club.de\/hp2020\/produkt\/gutschein\/","og_site_name":"Black Forest Speed Club","article_publisher":"https:\/\/www.facebook.com\/Blackforestspeedclub","article_modified_time":"2026-05-06T13:10:17+00:00","og_image":[{"width":512,"height":512,"url":"https:\/\/black-forest-speed-club.de\/hp2020\/wp-content\/uploads\/2023\/02\/cropped-Bild-25.02.23-um-12.41.jpeg","type":"image\/jpeg"}],"twitter_card":"summary_large_image","twitter_misc":{"Availability":"In stock"},"schema":{"@context":"https:\/\/schema.org","@graph":[{"@type":"WebPage","@id":"https:\/\/black-forest-speed-club.de\/hp2020\/produkt\/gutschein\/","url":"https:\/\/black-forest-speed-club.de\/hp2020\/produkt\/gutschein\/","name":"Gutscheine - Black Forest Speed Club","isPartOf":{"@id":"\/#website"},"primaryImageOfPage":{"@id":"https:\/\/black-forest-speed-club.de\/hp2020\/produkt\/gutschein\/#primaryimage"},"image":{"@id":"https:\/\/black-forest-speed-club.de\/hp2020\/produkt\/gutschein\/#primaryimage"},"thumbnailUrl":"https:\/\/black-forest-speed-club.de\/hp2020\/wp-content\/uploads\/2023\/02\/Bild-25.02.23-um-12.41.jpeg","datePublished":"2020-11-25T17:28:12+00:00","dateModified":"2026-05-06T13:10:17+00:00","description":"Geschenkgutschein- ab 50 bis 500 Euro - besser als Socken - Strecken 2026: Bilster Berg, Boxberg, Hockenheim, Salzburgring, Driving Center Baden, Oschersleben- Eure Liebsten werden es danken!","breadcrumb":{"@id":"https:\/\/black-forest-speed-club.de\/hp2020\/produkt\/gutschein\/#breadcrumb"},"inLanguage":"de","potentialAction":[{"@type":"ReadAction","target":["https:\/\/black-forest-speed-club.de\/hp2020\/produkt\/gutschein\/"]}]},{"@type":"ImageObject","inLanguage":"de","@id":"https:\/\/black-forest-speed-club.de\/hp2020\/produkt\/gutschein\/#primaryimage","url":"https:\/\/black-forest-speed-club.de\/hp2020\/wp-content\/uploads\/2023\/02\/Bild-25.02.23-um-12.41.jpeg","contentUrl":"https:\/\/black-forest-speed-club.de\/hp2020\/wp-content\/uploads\/2023\/02\/Bild-25.02.23-um-12.41.jpeg","width":774,"height":776,"caption":"BFSC Mad Rabbit"},{"@type":"BreadcrumbList","@id":"https:\/\/black-forest-speed-club.de\/hp2020\/produkt\/gutschein\/#breadcrumb","itemListElement":[{"@type":"ListItem","position":1,"name":"Startseite","item":"https:\/\/black-forest-speed-club.de\/hp2020\/"},{"@type":"ListItem","position":2,"name":"Shop","item":"https:\/\/black-forest-speed-club.de\/hp2020\/shop\/"},{"@type":"ListItem","position":3,"name":"Gutscheine"}]},{"@type":"WebSite","@id":"\/#website","url":"\/","name":"Black Forest Speed Club","description":"Motorrad-Events von Matthias Schr\u00f6ter","publisher":{"@id":"\/#organization"},"alternateName":"BFSC","potentialAction":[{"@type":"SearchAction","target":{"@type":"EntryPoint","urlTemplate":"\/?s={search_term_string}"},"query-input":{"@type":"PropertyValueSpecification","valueRequired":true,"valueName":"search_term_string"}}],"inLanguage":"de"},{"@type":"Organization","@id":"\/#organization","name":"Matthias Schr\u00f6ter GmbH","alternateName":"Matthias Schr\u00f6ter GmbH","url":"\/","logo":{"@type":"ImageObject","inLanguage":"de","@id":"\/#\/schema\/logo\/image\/","url":"https:\/\/black-forest-speed-club.de\/hp2020\/wp-content\/uploads\/2020\/02\/WhatsApp-Image-2019-07-01-at-18.37.24.jpeg","contentUrl":"https:\/\/black-forest-speed-club.de\/hp2020\/wp-content\/uploads\/2020\/02\/WhatsApp-Image-2019-07-01-at-18.37.24.jpeg","width":1368,"height":912,"caption":"Matthias Schr\u00f6ter GmbH"},"image":{"@id":"\/#\/schema\/logo\/image\/"},"sameAs":["https:\/\/www.facebook.com\/Blackforestspeedclub","https:\/\/www.facebook.com\/bridgestoneridingschool","https:\/\/www.facebook.com\/Triumph.Street.Triple.Cup"],"email":"matthias@black-forest-speed-club.de","telephone":"017676986672","legalName":"Matthias Schr\u00f6ter GmbH","foundingDate":"2019-03-29","vatID":"DE815821352","taxID":"42418712007","numberOfEmployees":{"@type":"QuantitativeValue","minValue":"1","maxValue":"10"}}]},"og_availability":"instock","product_availability":"instock","product_retailer_item_id":"1-2020-2-1-1-4-1-1","product_condition":"new"},"_links":{"self":[{"href":"https:\/\/black-forest-speed-club.de\/hp2020\/wp-json\/wp\/v2\/product\/5888","targetHints":{"allow":["GET"]}}],"collection":[{"href":"https:\/\/black-forest-speed-club.de\/hp2020\/wp-json\/wp\/v2\/product"}],"about":[{"href":"https:\/\/black-forest-speed-club.de\/hp2020\/wp-json\/wp\/v2\/types\/product"}],"wp:featuredmedia":[{"embeddable":true,"href":"https:\/\/black-forest-speed-club.de\/hp2020\/wp-json\/wp\/v2\/media\/12821"}],"wp:attachment":[{"href":"https:\/\/black-forest-speed-club.de\/hp2020\/wp-json\/wp\/v2\/media?parent=5888"}],"wp:term":[{"taxonomy":"product_brand","embeddable":true,"href":"https:\/\/black-forest-speed-club.de\/hp2020\/wp-json\/wp\/v2\/product_brand?post=5888"},{"taxonomy":"product_cat","embeddable":true,"href":"https:\/\/black-forest-speed-club.de\/hp2020\/wp-json\/wp\/v2\/product_cat?post=5888"},{"taxonomy":"product_tag","embeddable":true,"href":"https:\/\/black-forest-speed-club.de\/hp2020\/wp-json\/wp\/v2\/product_tag?post=5888"}],"curies":[{"name":"wp","href":"https:\/\/api.w.org\/{rel}","templated":true}]}}