{"id":18457,"date":"2025-12-20T16:06:46","date_gmt":"2025-12-20T15:06:46","guid":{"rendered":"https:\/\/black-forest-speed-club.de\/hp2020\/?post_type=product&#038;p=18457"},"modified":"2026-05-11T19:20:47","modified_gmt":"2026-05-11T17:20:47","slug":"motorrad-renntraining-hockenheimring-gp-kurs-20-7-2026","status":"publish","type":"product","link":"https:\/\/black-forest-speed-club.de\/hp2020\/produkt\/motorrad-renntraining-hockenheimring-gp-kurs-20-7-2026\/","title":{"rendered":"Motorrad-Renntraining &#8211; Hockenheimring GP-Kurs 20.7.2026 (Montag)"},"content":{"rendered":"<h2><strong>Motorrad-Renntraining auf dem Hockenheimring GP-Kurs<\/strong><\/h2>\n<h3><strong>Termin &amp; Preise<\/strong><\/h3>\n<p><strong>Termin: Montag, 20.7.2026<\/strong><\/p>\n<p>Normalpreis: ab 239 Euro inkl. Platz in Sammelbox | Youngster-Rabatt? Ja, bis 24 Jahre. Gutscheincode: <strong>Youngster20 spart euch 20 Euro.<\/strong><\/p>\n<p><strong>Trainingsprofil \/ Besonderheit<\/strong><\/p>\n<p>Eint\u00e4giges Motorrad-Renntraining auf dem Hockenheimring (GP-Kurs).<\/p>\n<p>Das <strong>Motorrad-Renntraining <\/strong>hat das Ziel die Faszination Rennstrecke f\u00fcr jeden Teilnehmer in einem intensiven Trainingstag erfahrbar zu machen. Gefahren wird in vier Bl\u00f6cken, Motorrad-Schr\u00e4glagentraining mit Instruktoren, Einsteiger (Gruppe C &#8211; low), Aufsteiger (Gruppe B &#8211; medium) und K\u00f6nner (Gruppe A &#8211; high). Geplante Fahrzeit: 5 Turns f\u00fcr die Einsteiger bzw. 6 Turns f\u00fcr Aufsteiger und K\u00f6nner mit max. 20 Minuten<\/p>\n<h3><strong>Fahrk\u00f6nnen<\/strong><\/h3>\n<p>Das <strong>Motorrad-Renntraining<\/strong> eignet sich auch f\u00fcr Rennstrecken-Einsteiger. Wichtig ist vor allem, dass Ihr die wichtigsten Verhaltensregeln f\u00fcrs Fahren auf einer Rennstrecke intus habt und selbige auch respektiert. Ansonsten legen wir Einsteigern auch gerne das Motorrad-Schr\u00e4glagen-Training mit Top-Instruktoren ans Herz.<\/p>\n<p>Bitte sch\u00e4tzt Euer Fahrk\u00f6nnen realistisch ein. Umso homogener werden n\u00e4mlich unserer Gruppen. Die endg\u00fcltige Gruppen-Einteilung obliegt uns als Veranstalter. Danke!<\/p>\n<p>&nbsp;<\/p>\n<p><img decoding=\"async\" class=\"lazyload aligncenter wp-image-18944 size-fusion-600\" src=\"https:\/\/black-forest-speed-club.de\/hp2020\/wp-content\/uploads\/2025\/12\/Bild-09.03.26-um-11.45-600x735.png\" data-orig-src=\"https:\/\/black-forest-speed-club.de\/hp2020\/wp-content\/uploads\/2025\/12\/Bild-09.03.26-um-11.45-600x735.png\" alt=\"Hockenheimring Zeitplan 20.7.2026\" width=\"600\" height=\"735\" srcset=\"data:image\/svg+xml,%3Csvg%20xmlns%3D%27http%3A%2F%2Fwww.w3.org%2F2000%2Fsvg%27%20width%3D%27600%27%20height%3D%27735%27%20viewBox%3D%270%200%20600%20735%27%3E%3Crect%20width%3D%27600%27%20height%3D%27735%27%20fill-opacity%3D%220%22%2F%3E%3C%2Fsvg%3E\" data-srcset=\"https:\/\/black-forest-speed-club.de\/hp2020\/wp-content\/uploads\/2025\/12\/Bild-09.03.26-um-11.45-60x74.png 60w, https:\/\/black-forest-speed-club.de\/hp2020\/wp-content\/uploads\/2025\/12\/Bild-09.03.26-um-11.45-200x245.png 200w, https:\/\/black-forest-speed-club.de\/hp2020\/wp-content\/uploads\/2025\/12\/Bild-09.03.26-um-11.45-245x300.png 245w, https:\/\/black-forest-speed-club.de\/hp2020\/wp-content\/uploads\/2025\/12\/Bild-09.03.26-um-11.45-320x392.png 320w, https:\/\/black-forest-speed-club.de\/hp2020\/wp-content\/uploads\/2025\/12\/Bild-09.03.26-um-11.45-400x490.png 400w, https:\/\/black-forest-speed-club.de\/hp2020\/wp-content\/uploads\/2025\/12\/Bild-09.03.26-um-11.45-500x613.png 500w, https:\/\/black-forest-speed-club.de\/hp2020\/wp-content\/uploads\/2025\/12\/Bild-09.03.26-um-11.45-600x735.png 600w, https:\/\/black-forest-speed-club.de\/hp2020\/wp-content\/uploads\/2025\/12\/Bild-09.03.26-um-11.45.png 620w\" data-sizes=\"auto\" data-orig-sizes=\"(max-width: 600px) 100vw, 600px\" \/><\/p>\n<h2><strong>Unsere Leistungen\u00a0<\/strong><\/h2>\n<ul>\n<li>Streckensicherung<\/li>\n<li>Notarzt und Rettungssanit\u00e4ter<\/li>\n<li>Gegen Unkostenbeitrag: Mineralwasser, Softdrinks, Kaffee, Obst, Snacks, belegte Brote<\/li>\n<li>Es besteht kostenlose Transponderpflicht f\u00fcr alle Teilnehmer. Der Zeitnahmeservice (Anzeige der schnellsten Runde des Tages; Ausdruck aller Rundenzeiten am Ende des Tages) kostet optional 10 \u20ac pro Tag<\/li>\n<li>Sammelbox: kostenlos bis 1.6.26, danach 40 Euro pro Tag.<\/li>\n<\/ul>\n<ul>\n<li>Fotoservice: Marko Unger | <strong><a href=\"https:\/\/racepixx.de\" target=\"_blank\" rel=\"noopener\">racepixx.de<\/a><\/strong><\/li>\n<li>Technischer Service (Fahrwerk, kleine Reparaturen, usw.)<\/li>\n<li>Fahren mit Instruktoren im Renntraining 1:1 (Aufpreis)<\/li>\n<li>Catering: Wasser, Softdrinks, Kaffee &amp; Tee, belegte Brote, Bratwurst, S\u00fc\u00dfigkeiten und Obst (Aufpreis)<\/li>\n<li>Reifendienst von MaxxAdrenalin<\/li>\n<\/ul>\n<h2><strong><br \/>\n\u00dcbernachtung<\/strong><\/h2>\n<p>N\u00e4chstgelegenes Hotel: das Hotel Hockenheimring, direkt vor der Haupttrib\u00fcne und an der Autobahn Frankfurt-Basel gelegen. Bei offenem Fenster dementsprechend laut, geht das Hotel aber f\u00fcr eine Nacht ok, vor allem, weil man nur 5 Minuten ins Fahrerlager ben\u00f6tigt.<\/p>\n<p><strong>\u00dcbernachten in unserem Fahrerlager ist erlaubt.\u00a0 <\/strong>Toiletten und Stromanschl\u00fcsse f\u00fcrs Wohnmobil etc. sind vorhanden.<\/p>\n<p><strong>Sammelboxen kosten 40 Euro pro Tag extra. Fr\u00fchbucher erhalten diesen Platz kostenlos bei Buchung bis 1.6.26.<\/strong><\/p>\n<h2><strong>Ausr\u00fcstung<\/strong><\/h2>\n<p>Das Motorrad muss in technisch einwandfreiem Zustand sein. Vorgeschrieben sind ein Integralhelm (ECE-Norm), Motorradhandschuhe und -stiefel (keine Schn\u00fcrstiefel o.\u00e4.) plus Lederkombi (Ein- oder Zweiteiler) f\u00fcr das Motorrad-Training \/ Renntraining. Au\u00dferdem Pflicht: R\u00fcckenprotektor f\u00fcr optimalen Schutz, gerne auch eine Airbag-Weste. Im parallel stattfindenden Schr\u00e4glagen-Training ist Textilbekleidung erlaubt.<\/p>\n<p>Bitte achtet auf gen\u00fcgend Reifenprofil (mindestens 3 mm) bzw. noch sichtbare Verschlei\u00dfmarken bei Euren Slicks, au\u00dferdem sollte der Reifen m\u00f6glichst nicht eckig gefahren sein, weil sich dadurch von allem das Einlenkverhalten negativ ver\u00e4ndert. Weiterhin wichtig: ausreichende Bremsbelagsst\u00e4rke. Das Vorbeifahrger\u00e4usch von 98 dB(A) darf nicht \u00fcberschritten werden, was mit Serienauspuffanlagen mit dB-Eater problemlos funktioniert. Bei Racing-Anlagen ist grunds\u00e4tzlich ein dB-Eater erforderlich, sofern von der Bauart her vorgesehen. Es gilt die Hausordnung der Hockenheimring GmbH. \u00dcberschreitungen trotz dB-Eater etc. f\u00fchren leider zum Ausschluss von der Veranstaltung.<\/p>\n<h3><strong>Besonderheiten<\/strong><\/h3>\n<p><strong>Tanken ist im Fahrerlager der Hockenheimring GmbH m\u00f6glich.<\/strong> Bitte erscheint zu Euren Turns mit entsprechend betankten Motorr\u00e4dern, Ihr verpasst sonst wertvolle Fahrzeit bzw. blockiert selbige f\u00fcr andere Teilnehmer, wenn Ihr im laufenden Betrieb ohne Sprit auf der Strecke liegen bleibt. Ist auch schon Profis passiert. Die n\u00e4chste Tankstelle befindet in unmittelbarer N\u00e4he direkt im gro\u00dfen Fahrerlager gegen\u00fcber des Sanit\u00e4rhauses. Zahlung mit EC- oder Kreditkarte ist m\u00f6glich. Die Preise dort liegen \u00fcber Marktniveau.<\/p>\n<h3><strong>Begleitpersonen &amp; Haustiere<\/strong><\/h3>\n<p>Begleitpersonen sind als Zuschauer herzlich willkommen. Catering kann gegen Unkostenpauschale gebucht werden. Hunde m\u00fcssen angeleint sein.<\/p>\n<p>&nbsp;<\/p>\n<p>&nbsp;<\/p>\n<p>&nbsp;<\/p>\n<p>&nbsp;<\/p>\n","protected":false},"excerpt":{"rendered":"<p class=\"ai-optimize-28\">Motorrad-Renntraining auf dem Hockenheimring GP-Kurs am 20.7.2026 | 98 dB(A) maximales Fahrger\u00e4usch | aufgeteilt in bis zu 4 Gruppen | 5 bzw. 6&#215;20 Minuten | MaxxAdrenalin-Reifendienst &amp; Zeitnahme | Instruktion 100 \u20ac pro Turn inkl. Nachbesprechung (ca. 40 min. insgesamt) | Sammelbox: 40 Euro, f\u00fcr Fr\u00fchbucher kostenlos | Kaffee, Tee, Wasser, Obst, Snacks, Bratwurst gegen Unkostenbeitrag von 20 Euro | Rabatt f\u00fcr Jugendliche bis 24 Jahre: Rabattcode Youngster20 spart 20 Euro.<\/p>\n","protected":false},"featured_media":6293,"template":"","meta":[],"product_brand":[],"product_cat":[38,677],"product_tag":[34,37,44,45,46,709],"class_list":{"0":"post-18457","1":"product","2":"type-product","3":"status-publish","4":"has-post-thumbnail","6":"product_cat-motorrad-renntraining","7":"product_cat-hockenheimring","8":"product_tag-motorradtraining","9":"product_tag-bridgestone-motorrad","10":"product_tag-hockenheimring-gp-kurs","11":"product_tag-motorradtraining-hockenheimring-gp-kurs","12":"product_tag-renntraining-hockenheim","13":"product_tag-black-forest-speed-club","15":"first","16":"instock","17":"sale","18":"sold-individually","19":"taxable","20":"shipping-taxable","21":"purchasable","22":"product-type-variable"},"yoast_head":"<!-- This site is optimized with the Yoast SEO Premium plugin v25.7.1 (Yoast SEO v27.5) - https:\/\/yoast.com\/product\/yoast-seo-premium-wordpress\/ -->\n<title>Motorrad-Renntraining - Hockenheimring GP-Kurs 20.7.2026 (Montag) - Black Forest Speed Club<\/title>\n<meta name=\"description\" content=\"Motorrad-Training auf dem GP-Kurs des Hockenheimrings | 20.7.2026 | 4 Gruppen | schon ab 239 Euro | jetzt online buchen!\" \/>\n<meta name=\"robots\" content=\"index, follow, max-snippet:-1, max-image-preview:large, max-video-preview:-1\" \/>\n<link rel=\"canonical\" href=\"https:\/\/black-forest-speed-club.de\/hp2020\/produkt\/motorrad-renntraining-hockenheimring-gp-kurs-20-7-2026\/\" \/>\n<meta property=\"og:locale\" content=\"de_DE\" \/>\n<meta property=\"og:type\" content=\"article\" \/>\n<meta property=\"og:title\" content=\"Motorrad-Renntraining - Hockenheimring GP-Kurs 20.7.2026 (Montag)\" \/>\n<meta property=\"og:description\" content=\"Motorrad-Renntraining auf dem Hockenheimring GP-Kurs am 20.7.2026 | 98 dB(A) maximales Fahrger\u00e4usch | aufgeteilt in bis zu 4 Gruppen | 5 bzw. 6x20 Minuten | MaxxAdrenalin-Reifendienst &amp; Zeitnahme | Instruktion 100 \u20ac pro Turn inkl. Nachbesprechung (ca. 40 min. insgesamt) | Sammelbox: 40 Euro, f\u00fcr Fr\u00fchbucher kostenlos | Kaffee, Tee, Wasser, Obst, Snacks, Bratwurst gegen Unkostenbeitrag von 20 Euro | Rabatt f\u00fcr Jugendliche bis 24 Jahre: Rabattcode Youngster20 spart 20 Euro.\" \/>\n<meta property=\"og:url\" content=\"https:\/\/black-forest-speed-club.de\/hp2020\/produkt\/motorrad-renntraining-hockenheimring-gp-kurs-20-7-2026\/\" \/>\n<meta property=\"og:site_name\" content=\"Black Forest Speed Club\" \/>\n<meta property=\"article:publisher\" content=\"https:\/\/www.facebook.com\/Blackforestspeedclub\" \/>\n<meta property=\"article:modified_time\" content=\"2026-05-11T17:20:47+00:00\" \/>\n<meta property=\"og:image\" content=\"https:\/\/black-forest-speed-club.de\/hp2020\/wp-content\/uploads\/2020\/12\/0909-200903HH-005_909-scaled.jpg\" \/>\n\t<meta property=\"og:image:width\" content=\"2560\" \/>\n\t<meta property=\"og:image:height\" content=\"1707\" \/>\n\t<meta property=\"og:image:type\" content=\"image\/jpeg\" \/>\n<meta name=\"twitter:card\" content=\"summary_large_image\" \/>\n<meta name=\"twitter:label1\" content=\"Availability\" \/>\n\t<meta name=\"twitter:data1\" content=\"In stock\" \/>\n<script type=\"application\/ld+json\" class=\"yoast-schema-graph\">{\"@context\":\"https:\\\/\\\/schema.org\",\"@graph\":[{\"@type\":\"WebPage\",\"@id\":\"https:\\\/\\\/black-forest-speed-club.de\\\/hp2020\\\/produkt\\\/motorrad-renntraining-hockenheimring-gp-kurs-20-7-2026\\\/\",\"url\":\"https:\\\/\\\/black-forest-speed-club.de\\\/hp2020\\\/produkt\\\/motorrad-renntraining-hockenheimring-gp-kurs-20-7-2026\\\/\",\"name\":\"Motorrad-Renntraining - Hockenheimring GP-Kurs 20.7.2026 (Montag) - Black Forest Speed Club\",\"isPartOf\":{\"@id\":\"\\\/#website\"},\"primaryImageOfPage\":{\"@id\":\"https:\\\/\\\/black-forest-speed-club.de\\\/hp2020\\\/produkt\\\/motorrad-renntraining-hockenheimring-gp-kurs-20-7-2026\\\/#primaryimage\"},\"image\":{\"@id\":\"https:\\\/\\\/black-forest-speed-club.de\\\/hp2020\\\/produkt\\\/motorrad-renntraining-hockenheimring-gp-kurs-20-7-2026\\\/#primaryimage\"},\"thumbnailUrl\":\"https:\\\/\\\/black-forest-speed-club.de\\\/hp2020\\\/wp-content\\\/uploads\\\/2020\\\/12\\\/0909-200903HH-005_909-scaled.jpg\",\"datePublished\":\"2025-12-20T15:06:46+00:00\",\"dateModified\":\"2026-05-11T17:20:47+00:00\",\"description\":\"Motorrad-Training auf dem GP-Kurs des Hockenheimrings | 20.7.2026 | 4 Gruppen | schon ab 239 Euro | jetzt online buchen!\",\"breadcrumb\":{\"@id\":\"https:\\\/\\\/black-forest-speed-club.de\\\/hp2020\\\/produkt\\\/motorrad-renntraining-hockenheimring-gp-kurs-20-7-2026\\\/#breadcrumb\"},\"inLanguage\":\"de\",\"potentialAction\":[{\"@type\":\"ReadAction\",\"target\":[\"https:\\\/\\\/black-forest-speed-club.de\\\/hp2020\\\/produkt\\\/motorrad-renntraining-hockenheimring-gp-kurs-20-7-2026\\\/\"]}]},{\"@type\":\"ImageObject\",\"inLanguage\":\"de\",\"@id\":\"https:\\\/\\\/black-forest-speed-club.de\\\/hp2020\\\/produkt\\\/motorrad-renntraining-hockenheimring-gp-kurs-20-7-2026\\\/#primaryimage\",\"url\":\"https:\\\/\\\/black-forest-speed-club.de\\\/hp2020\\\/wp-content\\\/uploads\\\/2020\\\/12\\\/0909-200903HH-005_909-scaled.jpg\",\"contentUrl\":\"https:\\\/\\\/black-forest-speed-club.de\\\/hp2020\\\/wp-content\\\/uploads\\\/2020\\\/12\\\/0909-200903HH-005_909-scaled.jpg\",\"width\":2560,\"height\":1707,\"caption\":\"Hockenheimring GP-Kurs, auch 2023 ein Top-Termin vom Black Forest Speed Club f\u00fcr Motorradtraininings\"},{\"@type\":\"BreadcrumbList\",\"@id\":\"https:\\\/\\\/black-forest-speed-club.de\\\/hp2020\\\/produkt\\\/motorrad-renntraining-hockenheimring-gp-kurs-20-7-2026\\\/#breadcrumb\",\"itemListElement\":[{\"@type\":\"ListItem\",\"position\":1,\"name\":\"Startseite\",\"item\":\"https:\\\/\\\/black-forest-speed-club.de\\\/hp2020\\\/\"},{\"@type\":\"ListItem\",\"position\":2,\"name\":\"Shop\",\"item\":\"https:\\\/\\\/black-forest-speed-club.de\\\/hp2020\\\/shop\\\/\"},{\"@type\":\"ListItem\",\"position\":3,\"name\":\"Motorrad-Renntraining &#8211; Hockenheimring GP-Kurs 20.7.2026 (Montag)\"}]},{\"@type\":\"WebSite\",\"@id\":\"\\\/#website\",\"url\":\"\\\/\",\"name\":\"Black Forest Speed Club\",\"description\":\"Motorrad-Events von Matthias Schr\u00f6ter\",\"publisher\":{\"@id\":\"\\\/#organization\"},\"alternateName\":\"BFSC\",\"potentialAction\":[{\"@type\":\"SearchAction\",\"target\":{\"@type\":\"EntryPoint\",\"urlTemplate\":\"\\\/?s={search_term_string}\"},\"query-input\":{\"@type\":\"PropertyValueSpecification\",\"valueRequired\":true,\"valueName\":\"search_term_string\"}}],\"inLanguage\":\"de\"},{\"@type\":\"Organization\",\"@id\":\"\\\/#organization\",\"name\":\"Matthias Schr\u00f6ter GmbH\",\"alternateName\":\"Matthias Schr\u00f6ter GmbH\",\"url\":\"\\\/\",\"logo\":{\"@type\":\"ImageObject\",\"inLanguage\":\"de\",\"@id\":\"\\\/#\\\/schema\\\/logo\\\/image\\\/\",\"url\":\"https:\\\/\\\/black-forest-speed-club.de\\\/hp2020\\\/wp-content\\\/uploads\\\/2020\\\/02\\\/WhatsApp-Image-2019-07-01-at-18.37.24.jpeg\",\"contentUrl\":\"https:\\\/\\\/black-forest-speed-club.de\\\/hp2020\\\/wp-content\\\/uploads\\\/2020\\\/02\\\/WhatsApp-Image-2019-07-01-at-18.37.24.jpeg\",\"width\":1368,\"height\":912,\"caption\":\"Matthias Schr\u00f6ter GmbH\"},\"image\":{\"@id\":\"\\\/#\\\/schema\\\/logo\\\/image\\\/\"},\"sameAs\":[\"https:\\\/\\\/www.facebook.com\\\/Blackforestspeedclub\",\"https:\\\/\\\/www.facebook.com\\\/bridgestoneridingschool\",\"https:\\\/\\\/www.facebook.com\\\/Triumph.Street.Triple.Cup\"],\"email\":\"matthias@black-forest-speed-club.de\",\"telephone\":\"017676986672\",\"legalName\":\"Matthias Schr\u00f6ter GmbH\",\"foundingDate\":\"2019-03-29\",\"vatID\":\"DE815821352\",\"taxID\":\"42418712007\",\"numberOfEmployees\":{\"@type\":\"QuantitativeValue\",\"minValue\":\"1\",\"maxValue\":\"10\"}}]}<\/script>\n<meta property=\"og:availability\" content=\"instock\" \/>\n<meta property=\"product:availability\" content=\"instock\" \/>\n<meta property=\"product:retailer_item_id\" content=\"1-2020-2-1-4-2-3-3-2-1-1-1-2-3\" \/>\n<meta property=\"product:condition\" content=\"new\" \/>\n<!-- \/ Yoast SEO Premium plugin. -->","yoast_head_json":{"title":"Motorrad-Renntraining - Hockenheimring GP-Kurs 20.7.2026 (Montag) - Black Forest Speed Club","description":"Motorrad-Training auf dem GP-Kurs des Hockenheimrings | 20.7.2026 | 4 Gruppen | schon ab 239 Euro | jetzt online buchen!","robots":{"index":"index","follow":"follow","max-snippet":"max-snippet:-1","max-image-preview":"max-image-preview:large","max-video-preview":"max-video-preview:-1"},"canonical":"https:\/\/black-forest-speed-club.de\/hp2020\/produkt\/motorrad-renntraining-hockenheimring-gp-kurs-20-7-2026\/","og_locale":"de_DE","og_type":"article","og_title":"Motorrad-Renntraining - Hockenheimring GP-Kurs 20.7.2026 (Montag)","og_description":"Motorrad-Renntraining auf dem Hockenheimring GP-Kurs am 20.7.2026 | 98 dB(A) maximales Fahrger\u00e4usch | aufgeteilt in bis zu 4 Gruppen | 5 bzw. 6x20 Minuten | MaxxAdrenalin-Reifendienst &amp; Zeitnahme | Instruktion 100 \u20ac pro Turn inkl. Nachbesprechung (ca. 40 min. insgesamt) | Sammelbox: 40 Euro, f\u00fcr Fr\u00fchbucher kostenlos | Kaffee, Tee, Wasser, Obst, Snacks, Bratwurst gegen Unkostenbeitrag von 20 Euro | Rabatt f\u00fcr Jugendliche bis 24 Jahre: Rabattcode Youngster20 spart 20 Euro.","og_url":"https:\/\/black-forest-speed-club.de\/hp2020\/produkt\/motorrad-renntraining-hockenheimring-gp-kurs-20-7-2026\/","og_site_name":"Black Forest Speed Club","article_publisher":"https:\/\/www.facebook.com\/Blackforestspeedclub","article_modified_time":"2026-05-11T17:20:47+00:00","og_image":[{"width":2560,"height":1707,"url":"https:\/\/black-forest-speed-club.de\/hp2020\/wp-content\/uploads\/2020\/12\/0909-200903HH-005_909-scaled.jpg","type":"image\/jpeg"}],"twitter_card":"summary_large_image","twitter_misc":{"Availability":"In stock"},"schema":{"@context":"https:\/\/schema.org","@graph":[{"@type":"WebPage","@id":"https:\/\/black-forest-speed-club.de\/hp2020\/produkt\/motorrad-renntraining-hockenheimring-gp-kurs-20-7-2026\/","url":"https:\/\/black-forest-speed-club.de\/hp2020\/produkt\/motorrad-renntraining-hockenheimring-gp-kurs-20-7-2026\/","name":"Motorrad-Renntraining - Hockenheimring GP-Kurs 20.7.2026 (Montag) - Black Forest Speed Club","isPartOf":{"@id":"\/#website"},"primaryImageOfPage":{"@id":"https:\/\/black-forest-speed-club.de\/hp2020\/produkt\/motorrad-renntraining-hockenheimring-gp-kurs-20-7-2026\/#primaryimage"},"image":{"@id":"https:\/\/black-forest-speed-club.de\/hp2020\/produkt\/motorrad-renntraining-hockenheimring-gp-kurs-20-7-2026\/#primaryimage"},"thumbnailUrl":"https:\/\/black-forest-speed-club.de\/hp2020\/wp-content\/uploads\/2020\/12\/0909-200903HH-005_909-scaled.jpg","datePublished":"2025-12-20T15:06:46+00:00","dateModified":"2026-05-11T17:20:47+00:00","description":"Motorrad-Training auf dem GP-Kurs des Hockenheimrings | 20.7.2026 | 4 Gruppen | schon ab 239 Euro | jetzt online buchen!","breadcrumb":{"@id":"https:\/\/black-forest-speed-club.de\/hp2020\/produkt\/motorrad-renntraining-hockenheimring-gp-kurs-20-7-2026\/#breadcrumb"},"inLanguage":"de","potentialAction":[{"@type":"ReadAction","target":["https:\/\/black-forest-speed-club.de\/hp2020\/produkt\/motorrad-renntraining-hockenheimring-gp-kurs-20-7-2026\/"]}]},{"@type":"ImageObject","inLanguage":"de","@id":"https:\/\/black-forest-speed-club.de\/hp2020\/produkt\/motorrad-renntraining-hockenheimring-gp-kurs-20-7-2026\/#primaryimage","url":"https:\/\/black-forest-speed-club.de\/hp2020\/wp-content\/uploads\/2020\/12\/0909-200903HH-005_909-scaled.jpg","contentUrl":"https:\/\/black-forest-speed-club.de\/hp2020\/wp-content\/uploads\/2020\/12\/0909-200903HH-005_909-scaled.jpg","width":2560,"height":1707,"caption":"Hockenheimring GP-Kurs, auch 2023 ein Top-Termin vom Black Forest Speed Club f\u00fcr Motorradtraininings"},{"@type":"BreadcrumbList","@id":"https:\/\/black-forest-speed-club.de\/hp2020\/produkt\/motorrad-renntraining-hockenheimring-gp-kurs-20-7-2026\/#breadcrumb","itemListElement":[{"@type":"ListItem","position":1,"name":"Startseite","item":"https:\/\/black-forest-speed-club.de\/hp2020\/"},{"@type":"ListItem","position":2,"name":"Shop","item":"https:\/\/black-forest-speed-club.de\/hp2020\/shop\/"},{"@type":"ListItem","position":3,"name":"Motorrad-Renntraining &#8211; Hockenheimring GP-Kurs 20.7.2026 (Montag)"}]},{"@type":"WebSite","@id":"\/#website","url":"\/","name":"Black Forest Speed Club","description":"Motorrad-Events von Matthias Schr\u00f6ter","publisher":{"@id":"\/#organization"},"alternateName":"BFSC","potentialAction":[{"@type":"SearchAction","target":{"@type":"EntryPoint","urlTemplate":"\/?s={search_term_string}"},"query-input":{"@type":"PropertyValueSpecification","valueRequired":true,"valueName":"search_term_string"}}],"inLanguage":"de"},{"@type":"Organization","@id":"\/#organization","name":"Matthias Schr\u00f6ter GmbH","alternateName":"Matthias Schr\u00f6ter GmbH","url":"\/","logo":{"@type":"ImageObject","inLanguage":"de","@id":"\/#\/schema\/logo\/image\/","url":"https:\/\/black-forest-speed-club.de\/hp2020\/wp-content\/uploads\/2020\/02\/WhatsApp-Image-2019-07-01-at-18.37.24.jpeg","contentUrl":"https:\/\/black-forest-speed-club.de\/hp2020\/wp-content\/uploads\/2020\/02\/WhatsApp-Image-2019-07-01-at-18.37.24.jpeg","width":1368,"height":912,"caption":"Matthias Schr\u00f6ter GmbH"},"image":{"@id":"\/#\/schema\/logo\/image\/"},"sameAs":["https:\/\/www.facebook.com\/Blackforestspeedclub","https:\/\/www.facebook.com\/bridgestoneridingschool","https:\/\/www.facebook.com\/Triumph.Street.Triple.Cup"],"email":"matthias@black-forest-speed-club.de","telephone":"017676986672","legalName":"Matthias Schr\u00f6ter GmbH","foundingDate":"2019-03-29","vatID":"DE815821352","taxID":"42418712007","numberOfEmployees":{"@type":"QuantitativeValue","minValue":"1","maxValue":"10"}}]},"og_availability":"instock","product_availability":"instock","product_retailer_item_id":"1-2020-2-1-4-2-3-3-2-1-1-1-2-3","product_condition":"new"},"_links":{"self":[{"href":"https:\/\/black-forest-speed-club.de\/hp2020\/wp-json\/wp\/v2\/product\/18457","targetHints":{"allow":["GET"]}}],"collection":[{"href":"https:\/\/black-forest-speed-club.de\/hp2020\/wp-json\/wp\/v2\/product"}],"about":[{"href":"https:\/\/black-forest-speed-club.de\/hp2020\/wp-json\/wp\/v2\/types\/product"}],"wp:featuredmedia":[{"embeddable":true,"href":"https:\/\/black-forest-speed-club.de\/hp2020\/wp-json\/wp\/v2\/media\/6293"}],"wp:attachment":[{"href":"https:\/\/black-forest-speed-club.de\/hp2020\/wp-json\/wp\/v2\/media?parent=18457"}],"wp:term":[{"taxonomy":"product_brand","embeddable":true,"href":"https:\/\/black-forest-speed-club.de\/hp2020\/wp-json\/wp\/v2\/product_brand?post=18457"},{"taxonomy":"product_cat","embeddable":true,"href":"https:\/\/black-forest-speed-club.de\/hp2020\/wp-json\/wp\/v2\/product_cat?post=18457"},{"taxonomy":"product_tag","embeddable":true,"href":"https:\/\/black-forest-speed-club.de\/hp2020\/wp-json\/wp\/v2\/product_tag?post=18457"}],"curies":[{"name":"wp","href":"https:\/\/api.w.org\/{rel}","templated":true}]}}