{"id":18453,"date":"2025-12-20T15:45:45","date_gmt":"2025-12-20T14:45:45","guid":{"rendered":"https:\/\/black-forest-speed-club.de\/hp2020\/?post_type=product&#038;p=18453"},"modified":"2026-05-05T11:43:50","modified_gmt":"2026-05-05T09:43:50","slug":"motorrad-schraeglagen-training-hockenheimring-gp-kurs-20-7-2026","status":"publish","type":"product","link":"https:\/\/black-forest-speed-club.de\/hp2020\/produkt\/motorrad-schraeglagen-training-hockenheimring-gp-kurs-20-7-2026\/","title":{"rendered":"Motorrad-Schr\u00e4glagen-Training Hockenheimring GP-Kurs 20.7.2026 (Montag)"},"content":{"rendered":"<h2><strong>Motorrad-Schr\u00e4glagen-Training auf dem Hockenheimring GP-Kurs<\/strong><\/h2>\n<p>Auf vielseitigen Kundenwunsch auch f\u00fcr 2026 wieder im Programm des Black Forest Speed Club: der enorm beliebte Hockenheimring-GP-Kurs.<\/p>\n<h3><strong>Termin<\/strong><\/h3>\n<p><strong>Montag, 20.7.2026<\/strong><\/p>\n<p><strong>Motorrad-Schr\u00e4glagen-Training: Exklusiver Zeitblock f\u00fcrs gef\u00fchrte Fahren in kleinen Gruppen mit Top-Instruktoren.<\/strong><\/p>\n<p><strong>Nicht eingeschlossen<\/strong><\/p>\n<p>\u00dcbernachtung im Hotel, Benzin, Versicherung, Fotos, sonstige Verpflegung<\/p>\n<h3><strong>Trainingsprofil \/ Besonderheit<\/strong><\/h3>\n<p>Eint\u00e4giges Motorrad-Schr\u00e4glagen-Training auf dem Hockenheimring (GP-Kurs)<\/p>\n<p>Das <strong>Motorrad-Schr\u00e4glagen-Training <\/strong>hat das Ziel die Faszination Rennstrecke f\u00fcr jeden Teilnehmer in einem intensiven Trainingstag erfahrbar zu machen. Gefahren wird in vier Bl\u00f6cken, drei davon f\u00fcrs freie Renntraining, die sich wiederum aufteilen in Aufsteiger, Fortgeschrittene und Pro\/K\u00f6nner. Im Motorrad-Schr\u00e4glagen-Training wird grunds\u00e4tzlich immer in kleinen Gruppen mit erfahrenen MotoControl-Instruktoren gefahren. Wir planen pro Tag bis zu 5 exklusive Zeitbl\u00f6cke f\u00fcr das Motorrad-Schr\u00e4glagen-Training mit je 20 Minuten Fahrzeit.<\/p>\n<h3><\/h3>\n<h3><strong>Fahrk\u00f6nnen<\/strong><\/h3>\n<p>Das <b>Motorrad-Schr\u00e4glagen-Training <\/b>eignet sich auch f\u00fcr Rennstrecken-Einsteiger mit ganz normalen Stra\u00dfenmotorr\u00e4der oder Gro\u00df-Enduros. Es sind <strong>keine<\/strong> Umbauten am Motorrad n\u00f6tig. Und auch keine Rennreifen. Ihr fahrt ohne Stress, Zweik\u00e4mpfe etc. in kleinen Gruppen von maximal 6 Motorr\u00e4dern mit den Jungs und M\u00e4dels von MotoControl und klaren \u00dcberholregeln. So k\u00f6nnt ihr euch ganz auf eure Linie konzentrieren.<\/p>\n<h2><strong>Unsere Leistungen\u00a0<\/strong><\/h2>\n<ul>\n<li>Streckensicherung<\/li>\n<li>MotoControl-Instruktoren<\/li>\n<li>Notarzt und Rettungssanit\u00e4ter<\/li>\n<li>Mineralwasser, Softdrinks, Kaffee, Obst, Snacks und die traditionelle Grillwurst<\/li>\n<\/ul>\n<h2><strong>Service<\/strong><\/h2>\n<ul>\n<li>Fotoservice von<strong> <a href=\"http:\/\/www.racepixx.de\">Racepixx | Marko Unger<\/a><\/strong><\/li>\n<li>Technischer Service (Fahrwerk, kleine Reparaturen, usw. <strong><a href=\"https:\/\/www.bridgestone.de\/motorrad-reifen\/\">Bridgestone-Reifendienst<\/a><\/strong>)<\/li>\n<\/ul>\n<h2><strong>\u00dcbernachtung<\/strong><\/h2>\n<p>N\u00e4chstgelegenes Hotel: Das Hotel Hockenheimring, direkt vor der Haupttrib\u00fcne und an der Autobahn Frankfurt-Basel gelegen. Bei offenem Fenster dementsprechend laut, geht das Hotel aber f\u00fcr eine Nacht ok, vor allem, weil man nur 5 Minuten ins Fahrerlager ben\u00f6tigt und das Fr\u00fchst\u00fcck wirklich sehr ok ist.<\/p>\n<p>Toiletten und Stromanschl\u00fcsse f\u00fcrs Wohnmobil etc. sind sind im Fahrerlager vorhanden.<\/p>\n<h3><strong>Ausr\u00fcstung<\/strong><\/h3>\n<p>Das Motorrad muss in technisch einwandfreiem Zustand sein. Vorgeschrieben sind ein Integralhelm (ECE-Norm), Motorradhandschuhe und -stiefel (keine Schn\u00fcrstiefel o.\u00e4.) plus Lederkombi (Ein- oder Zweiteiler) f\u00fcr das Motorrad-Training \/ Renntraining. <strong>F\u00fcr das gef\u00fchrte Motorrad-Schr\u00e4glagen-Training akzeptieren wir Motorrad-Textilbekleidung.<\/strong> Au\u00dferdem Pflicht: R\u00fcckenprotektor, der i.d.R. bereits in der Jacke eingearbeitet ist bzw. eine Airbag-Weste f\u00fcr optimalen Schutz.<\/p>\n<p>Bitte achtet auf gen\u00fcgend Reifenprofil (mindestens 3 mm), au\u00dferdem sollte der Reifen m\u00f6glichst nicht eckig gefahren sein, weil sich dadurch von allem das Einlenkverhalten negativ ver\u00e4ndert. Weiterhin wichtig: ausreichende Bremsbelagsst\u00e4rke. Das Vorbeifahrger\u00e4usch von 98 dB(A) darf nicht \u00fcberschritten werden, was mit Serienauspuffanlagen problemlos ist. Bei Racing-Anlagen empfehlen wir den Einsatz eines dB-Eaters, bitte packt den deshalb unbedingt ein. Es gilt die Hausordnung der Hockenheimring GmbH. \u00dcberschreitungen trotz dB-Eater etc. f\u00fchren leider zum Ausschluss von der Veranstaltung. In \u00fcber 20 Jahren Jahren als Veranstalter auf dem Hockenheimring mussten wir das aber noch nie in der Praxis durchsetzen.<\/p>\n<p>Aus <strong>Sicherheitsgr\u00fcnden<\/strong> empfehlen wir die Demontage der Spiegel bzw. das Abklappen oder komplette Verkleben der Spiegel und die Demontage des Kennzeichen bzw. das Abkleben der Kanten des Kennzeichens (Verletzungsgefahr)<\/p>\n<h2><strong>Besonderheiten<\/strong><\/h2>\n<p><strong>Tanken ist im Fahrerlager der Hockenheimring GmbH m\u00f6glich.<\/strong> Zahlung mit EC- oder Kreditkarte. Die Preise liegen \u00fcber Marktniveau. Bitte erscheint zu Euren Turns mit entsprechend betankten Motorr\u00e4dern, Ihr verpasst sonst wertvolle Fahrzeit bzw. blockiert selbige f\u00fcr andere Teilnehmer, wenn Ihr im laufenden Betrieb ohne Sprit auf der Strecke liegen bleibt. Ist auch schon Profis passiert. In der Regel werden 15 -18 Liter Benzin f\u00fcr die Dauer der Veranstaltung ausreichen.<\/p>\n<p>Die n\u00e4chste Tankstelle befindet in unmittelbarer N\u00e4he direkt im gro\u00dfen Fahrerlager gegen\u00fcber des Sanit\u00e4rhauses. Zahlung mit EC- oder Kreditkarte ist m\u00f6glich. Die Preise dort liegen auf Marktniveau.<\/p>\n<h2><strong>Begleitpersonen<\/strong><\/h2>\n<p>Begleitpersonen sind als Zuschauer herzlich willkommen, Teilnahme am Catering gerne gegen Unkostenbeitrag.<\/p>\n<p>Das Betreten der Rennstrecke und der \u00dcbungsfl\u00e4chen ist verboten.<\/p>\n<p>&nbsp;<\/p>\n<p>&nbsp;<\/p>\n","protected":false},"excerpt":{"rendered":"<p>Eint\u00e4giges Motorrad-Schr\u00e4glagen-Training auf dem Hockenheimring GP-Kurs | 20.7.2026 | gef\u00fchrtes Fahren in kleinen Gruppen mit Top-Instruktoren | exklusiver Zeitblock | maximal 6 Motorr\u00e4der pro Gruppe | perfekt f\u00fcr Einsteiger mit ganz normalen Stra\u00dfenmotorr\u00e4dern oder Gro\u00df-Enduros, aber auch f\u00fcr schnelle Sportfahrer | Rabatt f\u00fcr Jugendliche bis 24 Jahre: Rabattcode <strong><em>Youngster20<\/em><\/strong> spart 20 Euro.<\/p>\n","protected":false},"featured_media":18465,"template":"","meta":[],"product_brand":[],"product_cat":[677,15],"product_tag":[33,34,37,44,45,46,363,32],"class_list":{"0":"post-18453","1":"product","2":"type-product","3":"status-publish","4":"has-post-thumbnail","6":"product_cat-hockenheimring","7":"product_cat-motorrad-sicherheitstraining","8":"product_tag-motorradsicherheitstraining","9":"product_tag-motorradtraining","10":"product_tag-bridgestone-motorrad","11":"product_tag-hockenheimring-gp-kurs","12":"product_tag-motorradtraining-hockenheimring-gp-kurs","13":"product_tag-renntraining-hockenheim","14":"product_tag-schraeglagen-training","15":"product_tag-kurvenschule","17":"first","18":"instock","19":"sale","20":"sold-individually","21":"taxable","22":"shipping-taxable","23":"purchasable","24":"product-type-variable"},"yoast_head":"<!-- This site is optimized with the Yoast SEO Premium plugin v25.7.1 (Yoast SEO v27.5) - https:\/\/yoast.com\/product\/yoast-seo-premium-wordpress\/ -->\n<title>Motorrad-Schr\u00e4glagen-Training Hockenheimring GP-Kurs 20.7.2026 (Montag) - Black Forest Speed Club<\/title>\n<meta name=\"description\" content=\"Motorrad-Schr\u00e4glagen-Training auf dem GP-Kurs des Hockenheimrings | Fahren in Gruppen mit Top-Instruktoren | f\u00fcr normale Stra\u00dfenmotorr\u00e4der konzipiert | jetzt online buchen!\" \/>\n<meta name=\"robots\" content=\"index, follow, max-snippet:-1, max-image-preview:large, max-video-preview:-1\" \/>\n<link rel=\"canonical\" href=\"https:\/\/black-forest-speed-club.de\/hp2020\/produkt\/motorrad-schraeglagen-training-hockenheimring-gp-kurs-20-7-2026\/\" \/>\n<meta property=\"og:locale\" content=\"de_DE\" \/>\n<meta property=\"og:type\" content=\"article\" \/>\n<meta property=\"og:title\" content=\"Motorrad-Schr\u00e4glagen-Training Hockenheimring GP-Kurs 20.7.2026 (Montag)\" \/>\n<meta property=\"og:description\" content=\"Eint\u00e4giges Motorrad-Schr\u00e4glagen-Training auf dem Hockenheimring GP-Kurs | 20.7.2026 | gef\u00fchrtes Fahren in kleinen Gruppen mit Top-Instruktoren | exklusiver Zeitblock | maximal 6 Motorr\u00e4der pro Gruppe | perfekt f\u00fcr Einsteiger mit ganz normalen Stra\u00dfenmotorr\u00e4dern oder Gro\u00df-Enduros, aber auch f\u00fcr schnelle Sportfahrer | Rabatt f\u00fcr Jugendliche bis 24 Jahre: Rabattcode Youngster20 spart 20 Euro.\" \/>\n<meta property=\"og:url\" content=\"https:\/\/black-forest-speed-club.de\/hp2020\/produkt\/motorrad-schraeglagen-training-hockenheimring-gp-kurs-20-7-2026\/\" \/>\n<meta property=\"og:site_name\" content=\"Black Forest Speed Club\" \/>\n<meta property=\"article:publisher\" content=\"https:\/\/www.facebook.com\/Blackforestspeedclub\" \/>\n<meta property=\"article:modified_time\" content=\"2026-05-05T09:43:50+00:00\" \/>\n<meta property=\"og:image\" content=\"https:\/\/black-forest-speed-club.de\/hp2020\/wp-content\/uploads\/2025\/12\/top-20250529_02164.jpg\" \/>\n\t<meta property=\"og:image:width\" content=\"1920\" \/>\n\t<meta property=\"og:image:height\" content=\"1280\" \/>\n\t<meta property=\"og:image:type\" content=\"image\/jpeg\" \/>\n<meta name=\"twitter:card\" content=\"summary_large_image\" \/>\n<meta name=\"twitter:label1\" content=\"Availability\" \/>\n\t<meta name=\"twitter:data1\" content=\"In stock\" \/>\n<script type=\"application\/ld+json\" class=\"yoast-schema-graph\">{\"@context\":\"https:\\\/\\\/schema.org\",\"@graph\":[{\"@type\":\"WebPage\",\"@id\":\"https:\\\/\\\/black-forest-speed-club.de\\\/hp2020\\\/produkt\\\/motorrad-schraeglagen-training-hockenheimring-gp-kurs-20-7-2026\\\/\",\"url\":\"https:\\\/\\\/black-forest-speed-club.de\\\/hp2020\\\/produkt\\\/motorrad-schraeglagen-training-hockenheimring-gp-kurs-20-7-2026\\\/\",\"name\":\"Motorrad-Schr\u00e4glagen-Training Hockenheimring GP-Kurs 20.7.2026 (Montag) - Black Forest Speed Club\",\"isPartOf\":{\"@id\":\"\\\/#website\"},\"primaryImageOfPage\":{\"@id\":\"https:\\\/\\\/black-forest-speed-club.de\\\/hp2020\\\/produkt\\\/motorrad-schraeglagen-training-hockenheimring-gp-kurs-20-7-2026\\\/#primaryimage\"},\"image\":{\"@id\":\"https:\\\/\\\/black-forest-speed-club.de\\\/hp2020\\\/produkt\\\/motorrad-schraeglagen-training-hockenheimring-gp-kurs-20-7-2026\\\/#primaryimage\"},\"thumbnailUrl\":\"https:\\\/\\\/black-forest-speed-club.de\\\/hp2020\\\/wp-content\\\/uploads\\\/2025\\\/12\\\/top-20250529_02164.jpg\",\"datePublished\":\"2025-12-20T14:45:45+00:00\",\"dateModified\":\"2026-05-05T09:43:50+00:00\",\"description\":\"Motorrad-Schr\u00e4glagen-Training auf dem GP-Kurs des Hockenheimrings | Fahren in Gruppen mit Top-Instruktoren | f\u00fcr normale Stra\u00dfenmotorr\u00e4der konzipiert | jetzt online buchen!\",\"breadcrumb\":{\"@id\":\"https:\\\/\\\/black-forest-speed-club.de\\\/hp2020\\\/produkt\\\/motorrad-schraeglagen-training-hockenheimring-gp-kurs-20-7-2026\\\/#breadcrumb\"},\"inLanguage\":\"de\",\"potentialAction\":[{\"@type\":\"ReadAction\",\"target\":[\"https:\\\/\\\/black-forest-speed-club.de\\\/hp2020\\\/produkt\\\/motorrad-schraeglagen-training-hockenheimring-gp-kurs-20-7-2026\\\/\"]}]},{\"@type\":\"ImageObject\",\"inLanguage\":\"de\",\"@id\":\"https:\\\/\\\/black-forest-speed-club.de\\\/hp2020\\\/produkt\\\/motorrad-schraeglagen-training-hockenheimring-gp-kurs-20-7-2026\\\/#primaryimage\",\"url\":\"https:\\\/\\\/black-forest-speed-club.de\\\/hp2020\\\/wp-content\\\/uploads\\\/2025\\\/12\\\/top-20250529_02164.jpg\",\"contentUrl\":\"https:\\\/\\\/black-forest-speed-club.de\\\/hp2020\\\/wp-content\\\/uploads\\\/2025\\\/12\\\/top-20250529_02164.jpg\",\"width\":1920,\"height\":1280},{\"@type\":\"BreadcrumbList\",\"@id\":\"https:\\\/\\\/black-forest-speed-club.de\\\/hp2020\\\/produkt\\\/motorrad-schraeglagen-training-hockenheimring-gp-kurs-20-7-2026\\\/#breadcrumb\",\"itemListElement\":[{\"@type\":\"ListItem\",\"position\":1,\"name\":\"Startseite\",\"item\":\"https:\\\/\\\/black-forest-speed-club.de\\\/hp2020\\\/\"},{\"@type\":\"ListItem\",\"position\":2,\"name\":\"Shop\",\"item\":\"https:\\\/\\\/black-forest-speed-club.de\\\/hp2020\\\/shop\\\/\"},{\"@type\":\"ListItem\",\"position\":3,\"name\":\"Motorrad-Schr\u00e4glagen-Training Hockenheimring GP-Kurs 20.7.2026 (Montag)\"}]},{\"@type\":\"WebSite\",\"@id\":\"\\\/#website\",\"url\":\"\\\/\",\"name\":\"Black Forest Speed Club\",\"description\":\"Motorrad-Events von Matthias Schr\u00f6ter\",\"publisher\":{\"@id\":\"\\\/#organization\"},\"alternateName\":\"BFSC\",\"potentialAction\":[{\"@type\":\"SearchAction\",\"target\":{\"@type\":\"EntryPoint\",\"urlTemplate\":\"\\\/?s={search_term_string}\"},\"query-input\":{\"@type\":\"PropertyValueSpecification\",\"valueRequired\":true,\"valueName\":\"search_term_string\"}}],\"inLanguage\":\"de\"},{\"@type\":\"Organization\",\"@id\":\"\\\/#organization\",\"name\":\"Matthias Schr\u00f6ter GmbH\",\"alternateName\":\"Matthias Schr\u00f6ter GmbH\",\"url\":\"\\\/\",\"logo\":{\"@type\":\"ImageObject\",\"inLanguage\":\"de\",\"@id\":\"\\\/#\\\/schema\\\/logo\\\/image\\\/\",\"url\":\"https:\\\/\\\/black-forest-speed-club.de\\\/hp2020\\\/wp-content\\\/uploads\\\/2020\\\/02\\\/WhatsApp-Image-2019-07-01-at-18.37.24.jpeg\",\"contentUrl\":\"https:\\\/\\\/black-forest-speed-club.de\\\/hp2020\\\/wp-content\\\/uploads\\\/2020\\\/02\\\/WhatsApp-Image-2019-07-01-at-18.37.24.jpeg\",\"width\":1368,\"height\":912,\"caption\":\"Matthias Schr\u00f6ter GmbH\"},\"image\":{\"@id\":\"\\\/#\\\/schema\\\/logo\\\/image\\\/\"},\"sameAs\":[\"https:\\\/\\\/www.facebook.com\\\/Blackforestspeedclub\",\"https:\\\/\\\/www.facebook.com\\\/bridgestoneridingschool\",\"https:\\\/\\\/www.facebook.com\\\/Triumph.Street.Triple.Cup\"],\"email\":\"matthias@black-forest-speed-club.de\",\"telephone\":\"017676986672\",\"legalName\":\"Matthias Schr\u00f6ter GmbH\",\"foundingDate\":\"2019-03-29\",\"vatID\":\"DE815821352\",\"taxID\":\"42418712007\",\"numberOfEmployees\":{\"@type\":\"QuantitativeValue\",\"minValue\":\"1\",\"maxValue\":\"10\"}}]}<\/script>\n<meta property=\"og:availability\" content=\"instock\" \/>\n<meta property=\"product:availability\" content=\"instock\" \/>\n<meta property=\"product:retailer_item_id\" content=\"1-2020-2-1-4-2-1-2-2-2-2\" \/>\n<meta property=\"product:condition\" content=\"new\" \/>\n<!-- \/ Yoast SEO Premium plugin. -->","yoast_head_json":{"title":"Motorrad-Schr\u00e4glagen-Training Hockenheimring GP-Kurs 20.7.2026 (Montag) - Black Forest Speed Club","description":"Motorrad-Schr\u00e4glagen-Training auf dem GP-Kurs des Hockenheimrings | Fahren in Gruppen mit Top-Instruktoren | f\u00fcr normale Stra\u00dfenmotorr\u00e4der konzipiert | jetzt online buchen!","robots":{"index":"index","follow":"follow","max-snippet":"max-snippet:-1","max-image-preview":"max-image-preview:large","max-video-preview":"max-video-preview:-1"},"canonical":"https:\/\/black-forest-speed-club.de\/hp2020\/produkt\/motorrad-schraeglagen-training-hockenheimring-gp-kurs-20-7-2026\/","og_locale":"de_DE","og_type":"article","og_title":"Motorrad-Schr\u00e4glagen-Training Hockenheimring GP-Kurs 20.7.2026 (Montag)","og_description":"Eint\u00e4giges Motorrad-Schr\u00e4glagen-Training auf dem Hockenheimring GP-Kurs | 20.7.2026 | gef\u00fchrtes Fahren in kleinen Gruppen mit Top-Instruktoren | exklusiver Zeitblock | maximal 6 Motorr\u00e4der pro Gruppe | perfekt f\u00fcr Einsteiger mit ganz normalen Stra\u00dfenmotorr\u00e4dern oder Gro\u00df-Enduros, aber auch f\u00fcr schnelle Sportfahrer | Rabatt f\u00fcr Jugendliche bis 24 Jahre: Rabattcode Youngster20 spart 20 Euro.","og_url":"https:\/\/black-forest-speed-club.de\/hp2020\/produkt\/motorrad-schraeglagen-training-hockenheimring-gp-kurs-20-7-2026\/","og_site_name":"Black Forest Speed Club","article_publisher":"https:\/\/www.facebook.com\/Blackforestspeedclub","article_modified_time":"2026-05-05T09:43:50+00:00","og_image":[{"width":1920,"height":1280,"url":"https:\/\/black-forest-speed-club.de\/hp2020\/wp-content\/uploads\/2025\/12\/top-20250529_02164.jpg","type":"image\/jpeg"}],"twitter_card":"summary_large_image","twitter_misc":{"Availability":"In stock"},"schema":{"@context":"https:\/\/schema.org","@graph":[{"@type":"WebPage","@id":"https:\/\/black-forest-speed-club.de\/hp2020\/produkt\/motorrad-schraeglagen-training-hockenheimring-gp-kurs-20-7-2026\/","url":"https:\/\/black-forest-speed-club.de\/hp2020\/produkt\/motorrad-schraeglagen-training-hockenheimring-gp-kurs-20-7-2026\/","name":"Motorrad-Schr\u00e4glagen-Training Hockenheimring GP-Kurs 20.7.2026 (Montag) - Black Forest Speed Club","isPartOf":{"@id":"\/#website"},"primaryImageOfPage":{"@id":"https:\/\/black-forest-speed-club.de\/hp2020\/produkt\/motorrad-schraeglagen-training-hockenheimring-gp-kurs-20-7-2026\/#primaryimage"},"image":{"@id":"https:\/\/black-forest-speed-club.de\/hp2020\/produkt\/motorrad-schraeglagen-training-hockenheimring-gp-kurs-20-7-2026\/#primaryimage"},"thumbnailUrl":"https:\/\/black-forest-speed-club.de\/hp2020\/wp-content\/uploads\/2025\/12\/top-20250529_02164.jpg","datePublished":"2025-12-20T14:45:45+00:00","dateModified":"2026-05-05T09:43:50+00:00","description":"Motorrad-Schr\u00e4glagen-Training auf dem GP-Kurs des Hockenheimrings | Fahren in Gruppen mit Top-Instruktoren | f\u00fcr normale Stra\u00dfenmotorr\u00e4der konzipiert | jetzt online buchen!","breadcrumb":{"@id":"https:\/\/black-forest-speed-club.de\/hp2020\/produkt\/motorrad-schraeglagen-training-hockenheimring-gp-kurs-20-7-2026\/#breadcrumb"},"inLanguage":"de","potentialAction":[{"@type":"ReadAction","target":["https:\/\/black-forest-speed-club.de\/hp2020\/produkt\/motorrad-schraeglagen-training-hockenheimring-gp-kurs-20-7-2026\/"]}]},{"@type":"ImageObject","inLanguage":"de","@id":"https:\/\/black-forest-speed-club.de\/hp2020\/produkt\/motorrad-schraeglagen-training-hockenheimring-gp-kurs-20-7-2026\/#primaryimage","url":"https:\/\/black-forest-speed-club.de\/hp2020\/wp-content\/uploads\/2025\/12\/top-20250529_02164.jpg","contentUrl":"https:\/\/black-forest-speed-club.de\/hp2020\/wp-content\/uploads\/2025\/12\/top-20250529_02164.jpg","width":1920,"height":1280},{"@type":"BreadcrumbList","@id":"https:\/\/black-forest-speed-club.de\/hp2020\/produkt\/motorrad-schraeglagen-training-hockenheimring-gp-kurs-20-7-2026\/#breadcrumb","itemListElement":[{"@type":"ListItem","position":1,"name":"Startseite","item":"https:\/\/black-forest-speed-club.de\/hp2020\/"},{"@type":"ListItem","position":2,"name":"Shop","item":"https:\/\/black-forest-speed-club.de\/hp2020\/shop\/"},{"@type":"ListItem","position":3,"name":"Motorrad-Schr\u00e4glagen-Training Hockenheimring GP-Kurs 20.7.2026 (Montag)"}]},{"@type":"WebSite","@id":"\/#website","url":"\/","name":"Black Forest Speed Club","description":"Motorrad-Events von Matthias Schr\u00f6ter","publisher":{"@id":"\/#organization"},"alternateName":"BFSC","potentialAction":[{"@type":"SearchAction","target":{"@type":"EntryPoint","urlTemplate":"\/?s={search_term_string}"},"query-input":{"@type":"PropertyValueSpecification","valueRequired":true,"valueName":"search_term_string"}}],"inLanguage":"de"},{"@type":"Organization","@id":"\/#organization","name":"Matthias Schr\u00f6ter GmbH","alternateName":"Matthias Schr\u00f6ter GmbH","url":"\/","logo":{"@type":"ImageObject","inLanguage":"de","@id":"\/#\/schema\/logo\/image\/","url":"https:\/\/black-forest-speed-club.de\/hp2020\/wp-content\/uploads\/2020\/02\/WhatsApp-Image-2019-07-01-at-18.37.24.jpeg","contentUrl":"https:\/\/black-forest-speed-club.de\/hp2020\/wp-content\/uploads\/2020\/02\/WhatsApp-Image-2019-07-01-at-18.37.24.jpeg","width":1368,"height":912,"caption":"Matthias Schr\u00f6ter GmbH"},"image":{"@id":"\/#\/schema\/logo\/image\/"},"sameAs":["https:\/\/www.facebook.com\/Blackforestspeedclub","https:\/\/www.facebook.com\/bridgestoneridingschool","https:\/\/www.facebook.com\/Triumph.Street.Triple.Cup"],"email":"matthias@black-forest-speed-club.de","telephone":"017676986672","legalName":"Matthias Schr\u00f6ter GmbH","foundingDate":"2019-03-29","vatID":"DE815821352","taxID":"42418712007","numberOfEmployees":{"@type":"QuantitativeValue","minValue":"1","maxValue":"10"}}]},"og_availability":"instock","product_availability":"instock","product_retailer_item_id":"1-2020-2-1-4-2-1-2-2-2-2","product_condition":"new"},"_links":{"self":[{"href":"https:\/\/black-forest-speed-club.de\/hp2020\/wp-json\/wp\/v2\/product\/18453","targetHints":{"allow":["GET"]}}],"collection":[{"href":"https:\/\/black-forest-speed-club.de\/hp2020\/wp-json\/wp\/v2\/product"}],"about":[{"href":"https:\/\/black-forest-speed-club.de\/hp2020\/wp-json\/wp\/v2\/types\/product"}],"wp:featuredmedia":[{"embeddable":true,"href":"https:\/\/black-forest-speed-club.de\/hp2020\/wp-json\/wp\/v2\/media\/18465"}],"wp:attachment":[{"href":"https:\/\/black-forest-speed-club.de\/hp2020\/wp-json\/wp\/v2\/media?parent=18453"}],"wp:term":[{"taxonomy":"product_brand","embeddable":true,"href":"https:\/\/black-forest-speed-club.de\/hp2020\/wp-json\/wp\/v2\/product_brand?post=18453"},{"taxonomy":"product_cat","embeddable":true,"href":"https:\/\/black-forest-speed-club.de\/hp2020\/wp-json\/wp\/v2\/product_cat?post=18453"},{"taxonomy":"product_tag","embeddable":true,"href":"https:\/\/black-forest-speed-club.de\/hp2020\/wp-json\/wp\/v2\/product_tag?post=18453"}],"curies":[{"name":"wp","href":"https:\/\/api.w.org\/{rel}","templated":true}]}}