{"id":18239,"date":"2025-11-13T19:43:59","date_gmt":"2025-11-13T18:43:59","guid":{"rendered":"https:\/\/black-forest-speed-club.de\/hp2020\/?post_type=product&#038;p=18239"},"modified":"2026-04-21T11:38:51","modified_gmt":"2026-04-21T09:38:51","slug":"motorrad-renntraining-bilster-berg-30-31-7-2026","status":"publish","type":"product","link":"https:\/\/black-forest-speed-club.de\/hp2020\/produkt\/motorrad-renntraining-bilster-berg-30-31-7-2026\/","title":{"rendered":"Motorrad-Renntraining &#8211; Bilster Berg 30.-31.7.2026 (Donnerstag &#8211; Freitag)"},"content":{"rendered":"<h1><strong>Motorrad-Renntraining im Bilster Berg Drive Resort: 30.-31.7.2026<\/strong><\/h1>\n<p><span style=\"font-size: 16px;\">Wir bieten Euch mit diesem Motorrad-Renntraining eine der seltenen M\u00f6glichkeiten eine einmalige und herausfordernde Strecke zu fahren, die ziemlich genau den Gegenentwurf einer modernen Formel-1-Rennstrecke darstellt: willkommen im Bilster Berg Drive Resort.\u00a0<\/span><\/p>\n<h2><strong>Termin<\/strong><\/h2>\n<p><strong>30.-31.7.2026<\/strong><\/p>\n<p><strong>Nicht eingeschlossen:<\/strong><\/p>\n<p>Catering, Box, \u00dcbernachtung im Hotel, Benzin, Versicherung, Fotos<\/p>\n<h2><strong>Trainingsprofil\u00a0<\/strong><\/h2>\n<h3>Zweit\u00e4giges Motorrad-Renntraining im Bilster Berg Drive Ressort<\/h3>\n<p>Der Black Forest Speed Club hat das Ziel die Faszination Rennstrecke f\u00fcr jeden Teilnehmer vom Einsteiger bis hin zum K\u00f6nner in intensiven Trainingstagen erfahrbar zu machen. Gefahren wird auf dem Bilster Berg in bis zu f\u00fcnf Bl\u00f6cken, einer davon permanent gef\u00fchrt und auch f\u00fcr normale, stra\u00dfenzugelassene Motorrad geeignet. In der <strong>Einsteiger-Gruppe C<\/strong> fahren wir morgens jeweils den ersten Turn gef\u00fchrt. Danach k\u00f6nnt Ihr bei Bedarf auf Instruktoren zugehen und f\u00fcr einen kleinen Unkostenbeitrag buchen. Die <strong>Gruppen A bis B<\/strong> sind ausgelegt f\u00fcr komplett freies Fahren. In der Gruppe C k\u00f6nnt Ihr wahlweise frei oder aber vormittags gef\u00fchrt fahren. Bitte w\u00e4hlt eure Gruppe sorgf\u00e4ltig. <strong>A = schnell, bedeutet genau das<\/strong>. Eine Gruppe f\u00fcr Bilster Berg-Spezialisten, die 2.00 min und schneller unterwegs sind. Und das sicher. Anders gesprochen: Oschersleben und eine 1.40er-Rundenzeit qualifizieren f\u00fcr Gruppe B. Wir behalten uns Umgruppierungen, aber auch das Ablehnen von Nennungen vor.<\/p>\n<p>Wir setzen au\u00dferdem konsequent auf ein striktes Ger\u00e4usch-Managment, um den beh\u00f6rdlichen Auflagen f\u00fcr den Fahrbetrieb auf dem Bilster Berg zu entsprechen. Deshalb unterschreiten wir die Anzahl der maximal zul\u00e4ssigen Motorradfahrer (\u00fcber 50 Motorr\u00e4der je Zeitblock w\u00e4ren m\u00f6glich) deutlich. Wir reduzieren die Zahlen im Renntraining f\u00fcr 2026 deutlich.<\/p>\n<h2><strong>Fahrk\u00f6nnen<\/strong><\/h2>\n<p>Der Bilster Berg gilt als eine der anspruchsvollsten Rennstrecken der Welt. Dennoch wollen wir diese Strecke auch kompletten Renntrainings-Neueinsteiger oder Fahrer von stra\u00dfenzugelassenen Motorr\u00e4dern er\u00f6ffnen. Bitte bucht das <strong>Motorrad-Schr\u00e4glagen-Training, das komplett von erfahrenen MotoControl-Instruktoren begleitet wird <\/strong>oder aber die Einsteiger-Gruppe, f\u00fcr all diejenigen, die schon erste, ernsthafte Rennstrecken-Erfahrung haben. Hier k\u00f6nnt Ihr je nach Gusto frei fahren oder aber gegen kleinen Unkostenbeitrag mit einem erfahrenen Instruktor von MotoControl.<\/p>\n<h3><strong>\u00a0<\/strong><strong>Unsere Leistungen<\/strong><\/h3>\n<ul>\n<li>Streckensicherung<\/li>\n<li>Notarzt und Rettungssanit\u00e4ter<\/li>\n<\/ul>\n<p><strong>Service<\/strong><\/p>\n<ul>\n<li>Catering: Kaffee, Tee, Wasser, Softdrinks, Obst, Snack, belegte Brote, Feierabendbier und Grillwurst (Unkostenbeitrag: 20 Euro pro Tag)<\/li>\n<li>Feierabendbier &amp; Grillwurst am 30.7.2026<\/li>\n<li>Fotoservice mit <a href=\"https:\/\/racepixx.de\" target=\"_blank\" rel=\"noopener\">Racepixx.de<\/a> | Marko Unger<\/li>\n<li>Technischer Service (Fahrwerk, kleine Reparaturen, usw. Reifendienst)<\/li>\n<li>Sammelboxen k\u00f6nnt Ihr gegen Aufpreis buchen (40 Euro pro Tag)<\/li>\n<li>warmes Mittagessen im Bilster Berg Restaurant (gegen Aufpreis, Zahlung bar vor Ort)<br \/>\n<h3><strong>\u00dcbernachtung<\/strong><\/h3>\n<p>N\u00e4chstgelegenes Hotel: der <a href=\"http:\/\/www.germanenhof.de\">Germanenhof<\/a> ein wirklich empfehlenswertes, familiengef\u00fchrtes Hotel mit toller K\u00fcche. Bitte beachtet, dass gute Hotels rar und immer mindestens 10 bis 15 Fahrminuten von der Strecke entfernt sind. \u00dcbernachten im Fahrerlager ist bei unserer Veranstaltung erlaubt bis zum Ende der Veranstaltung am 31.7.26 abends um 19.00 Uhr.<\/li>\n<\/ul>\n<h2><strong>Ausr\u00fcstung<\/strong><\/h2>\n<p>Das Motorrad muss in technisch einwandfreiem Zustand sein. Vorgeschrieben sind ein Integralhelm (ECE-Norm), Motorradhandschuhe und -stiefel (keine Schn\u00fcrstiefel o.\u00e4.) plus Lederkombi (Ein- oder Zweiteiler).\u00a0Au\u00dferdem Pflicht: R\u00fcckenprotektor bzw. eine Airbag-Weste f\u00fcr optimalen Schutz.<\/p>\n<p>Bitte achtet auf gen\u00fcgend Reifenprofil bzw. gut sichtbare Verschlei\u00dfmarken (Slick), au\u00dferdem sollte der Reifen m\u00f6glichst nicht eckig gefahren sein, weil sich dadurch von allem das Einlenkverhalten negativ ver\u00e4ndert. Weiterhin wichtig: ausreichende Bremsbelagst\u00e4rke.<\/p>\n<h2><strong>Striktes Ger\u00e4usch-Management!<\/strong><\/h2>\n<p>Das Vorbeifahrger\u00e4usch von 98 dB(A) darf nicht \u00fcberschritten werden, was sich <strong>nur mit<\/strong> montierten dB-Eater realisieren l\u00e4sst. Die im Web kursierenden extrem hohen Wert basieren auf einem anderen Messverfahren. In der Praxis l\u00e4uft es am Bilster Berg vergleichbar zum Sachsenring. Beide Strecken verf\u00fcgen \u00fcber sogenannte Ger\u00e4uschkontingente. Sind die verbraucht, muss das Training ggf. vorzeitig beendet werden aufgrund der beh\u00f6rdlichen Auflagen. Soweit die Voraussetzungen.<\/p>\n<p>Deshalb unterschreiten wir die Anzahl der maximal auf der Strecke zul\u00e4ssigen Teilnehmer im freien Renntraining deutlich und behalten uns ein Ablehnen einzelner Motorr\u00e4der bzw. Motorr\u00e4dern mit Auspuffanlagen einschl\u00e4giger Hersteller, wozu z.B. Akrapovic als Premium-Hersteller ausdr\u00fccklich <u>nicht <\/u>geh\u00f6rt. Deren Systeme sind deshalb ausdr\u00fccklich lieber gesehen, als Original-Auspuffanlagen (BMW S 1000 RR mag hier als Beispiel gelten).<\/p>\n<p><strong>Bitte gebt bei Nennung exakt Euer Modell mit Modelljahr und ggf. Modellbezeichnung an, damit wir einen \u00dcberblick haben. Gebt uns bitte zudem eine Rundenzeit mit Namen der Strecke an, so Ihr schon mal auf einer Rennstrecke gefahren seid, damit wir uns ein Bild machen k\u00f6nnen f\u00fcr die Gruppeneinteilung.<\/strong><\/p>\n<p><strong>Au\u00dferdem werden wir zu laute Serien- oder Zubeh\u00f6r-Slip-on-Endschalld\u00e4mpfer nicht akzeptieren. Ganz besonders m\u00f6gen wir Billig-Kram aus China.\u00a0<\/strong><\/p>\n<p>Zusammenfassend nochmals gerne der Hinweis: Aufgrund der jahrelangen Erfahrung mit Trainingsveranstaltungen auf dem Bilster Berg sch\u00f6pfen wir die <strong>theoretisch m\u00f6glichen Teilnehmerzahlen pro Turn bewusst nicht aus, um das Ger\u00e4uschkontingent zu schonen. Dies gilt vor allem f\u00fcr die schnellste Gruppe A. <\/strong>Dies schl\u00e4gt sich dann nat\u00fcrlich unterm Strich im Teilnahmepreis aus. Unser erstes Ziel ist es aber Euch eine sichere und problemlose Veranstaltung auf einer einmaligen Strecke zu erm\u00f6glichen. Wir setzen deshalb auch eine selbstkritische Einsch\u00e4tzung eures Fahrk\u00f6nnens. Bitte w\u00e4hlt Gruppe B und vor allem A nur dann, wenn ihr \u00fcber ausreichend Bilster Berg-Erfahrung verf\u00fcgt und auch konstant-schnelle Rundenzeiten fahren k\u00f6nnt. <strong>Wir behalten uns eine Umgruppierung vor.<\/strong><\/p>\n<p>Es gilt die Hausordnung des Driving Ressort Bilster Berg. \u00dcberschreitungen f\u00fchren zum Abbruch des jeweiligen Turn, Verursacher m\u00fcssen wir leider von der Veranstaltung ausschlie\u00dfen.<\/p>\n<h2><strong>Besonderheiten<\/strong><\/h2>\n<p><strong>Tanken ist im Fahrerlager m\u00f6glich, die Preise liegen deutlich \u00fcber Marktniveau.<\/strong> Bitte erscheint zu Euren Turns mit entsprechend betankten Motorr\u00e4dern, Ihr verpasst sonst wertvolle Fahrzeit bzw. blockiert selbige f\u00fcr andere Teilnehmer, wenn Ihr im laufenden Betrieb ohne Sprit auf der Strecke liegen bleibt. Ist auch schon Profis passiert. Die n\u00e4chste Tankstelle befindet sich direkt im unteren Fahrerlager. Zahlung mit EC- oder Kreditkarte ist m\u00f6glich.<\/p>\n<h3><strong>Begleitpersonen<\/strong><\/h3>\n<p>Begleitpersonen sind als Zuschauer herzlich willkommen. Teilnahme am Catering ist gegen Unkostenbeitrag m\u00f6glich.<\/p>\n","protected":false},"excerpt":{"rendered":"<p class=\"ai-optimize-21\">Zweit\u00e4giges Motorrad-Training im Bilster Berg Drive Resort, einer der anspruchvollsten Strecken Europas | 3 Gruppen freies Renntraining | geplant: 6&#215;20 Minuten pro Tag und Gruppe | Coaching gegen Aufpreis m\u00f6glich! | Tages-Catering buchbar f\u00fcr Teilnehmer &amp; Begleitpersonen<\/p>\n<p class=\"ai-optimize-23\">Fotos: Marko Unger \/ <a href=\"https:\/\/racepixx.de\/\">racepixx.de<\/a><\/p>\n","protected":false},"featured_media":8588,"template":"","meta":[],"product_brand":[],"product_cat":[38,767],"product_tag":[34,37,41,42,43,183,507],"class_list":{"0":"post-18239","1":"product","2":"type-product","3":"status-publish","4":"has-post-thumbnail","6":"product_cat-motorrad-renntraining","7":"product_cat-bilster-berg-drive-ressort","8":"product_tag-motorradtraining","9":"product_tag-bridgestone-motorrad","10":"product_tag-bilster-berg-motorrad","11":"product_tag-motorradtraining-bilster-berg","12":"product_tag-renntraining-bilster-berg","13":"product_tag-motocontrol","14":"product_tag-perfektionstraining-bilster-berg","16":"first","17":"instock","18":"sold-individually","19":"taxable","20":"shipping-taxable","21":"purchasable","22":"product-type-variable"},"yoast_head":"<!-- This site is optimized with the Yoast SEO Premium plugin v25.7.1 (Yoast SEO v27.5) - https:\/\/yoast.com\/product\/yoast-seo-premium-wordpress\/ -->\n<title>Motorrad-Renntraining - Bilster Berg 30.-31.7.2026 (Donnerstag - Freitag) - Black Forest Speed Club<\/title>\n<meta name=\"description\" content=\"Zweit\u00e4giges Motorrad-Renntraining im Bilster Berg Drive Resort - 6x20 Minuten Fahrzeit pro Tag- Motorrad-Training in vier Leistungsgruppen - ab 549 Euro - Jetzt buchen!\" \/>\n<meta name=\"robots\" content=\"index, follow, max-snippet:-1, max-image-preview:large, max-video-preview:-1\" \/>\n<link rel=\"canonical\" href=\"https:\/\/black-forest-speed-club.de\/hp2020\/produkt\/motorrad-renntraining-bilster-berg-30-31-7-2026\/\" \/>\n<meta property=\"og:locale\" content=\"de_DE\" \/>\n<meta property=\"og:type\" content=\"article\" \/>\n<meta property=\"og:title\" content=\"Motorrad-Renntraining - Bilster Berg 30.-31.7.2026 (Donnerstag - Freitag) Motorrad-Renntraining Bilster Berg\" \/>\n<meta property=\"og:description\" content=\"Zweit\u00e4giges Motorrad-Training im Bilster Berg Drive Resort, einer der anspruchvollsten Strecken Europas | 3 Gruppen freies Renntraining | geplant: 6x20 Minuten pro Tag und Gruppe | Coaching gegen Aufpreis m\u00f6glich! | Tages-Catering buchbar f\u00fcr Teilnehmer &amp; Begleitpersonen Fotos: Marko Unger \/ racepixx.de Stark reduzierte Teilnehmerzahlen = mehr Sicherheit und mehr Fahrspa\u00df!\" \/>\n<meta property=\"og:url\" content=\"https:\/\/black-forest-speed-club.de\/hp2020\/produkt\/motorrad-renntraining-bilster-berg-30-31-7-2026\/\" \/>\n<meta property=\"og:site_name\" content=\"Black Forest Speed Club\" \/>\n<meta property=\"article:publisher\" content=\"https:\/\/www.facebook.com\/Blackforestspeedclub\" \/>\n<meta property=\"article:modified_time\" content=\"2026-04-21T09:38:51+00:00\" \/>\n<meta property=\"og:image\" content=\"https:\/\/black-forest-speed-club.de\/hp2020\/wp-content\/uploads\/2021\/08\/0700-210809BB-006_700-scaled.jpg\" \/>\n\t<meta property=\"og:image:width\" content=\"2560\" \/>\n\t<meta property=\"og:image:height\" content=\"1707\" \/>\n\t<meta property=\"og:image:type\" content=\"image\/jpeg\" \/>\n<meta name=\"twitter:card\" content=\"summary_large_image\" \/>\n<meta name=\"twitter:title\" content=\"Motorrad-Renntraining - Bilster Berg 30.-31.7.2026 (Donnerstag - Freitag)\" \/>\n<meta name=\"twitter:description\" content=\"Zweit\u00e4giges Motorrad-Training im Bilster Berg Drive Resort, einer der anspruchvollsten Strecken Europas | 3 Gruppen freies Renntraining | geplant: 6x20 Minuten pro Tag und Gruppe | Coaching gegen Aufpreis m\u00f6glich! | Tages-Catering buchbar f\u00fcr Teilnehmer &amp; Begleitpersonen Fotos: Marko Unger \/ racepixx.de\" \/>\n<meta name=\"twitter:label1\" content=\"Availability\" \/>\n\t<meta name=\"twitter:data1\" content=\"In stock\" \/>\n<script type=\"application\/ld+json\" class=\"yoast-schema-graph\">{\"@context\":\"https:\\\/\\\/schema.org\",\"@graph\":[{\"@type\":\"WebPage\",\"@id\":\"https:\\\/\\\/black-forest-speed-club.de\\\/hp2020\\\/produkt\\\/motorrad-renntraining-bilster-berg-30-31-7-2026\\\/\",\"url\":\"https:\\\/\\\/black-forest-speed-club.de\\\/hp2020\\\/produkt\\\/motorrad-renntraining-bilster-berg-30-31-7-2026\\\/\",\"name\":\"Motorrad-Renntraining - Bilster Berg 30.-31.7.2026 (Donnerstag - Freitag) - Black Forest Speed Club\",\"isPartOf\":{\"@id\":\"\\\/#website\"},\"primaryImageOfPage\":{\"@id\":\"https:\\\/\\\/black-forest-speed-club.de\\\/hp2020\\\/produkt\\\/motorrad-renntraining-bilster-berg-30-31-7-2026\\\/#primaryimage\"},\"image\":{\"@id\":\"https:\\\/\\\/black-forest-speed-club.de\\\/hp2020\\\/produkt\\\/motorrad-renntraining-bilster-berg-30-31-7-2026\\\/#primaryimage\"},\"thumbnailUrl\":\"https:\\\/\\\/black-forest-speed-club.de\\\/hp2020\\\/wp-content\\\/uploads\\\/2021\\\/08\\\/0700-210809BB-006_700-scaled.jpg\",\"datePublished\":\"2025-11-13T18:43:59+00:00\",\"dateModified\":\"2026-04-21T09:38:51+00:00\",\"description\":\"Zweit\u00e4giges Motorrad-Renntraining im Bilster Berg Drive Resort - 6x20 Minuten Fahrzeit pro Tag- Motorrad-Training in vier Leistungsgruppen - ab 549 Euro - Jetzt buchen!\",\"breadcrumb\":{\"@id\":\"https:\\\/\\\/black-forest-speed-club.de\\\/hp2020\\\/produkt\\\/motorrad-renntraining-bilster-berg-30-31-7-2026\\\/#breadcrumb\"},\"inLanguage\":\"de\",\"potentialAction\":[{\"@type\":\"ReadAction\",\"target\":[\"https:\\\/\\\/black-forest-speed-club.de\\\/hp2020\\\/produkt\\\/motorrad-renntraining-bilster-berg-30-31-7-2026\\\/\"]}]},{\"@type\":\"ImageObject\",\"inLanguage\":\"de\",\"@id\":\"https:\\\/\\\/black-forest-speed-club.de\\\/hp2020\\\/produkt\\\/motorrad-renntraining-bilster-berg-30-31-7-2026\\\/#primaryimage\",\"url\":\"https:\\\/\\\/black-forest-speed-club.de\\\/hp2020\\\/wp-content\\\/uploads\\\/2021\\\/08\\\/0700-210809BB-006_700-scaled.jpg\",\"contentUrl\":\"https:\\\/\\\/black-forest-speed-club.de\\\/hp2020\\\/wp-content\\\/uploads\\\/2021\\\/08\\\/0700-210809BB-006_700-scaled.jpg\",\"width\":2560,\"height\":1707,\"caption\":\"Motorrad-Renntraining Bilster Berg by Black Forest Speed Club\"},{\"@type\":\"BreadcrumbList\",\"@id\":\"https:\\\/\\\/black-forest-speed-club.de\\\/hp2020\\\/produkt\\\/motorrad-renntraining-bilster-berg-30-31-7-2026\\\/#breadcrumb\",\"itemListElement\":[{\"@type\":\"ListItem\",\"position\":1,\"name\":\"Startseite\",\"item\":\"https:\\\/\\\/black-forest-speed-club.de\\\/hp2020\\\/\"},{\"@type\":\"ListItem\",\"position\":2,\"name\":\"Shop\",\"item\":\"https:\\\/\\\/black-forest-speed-club.de\\\/hp2020\\\/shop\\\/\"},{\"@type\":\"ListItem\",\"position\":3,\"name\":\"Motorrad-Renntraining &#8211; Bilster Berg 30.-31.7.2026 (Donnerstag &#8211; Freitag)\"}]},{\"@type\":\"WebSite\",\"@id\":\"\\\/#website\",\"url\":\"\\\/\",\"name\":\"Black Forest Speed Club\",\"description\":\"Motorrad-Events von Matthias Schr\u00f6ter\",\"publisher\":{\"@id\":\"\\\/#organization\"},\"alternateName\":\"BFSC\",\"potentialAction\":[{\"@type\":\"SearchAction\",\"target\":{\"@type\":\"EntryPoint\",\"urlTemplate\":\"\\\/?s={search_term_string}\"},\"query-input\":{\"@type\":\"PropertyValueSpecification\",\"valueRequired\":true,\"valueName\":\"search_term_string\"}}],\"inLanguage\":\"de\"},{\"@type\":\"Organization\",\"@id\":\"\\\/#organization\",\"name\":\"Matthias Schr\u00f6ter GmbH\",\"alternateName\":\"Matthias Schr\u00f6ter GmbH\",\"url\":\"\\\/\",\"logo\":{\"@type\":\"ImageObject\",\"inLanguage\":\"de\",\"@id\":\"\\\/#\\\/schema\\\/logo\\\/image\\\/\",\"url\":\"https:\\\/\\\/black-forest-speed-club.de\\\/hp2020\\\/wp-content\\\/uploads\\\/2020\\\/02\\\/WhatsApp-Image-2019-07-01-at-18.37.24.jpeg\",\"contentUrl\":\"https:\\\/\\\/black-forest-speed-club.de\\\/hp2020\\\/wp-content\\\/uploads\\\/2020\\\/02\\\/WhatsApp-Image-2019-07-01-at-18.37.24.jpeg\",\"width\":1368,\"height\":912,\"caption\":\"Matthias Schr\u00f6ter GmbH\"},\"image\":{\"@id\":\"\\\/#\\\/schema\\\/logo\\\/image\\\/\"},\"sameAs\":[\"https:\\\/\\\/www.facebook.com\\\/Blackforestspeedclub\",\"https:\\\/\\\/www.facebook.com\\\/bridgestoneridingschool\",\"https:\\\/\\\/www.facebook.com\\\/Triumph.Street.Triple.Cup\"],\"email\":\"matthias@black-forest-speed-club.de\",\"telephone\":\"017676986672\",\"legalName\":\"Matthias Schr\u00f6ter GmbH\",\"foundingDate\":\"2019-03-29\",\"vatID\":\"DE815821352\",\"taxID\":\"42418712007\",\"numberOfEmployees\":{\"@type\":\"QuantitativeValue\",\"minValue\":\"1\",\"maxValue\":\"10\"}}]}<\/script>\n<meta property=\"og:availability\" content=\"instock\" \/>\n<meta property=\"product:availability\" content=\"instock\" \/>\n<meta property=\"product:retailer_item_id\" content=\"1-2020-2-1-1-4-1-2-1-1-2-2-1-1-1-4\" \/>\n<meta property=\"product:condition\" content=\"new\" \/>\n<!-- \/ Yoast SEO Premium plugin. -->","yoast_head_json":{"title":"Motorrad-Renntraining - Bilster Berg 30.-31.7.2026 (Donnerstag - Freitag) - Black Forest Speed Club","description":"Zweit\u00e4giges Motorrad-Renntraining im Bilster Berg Drive Resort - 6x20 Minuten Fahrzeit pro Tag- Motorrad-Training in vier Leistungsgruppen - ab 549 Euro - Jetzt buchen!","robots":{"index":"index","follow":"follow","max-snippet":"max-snippet:-1","max-image-preview":"max-image-preview:large","max-video-preview":"max-video-preview:-1"},"canonical":"https:\/\/black-forest-speed-club.de\/hp2020\/produkt\/motorrad-renntraining-bilster-berg-30-31-7-2026\/","og_locale":"de_DE","og_type":"article","og_title":"Motorrad-Renntraining - Bilster Berg 30.-31.7.2026 (Donnerstag - Freitag) Motorrad-Renntraining Bilster Berg","og_description":"Zweit\u00e4giges Motorrad-Training im Bilster Berg Drive Resort, einer der anspruchvollsten Strecken Europas | 3 Gruppen freies Renntraining | geplant: 6x20 Minuten pro Tag und Gruppe | Coaching gegen Aufpreis m\u00f6glich! | Tages-Catering buchbar f\u00fcr Teilnehmer &amp; Begleitpersonen Fotos: Marko Unger \/ racepixx.de Stark reduzierte Teilnehmerzahlen = mehr Sicherheit und mehr Fahrspa\u00df!","og_url":"https:\/\/black-forest-speed-club.de\/hp2020\/produkt\/motorrad-renntraining-bilster-berg-30-31-7-2026\/","og_site_name":"Black Forest Speed Club","article_publisher":"https:\/\/www.facebook.com\/Blackforestspeedclub","article_modified_time":"2026-04-21T09:38:51+00:00","og_image":[{"width":2560,"height":1707,"url":"https:\/\/black-forest-speed-club.de\/hp2020\/wp-content\/uploads\/2021\/08\/0700-210809BB-006_700-scaled.jpg","type":"image\/jpeg"}],"twitter_card":"summary_large_image","twitter_title":"Motorrad-Renntraining - Bilster Berg 30.-31.7.2026 (Donnerstag - Freitag)","twitter_description":"Zweit\u00e4giges Motorrad-Training im Bilster Berg Drive Resort, einer der anspruchvollsten Strecken Europas | 3 Gruppen freies Renntraining | geplant: 6x20 Minuten pro Tag und Gruppe | Coaching gegen Aufpreis m\u00f6glich! | Tages-Catering buchbar f\u00fcr Teilnehmer &amp; Begleitpersonen Fotos: Marko Unger \/ racepixx.de","twitter_misc":{"Availability":"In stock"},"schema":{"@context":"https:\/\/schema.org","@graph":[{"@type":"WebPage","@id":"https:\/\/black-forest-speed-club.de\/hp2020\/produkt\/motorrad-renntraining-bilster-berg-30-31-7-2026\/","url":"https:\/\/black-forest-speed-club.de\/hp2020\/produkt\/motorrad-renntraining-bilster-berg-30-31-7-2026\/","name":"Motorrad-Renntraining - Bilster Berg 30.-31.7.2026 (Donnerstag - Freitag) - Black Forest Speed Club","isPartOf":{"@id":"\/#website"},"primaryImageOfPage":{"@id":"https:\/\/black-forest-speed-club.de\/hp2020\/produkt\/motorrad-renntraining-bilster-berg-30-31-7-2026\/#primaryimage"},"image":{"@id":"https:\/\/black-forest-speed-club.de\/hp2020\/produkt\/motorrad-renntraining-bilster-berg-30-31-7-2026\/#primaryimage"},"thumbnailUrl":"https:\/\/black-forest-speed-club.de\/hp2020\/wp-content\/uploads\/2021\/08\/0700-210809BB-006_700-scaled.jpg","datePublished":"2025-11-13T18:43:59+00:00","dateModified":"2026-04-21T09:38:51+00:00","description":"Zweit\u00e4giges Motorrad-Renntraining im Bilster Berg Drive Resort - 6x20 Minuten Fahrzeit pro Tag- Motorrad-Training in vier Leistungsgruppen - ab 549 Euro - Jetzt buchen!","breadcrumb":{"@id":"https:\/\/black-forest-speed-club.de\/hp2020\/produkt\/motorrad-renntraining-bilster-berg-30-31-7-2026\/#breadcrumb"},"inLanguage":"de","potentialAction":[{"@type":"ReadAction","target":["https:\/\/black-forest-speed-club.de\/hp2020\/produkt\/motorrad-renntraining-bilster-berg-30-31-7-2026\/"]}]},{"@type":"ImageObject","inLanguage":"de","@id":"https:\/\/black-forest-speed-club.de\/hp2020\/produkt\/motorrad-renntraining-bilster-berg-30-31-7-2026\/#primaryimage","url":"https:\/\/black-forest-speed-club.de\/hp2020\/wp-content\/uploads\/2021\/08\/0700-210809BB-006_700-scaled.jpg","contentUrl":"https:\/\/black-forest-speed-club.de\/hp2020\/wp-content\/uploads\/2021\/08\/0700-210809BB-006_700-scaled.jpg","width":2560,"height":1707,"caption":"Motorrad-Renntraining Bilster Berg by Black Forest Speed Club"},{"@type":"BreadcrumbList","@id":"https:\/\/black-forest-speed-club.de\/hp2020\/produkt\/motorrad-renntraining-bilster-berg-30-31-7-2026\/#breadcrumb","itemListElement":[{"@type":"ListItem","position":1,"name":"Startseite","item":"https:\/\/black-forest-speed-club.de\/hp2020\/"},{"@type":"ListItem","position":2,"name":"Shop","item":"https:\/\/black-forest-speed-club.de\/hp2020\/shop\/"},{"@type":"ListItem","position":3,"name":"Motorrad-Renntraining &#8211; Bilster Berg 30.-31.7.2026 (Donnerstag &#8211; Freitag)"}]},{"@type":"WebSite","@id":"\/#website","url":"\/","name":"Black Forest Speed Club","description":"Motorrad-Events von Matthias Schr\u00f6ter","publisher":{"@id":"\/#organization"},"alternateName":"BFSC","potentialAction":[{"@type":"SearchAction","target":{"@type":"EntryPoint","urlTemplate":"\/?s={search_term_string}"},"query-input":{"@type":"PropertyValueSpecification","valueRequired":true,"valueName":"search_term_string"}}],"inLanguage":"de"},{"@type":"Organization","@id":"\/#organization","name":"Matthias Schr\u00f6ter GmbH","alternateName":"Matthias Schr\u00f6ter GmbH","url":"\/","logo":{"@type":"ImageObject","inLanguage":"de","@id":"\/#\/schema\/logo\/image\/","url":"https:\/\/black-forest-speed-club.de\/hp2020\/wp-content\/uploads\/2020\/02\/WhatsApp-Image-2019-07-01-at-18.37.24.jpeg","contentUrl":"https:\/\/black-forest-speed-club.de\/hp2020\/wp-content\/uploads\/2020\/02\/WhatsApp-Image-2019-07-01-at-18.37.24.jpeg","width":1368,"height":912,"caption":"Matthias Schr\u00f6ter GmbH"},"image":{"@id":"\/#\/schema\/logo\/image\/"},"sameAs":["https:\/\/www.facebook.com\/Blackforestspeedclub","https:\/\/www.facebook.com\/bridgestoneridingschool","https:\/\/www.facebook.com\/Triumph.Street.Triple.Cup"],"email":"matthias@black-forest-speed-club.de","telephone":"017676986672","legalName":"Matthias Schr\u00f6ter GmbH","foundingDate":"2019-03-29","vatID":"DE815821352","taxID":"42418712007","numberOfEmployees":{"@type":"QuantitativeValue","minValue":"1","maxValue":"10"}}]},"og_availability":"instock","product_availability":"instock","product_retailer_item_id":"1-2020-2-1-1-4-1-2-1-1-2-2-1-1-1-4","product_condition":"new"},"_links":{"self":[{"href":"https:\/\/black-forest-speed-club.de\/hp2020\/wp-json\/wp\/v2\/product\/18239","targetHints":{"allow":["GET"]}}],"collection":[{"href":"https:\/\/black-forest-speed-club.de\/hp2020\/wp-json\/wp\/v2\/product"}],"about":[{"href":"https:\/\/black-forest-speed-club.de\/hp2020\/wp-json\/wp\/v2\/types\/product"}],"wp:featuredmedia":[{"embeddable":true,"href":"https:\/\/black-forest-speed-club.de\/hp2020\/wp-json\/wp\/v2\/media\/8588"}],"wp:attachment":[{"href":"https:\/\/black-forest-speed-club.de\/hp2020\/wp-json\/wp\/v2\/media?parent=18239"}],"wp:term":[{"taxonomy":"product_brand","embeddable":true,"href":"https:\/\/black-forest-speed-club.de\/hp2020\/wp-json\/wp\/v2\/product_brand?post=18239"},{"taxonomy":"product_cat","embeddable":true,"href":"https:\/\/black-forest-speed-club.de\/hp2020\/wp-json\/wp\/v2\/product_cat?post=18239"},{"taxonomy":"product_tag","embeddable":true,"href":"https:\/\/black-forest-speed-club.de\/hp2020\/wp-json\/wp\/v2\/product_tag?post=18239"}],"curies":[{"name":"wp","href":"https:\/\/api.w.org\/{rel}","templated":true}]}}