{"id":18206,"date":"2025-11-10T11:01:52","date_gmt":"2025-11-10T10:01:52","guid":{"rendered":"https:\/\/black-forest-speed-club.de\/hp2020\/?post_type=product&#038;p=18206"},"modified":"2026-04-29T13:16:55","modified_gmt":"2026-04-29T11:16:55","slug":"motorrad-renntraining-salzburgring-16-5-2026","status":"publish","type":"product","link":"https:\/\/black-forest-speed-club.de\/hp2020\/produkt\/motorrad-renntraining-salzburgring-16-5-2026\/","title":{"rendered":"Motorrad-Renntraining\u2013Salzburgring 16.5.2026 (Samstag)"},"content":{"rendered":"<h1><u>Motorrad-Renntraining Salzburgring\u00a0<\/u><\/h1>\n<h3>Der Klassiker unter den europ\u00e4ischen Rennstrecken. Die mit dieser einen Ecke, die M\u00e4nnern von M\u00e4usen trennt: der Fahrerlagerkurve.<\/h3>\n<p>Dieser Termin l\u00e4sst sich prima verbinden. Mit einem schicken Kurzurlaub in \u00d6sterreich. Am Mondsee zu Beispiel. Unglaublich sch\u00f6ne Gegend, tolle Kulinarik.<\/p>\n<p>Auch an der Rennstrecke. Die Schnitzel in der Fahrerlager-Gastwirtschaft sind Legende. Hier geht es locker und famili\u00e4r zu. Genau das lieben wir. Kommt mit uns an den Salzburgring. Er ist schnell und einfach zu lernen.<\/p>\n<p>Mit diesem Event wenden wir uns auch und gerade an Einsteiger. Doch selbstverst\u00e4ndlich sind uns auch Salzburgring-Routiniers sehr willkommen.<\/p>\n<p>Sichert Euch fix einen der Pl\u00e4tze. Und seid schlau: h\u00e4ngt noch ein paar Tage Urlaub dran.<\/p>\n<h2><u>Motorrad-Renntraining am Salzburgring (Samstag, 16.5.2026)<\/u><\/h2>\n<ul>\n<li>Platz in einer Sammelbox: 40 \u20ac\/Tag<\/li>\n<li>Einzelbox mit ca. 40 qm: 150 Euro\/Tag<\/li>\n<li>Testfahrten mit BMW-Motorr\u00e4dern<\/li>\n<\/ul>\n<h3>Veranstaltungs-Info:<\/h3>\n<p>Training in bis zu vier Gruppen, t\u00e4glich von 8.00 &#8211; max. 18.00 Uhr mit 90 min Mittagspause<\/p>\n<p><strong>Es gilt ein Fahrger\u00e4usch von 98 dB(A). In der Praxis bedeutet das mit kleinen Abstrichen das L\u00e4rm-Niveau vom Hockenheimring f\u00fcr Hobby-Veranstaltungen.<\/strong><\/p>\n<p><strong>Die Verwendung eines dB-Eaters ist deshalb verpflichtend, auch f\u00fcr Serienauspuff-Anlagen. Zu laute Motorr\u00e4der werden von der Veranstaltung ausgeschlossen.<\/strong><\/p>\n<h3>Service vor Ort:<\/h3>\n<p><strong>Reifendienst, Fotograf<\/strong> <strong>Marko Unger von Racepixx.de<\/strong><\/p>\n<p><a href=\"https:\/\/www.wikiwand.com\/de\/Salzburgring\">Strecke:<\/a><\/p>\n<p>Die Strecke ist fl\u00fcssig zu fahren und gibt auch Neulingen keine R\u00e4tsel auf. Als legend\u00e4r gilt die sogenannte Fahrerlagerkurve, an deren Bremspunkt erreichen Profis auf Superbikes Tempi von \u00fcber 300 km\/h. Ein Grund, warum hier keine Profi-Rennklassen, wie etwa die IDM, mehr gastieren. Es fehlt an zeitgem\u00e4\u00dfen Auslaufzonen. 1969, bei Bau der Strecke, konnte sich nat\u00fcrlich auch noch niemand ausmalen, dass Motorr\u00e4der \u00fcber so gewaltige Leistung verf\u00fcgen werden.<\/p>\n<p>F\u00fcr Hobbyracer von heute gilt, dass die Fahrerlagerkurve, den n\u00f6tigen Respekt vorausgesetzt, eine Herausforderung und dann, irgendwann, ein enormes Vergn\u00fcgen darstellt.<\/p>\n<h3><u>Beschreibung Eignung<\/u><\/h3>\n<p>Durch die Einteilung in max. 4 Gruppen ist die Veranstaltung f\u00fcr alle K\u00f6nnensstufen geeignet. F\u00fcr Einsteiger und Fahrer von Stra\u00dfenmotorr\u00e4dern und Gro\u00dfenduros bieten wir das <b>Schr\u00e4glagentraining <\/b>an, bei dem Ihr unter F\u00fchrung erfahrener BFSC-Instruktoren in kleinen Gruppen gef\u00fchrt fahrt.<\/p>\n<h3><\/h3>\n","protected":false},"excerpt":{"rendered":"<p>Eint\u00e4giges Motorrad-Renntraining auf dem Salzburgring | Fahrger\u00e4usch max. 98 dB(A) | Fahren in bis zu vier Zeitbl\u00f6cken | bis zu 130 Minuten je Tag | Testm\u00f6glichkeit BMW-Modelle | Instruktion gegen Aufpreis | Reifendienst | Top-Fotograf: Marko Unger von Racepixx.de | ausdr\u00fccklich keine Zeitnahme! | Grillwurst &amp; Feierabendbier inklusive | Streckenrundgang<\/p>\n<p>Fotos: Marko Unger | racepixx.de<\/p>\n","protected":false},"featured_media":11676,"template":"","meta":[],"product_brand":[],"product_cat":[685,686,38],"product_tag":[656,662,668,37,51,655],"class_list":{"0":"post-18206","1":"product","2":"type-product","3":"status-publish","4":"has-post-thumbnail","6":"product_cat-salzburgring","7":"product_cat-motorrad-trainings","8":"product_cat-motorrad-renntraining","9":"product_tag-salzburgring-motorrad-training","10":"product_tag-motorrad-sicherheitstraining","11":"product_tag-motorrad-training","12":"product_tag-bridgestone-motorrad","13":"product_tag-renntraining","14":"product_tag-salzburgring","16":"first","17":"instock","18":"sold-individually","19":"purchasable","20":"product-type-variable"},"yoast_head":"<!-- This site is optimized with the Yoast SEO Premium plugin v25.7.1 (Yoast SEO v27.5) - https:\/\/yoast.com\/product\/yoast-seo-premium-wordpress\/ -->\n<title>Motorrad-Renntraining\u2013Salzburgring 16.5.2026 (Samstag) - Black Forest Speed Club<\/title>\n<meta name=\"description\" content=\"Motorrad-Training Salzburgring 15.5.2026 | perfekter Br\u00fcckentag-Termin | viel Fahrzeit | Testm\u00f6glichkeit diverse BMW-Modelle | Top-Instruktoren | Reifendienst | Top-Fotograf Marko Unger | 130 Minuten Fahrzeit pro Tag\" \/>\n<meta name=\"robots\" content=\"index, follow, max-snippet:-1, max-image-preview:large, max-video-preview:-1\" \/>\n<link rel=\"canonical\" href=\"https:\/\/black-forest-speed-club.de\/hp2020\/produkt\/motorrad-renntraining-salzburgring-16-5-2026\/\" \/>\n<meta property=\"og:locale\" content=\"de_DE\" \/>\n<meta property=\"og:type\" content=\"article\" \/>\n<meta property=\"og:title\" content=\"Motorrad-Renntraining\u2013Salzburgring 16.5.2026 (Samstag)\" \/>\n<meta property=\"og:description\" content=\"Eint\u00e4giges Motorrad-Renntraining auf dem Salzburgring | Fahrger\u00e4usch max. 98 dB(A) | Fahren in bis zu vier Zeitbl\u00f6cken | bis zu 130 Minuten je Tag | Testm\u00f6glichkeit BMW-Modelle | Instruktion gegen Aufpreis | Reifendienst | Top-Fotograf: Marko Unger von Racepixx.de | ausdr\u00fccklich keine Zeitnahme! | Grillwurst &amp; Feierabendbier inklusive | Streckenrundgang  Fotos: Marko Unger | racepixx.de\" \/>\n<meta property=\"og:url\" content=\"https:\/\/black-forest-speed-club.de\/hp2020\/produkt\/motorrad-renntraining-salzburgring-16-5-2026\/\" \/>\n<meta property=\"og:site_name\" content=\"Black Forest Speed Club\" \/>\n<meta property=\"article:publisher\" content=\"https:\/\/www.facebook.com\/Blackforestspeedclub\" \/>\n<meta property=\"article:modified_time\" content=\"2026-04-29T11:16:55+00:00\" \/>\n<meta property=\"og:image\" content=\"https:\/\/black-forest-speed-club.de\/hp2020\/wp-content\/uploads\/2022\/11\/1100-220809_SR-009_1100-scaled.jpg\" \/>\n\t<meta property=\"og:image:width\" content=\"2560\" \/>\n\t<meta property=\"og:image:height\" content=\"1707\" \/>\n\t<meta property=\"og:image:type\" content=\"image\/jpeg\" \/>\n<meta name=\"twitter:card\" content=\"summary_large_image\" \/>\n<meta name=\"twitter:label1\" content=\"Availability\" \/>\n\t<meta name=\"twitter:data1\" content=\"In stock\" \/>\n<script type=\"application\/ld+json\" class=\"yoast-schema-graph\">{\"@context\":\"https:\\\/\\\/schema.org\",\"@graph\":[{\"@type\":\"WebPage\",\"@id\":\"https:\\\/\\\/black-forest-speed-club.de\\\/hp2020\\\/produkt\\\/motorrad-renntraining-salzburgring-16-5-2026\\\/\",\"url\":\"https:\\\/\\\/black-forest-speed-club.de\\\/hp2020\\\/produkt\\\/motorrad-renntraining-salzburgring-16-5-2026\\\/\",\"name\":\"Motorrad-Renntraining\u2013Salzburgring 16.5.2026 (Samstag) - Black Forest Speed Club\",\"isPartOf\":{\"@id\":\"\\\/#website\"},\"primaryImageOfPage\":{\"@id\":\"https:\\\/\\\/black-forest-speed-club.de\\\/hp2020\\\/produkt\\\/motorrad-renntraining-salzburgring-16-5-2026\\\/#primaryimage\"},\"image\":{\"@id\":\"https:\\\/\\\/black-forest-speed-club.de\\\/hp2020\\\/produkt\\\/motorrad-renntraining-salzburgring-16-5-2026\\\/#primaryimage\"},\"thumbnailUrl\":\"https:\\\/\\\/black-forest-speed-club.de\\\/hp2020\\\/wp-content\\\/uploads\\\/2022\\\/11\\\/1100-220809_SR-009_1100-scaled.jpg\",\"datePublished\":\"2025-11-10T10:01:52+00:00\",\"dateModified\":\"2026-04-29T11:16:55+00:00\",\"description\":\"Motorrad-Training Salzburgring 15.5.2026 | perfekter Br\u00fcckentag-Termin | viel Fahrzeit | Testm\u00f6glichkeit diverse BMW-Modelle | Top-Instruktoren | Reifendienst | Top-Fotograf Marko Unger | 130 Minuten Fahrzeit pro Tag\",\"breadcrumb\":{\"@id\":\"https:\\\/\\\/black-forest-speed-club.de\\\/hp2020\\\/produkt\\\/motorrad-renntraining-salzburgring-16-5-2026\\\/#breadcrumb\"},\"inLanguage\":\"de\",\"potentialAction\":[{\"@type\":\"ReadAction\",\"target\":[\"https:\\\/\\\/black-forest-speed-club.de\\\/hp2020\\\/produkt\\\/motorrad-renntraining-salzburgring-16-5-2026\\\/\"]}]},{\"@type\":\"ImageObject\",\"inLanguage\":\"de\",\"@id\":\"https:\\\/\\\/black-forest-speed-club.de\\\/hp2020\\\/produkt\\\/motorrad-renntraining-salzburgring-16-5-2026\\\/#primaryimage\",\"url\":\"https:\\\/\\\/black-forest-speed-club.de\\\/hp2020\\\/wp-content\\\/uploads\\\/2022\\\/11\\\/1100-220809_SR-009_1100-scaled.jpg\",\"contentUrl\":\"https:\\\/\\\/black-forest-speed-club.de\\\/hp2020\\\/wp-content\\\/uploads\\\/2022\\\/11\\\/1100-220809_SR-009_1100-scaled.jpg\",\"width\":2560,\"height\":1707,\"caption\":\"Salzburgring, Hochgeschwindigkeits-Track der alten Schule\"},{\"@type\":\"BreadcrumbList\",\"@id\":\"https:\\\/\\\/black-forest-speed-club.de\\\/hp2020\\\/produkt\\\/motorrad-renntraining-salzburgring-16-5-2026\\\/#breadcrumb\",\"itemListElement\":[{\"@type\":\"ListItem\",\"position\":1,\"name\":\"Startseite\",\"item\":\"https:\\\/\\\/black-forest-speed-club.de\\\/hp2020\\\/\"},{\"@type\":\"ListItem\",\"position\":2,\"name\":\"Shop\",\"item\":\"https:\\\/\\\/black-forest-speed-club.de\\\/hp2020\\\/shop\\\/\"},{\"@type\":\"ListItem\",\"position\":3,\"name\":\"Motorrad-Renntraining\u2013Salzburgring 16.5.2026 (Samstag)\"}]},{\"@type\":\"WebSite\",\"@id\":\"\\\/#website\",\"url\":\"\\\/\",\"name\":\"Black Forest Speed Club\",\"description\":\"Motorrad-Events von Matthias Schr\u00f6ter\",\"publisher\":{\"@id\":\"\\\/#organization\"},\"alternateName\":\"BFSC\",\"potentialAction\":[{\"@type\":\"SearchAction\",\"target\":{\"@type\":\"EntryPoint\",\"urlTemplate\":\"\\\/?s={search_term_string}\"},\"query-input\":{\"@type\":\"PropertyValueSpecification\",\"valueRequired\":true,\"valueName\":\"search_term_string\"}}],\"inLanguage\":\"de\"},{\"@type\":\"Organization\",\"@id\":\"\\\/#organization\",\"name\":\"Matthias Schr\u00f6ter GmbH\",\"alternateName\":\"Matthias Schr\u00f6ter GmbH\",\"url\":\"\\\/\",\"logo\":{\"@type\":\"ImageObject\",\"inLanguage\":\"de\",\"@id\":\"\\\/#\\\/schema\\\/logo\\\/image\\\/\",\"url\":\"https:\\\/\\\/black-forest-speed-club.de\\\/hp2020\\\/wp-content\\\/uploads\\\/2020\\\/02\\\/WhatsApp-Image-2019-07-01-at-18.37.24.jpeg\",\"contentUrl\":\"https:\\\/\\\/black-forest-speed-club.de\\\/hp2020\\\/wp-content\\\/uploads\\\/2020\\\/02\\\/WhatsApp-Image-2019-07-01-at-18.37.24.jpeg\",\"width\":1368,\"height\":912,\"caption\":\"Matthias Schr\u00f6ter GmbH\"},\"image\":{\"@id\":\"\\\/#\\\/schema\\\/logo\\\/image\\\/\"},\"sameAs\":[\"https:\\\/\\\/www.facebook.com\\\/Blackforestspeedclub\",\"https:\\\/\\\/www.facebook.com\\\/bridgestoneridingschool\",\"https:\\\/\\\/www.facebook.com\\\/Triumph.Street.Triple.Cup\"],\"email\":\"matthias@black-forest-speed-club.de\",\"telephone\":\"017676986672\",\"legalName\":\"Matthias Schr\u00f6ter GmbH\",\"foundingDate\":\"2019-03-29\",\"vatID\":\"DE815821352\",\"taxID\":\"42418712007\",\"numberOfEmployees\":{\"@type\":\"QuantitativeValue\",\"minValue\":\"1\",\"maxValue\":\"10\"}}]}<\/script>\n<meta property=\"og:availability\" content=\"instock\" \/>\n<meta property=\"product:availability\" content=\"instock\" \/>\n<meta property=\"product:retailer_item_id\" content=\"1-2020-2-1-1-3-1-3-1-4-1-1-2-1-1\" \/>\n<meta property=\"product:condition\" content=\"new\" \/>\n<!-- \/ Yoast SEO Premium plugin. -->","yoast_head_json":{"title":"Motorrad-Renntraining\u2013Salzburgring 16.5.2026 (Samstag) - Black Forest Speed Club","description":"Motorrad-Training Salzburgring 15.5.2026 | perfekter Br\u00fcckentag-Termin | viel Fahrzeit | Testm\u00f6glichkeit diverse BMW-Modelle | Top-Instruktoren | Reifendienst | Top-Fotograf Marko Unger | 130 Minuten Fahrzeit pro Tag","robots":{"index":"index","follow":"follow","max-snippet":"max-snippet:-1","max-image-preview":"max-image-preview:large","max-video-preview":"max-video-preview:-1"},"canonical":"https:\/\/black-forest-speed-club.de\/hp2020\/produkt\/motorrad-renntraining-salzburgring-16-5-2026\/","og_locale":"de_DE","og_type":"article","og_title":"Motorrad-Renntraining\u2013Salzburgring 16.5.2026 (Samstag)","og_description":"Eint\u00e4giges Motorrad-Renntraining auf dem Salzburgring | Fahrger\u00e4usch max. 98 dB(A) | Fahren in bis zu vier Zeitbl\u00f6cken | bis zu 130 Minuten je Tag | Testm\u00f6glichkeit BMW-Modelle | Instruktion gegen Aufpreis | Reifendienst | Top-Fotograf: Marko Unger von Racepixx.de | ausdr\u00fccklich keine Zeitnahme! | Grillwurst &amp; Feierabendbier inklusive | Streckenrundgang  Fotos: Marko Unger | racepixx.de","og_url":"https:\/\/black-forest-speed-club.de\/hp2020\/produkt\/motorrad-renntraining-salzburgring-16-5-2026\/","og_site_name":"Black Forest Speed Club","article_publisher":"https:\/\/www.facebook.com\/Blackforestspeedclub","article_modified_time":"2026-04-29T11:16:55+00:00","og_image":[{"width":2560,"height":1707,"url":"https:\/\/black-forest-speed-club.de\/hp2020\/wp-content\/uploads\/2022\/11\/1100-220809_SR-009_1100-scaled.jpg","type":"image\/jpeg"}],"twitter_card":"summary_large_image","twitter_misc":{"Availability":"In stock"},"schema":{"@context":"https:\/\/schema.org","@graph":[{"@type":"WebPage","@id":"https:\/\/black-forest-speed-club.de\/hp2020\/produkt\/motorrad-renntraining-salzburgring-16-5-2026\/","url":"https:\/\/black-forest-speed-club.de\/hp2020\/produkt\/motorrad-renntraining-salzburgring-16-5-2026\/","name":"Motorrad-Renntraining\u2013Salzburgring 16.5.2026 (Samstag) - Black Forest Speed Club","isPartOf":{"@id":"\/#website"},"primaryImageOfPage":{"@id":"https:\/\/black-forest-speed-club.de\/hp2020\/produkt\/motorrad-renntraining-salzburgring-16-5-2026\/#primaryimage"},"image":{"@id":"https:\/\/black-forest-speed-club.de\/hp2020\/produkt\/motorrad-renntraining-salzburgring-16-5-2026\/#primaryimage"},"thumbnailUrl":"https:\/\/black-forest-speed-club.de\/hp2020\/wp-content\/uploads\/2022\/11\/1100-220809_SR-009_1100-scaled.jpg","datePublished":"2025-11-10T10:01:52+00:00","dateModified":"2026-04-29T11:16:55+00:00","description":"Motorrad-Training Salzburgring 15.5.2026 | perfekter Br\u00fcckentag-Termin | viel Fahrzeit | Testm\u00f6glichkeit diverse BMW-Modelle | Top-Instruktoren | Reifendienst | Top-Fotograf Marko Unger | 130 Minuten Fahrzeit pro Tag","breadcrumb":{"@id":"https:\/\/black-forest-speed-club.de\/hp2020\/produkt\/motorrad-renntraining-salzburgring-16-5-2026\/#breadcrumb"},"inLanguage":"de","potentialAction":[{"@type":"ReadAction","target":["https:\/\/black-forest-speed-club.de\/hp2020\/produkt\/motorrad-renntraining-salzburgring-16-5-2026\/"]}]},{"@type":"ImageObject","inLanguage":"de","@id":"https:\/\/black-forest-speed-club.de\/hp2020\/produkt\/motorrad-renntraining-salzburgring-16-5-2026\/#primaryimage","url":"https:\/\/black-forest-speed-club.de\/hp2020\/wp-content\/uploads\/2022\/11\/1100-220809_SR-009_1100-scaled.jpg","contentUrl":"https:\/\/black-forest-speed-club.de\/hp2020\/wp-content\/uploads\/2022\/11\/1100-220809_SR-009_1100-scaled.jpg","width":2560,"height":1707,"caption":"Salzburgring, Hochgeschwindigkeits-Track der alten Schule"},{"@type":"BreadcrumbList","@id":"https:\/\/black-forest-speed-club.de\/hp2020\/produkt\/motorrad-renntraining-salzburgring-16-5-2026\/#breadcrumb","itemListElement":[{"@type":"ListItem","position":1,"name":"Startseite","item":"https:\/\/black-forest-speed-club.de\/hp2020\/"},{"@type":"ListItem","position":2,"name":"Shop","item":"https:\/\/black-forest-speed-club.de\/hp2020\/shop\/"},{"@type":"ListItem","position":3,"name":"Motorrad-Renntraining\u2013Salzburgring 16.5.2026 (Samstag)"}]},{"@type":"WebSite","@id":"\/#website","url":"\/","name":"Black Forest Speed Club","description":"Motorrad-Events von Matthias Schr\u00f6ter","publisher":{"@id":"\/#organization"},"alternateName":"BFSC","potentialAction":[{"@type":"SearchAction","target":{"@type":"EntryPoint","urlTemplate":"\/?s={search_term_string}"},"query-input":{"@type":"PropertyValueSpecification","valueRequired":true,"valueName":"search_term_string"}}],"inLanguage":"de"},{"@type":"Organization","@id":"\/#organization","name":"Matthias Schr\u00f6ter GmbH","alternateName":"Matthias Schr\u00f6ter GmbH","url":"\/","logo":{"@type":"ImageObject","inLanguage":"de","@id":"\/#\/schema\/logo\/image\/","url":"https:\/\/black-forest-speed-club.de\/hp2020\/wp-content\/uploads\/2020\/02\/WhatsApp-Image-2019-07-01-at-18.37.24.jpeg","contentUrl":"https:\/\/black-forest-speed-club.de\/hp2020\/wp-content\/uploads\/2020\/02\/WhatsApp-Image-2019-07-01-at-18.37.24.jpeg","width":1368,"height":912,"caption":"Matthias Schr\u00f6ter GmbH"},"image":{"@id":"\/#\/schema\/logo\/image\/"},"sameAs":["https:\/\/www.facebook.com\/Blackforestspeedclub","https:\/\/www.facebook.com\/bridgestoneridingschool","https:\/\/www.facebook.com\/Triumph.Street.Triple.Cup"],"email":"matthias@black-forest-speed-club.de","telephone":"017676986672","legalName":"Matthias Schr\u00f6ter GmbH","foundingDate":"2019-03-29","vatID":"DE815821352","taxID":"42418712007","numberOfEmployees":{"@type":"QuantitativeValue","minValue":"1","maxValue":"10"}}]},"og_availability":"instock","product_availability":"instock","product_retailer_item_id":"1-2020-2-1-1-3-1-3-1-4-1-1-2-1-1","product_condition":"new"},"_links":{"self":[{"href":"https:\/\/black-forest-speed-club.de\/hp2020\/wp-json\/wp\/v2\/product\/18206","targetHints":{"allow":["GET"]}}],"collection":[{"href":"https:\/\/black-forest-speed-club.de\/hp2020\/wp-json\/wp\/v2\/product"}],"about":[{"href":"https:\/\/black-forest-speed-club.de\/hp2020\/wp-json\/wp\/v2\/types\/product"}],"wp:featuredmedia":[{"embeddable":true,"href":"https:\/\/black-forest-speed-club.de\/hp2020\/wp-json\/wp\/v2\/media\/11676"}],"wp:attachment":[{"href":"https:\/\/black-forest-speed-club.de\/hp2020\/wp-json\/wp\/v2\/media?parent=18206"}],"wp:term":[{"taxonomy":"product_brand","embeddable":true,"href":"https:\/\/black-forest-speed-club.de\/hp2020\/wp-json\/wp\/v2\/product_brand?post=18206"},{"taxonomy":"product_cat","embeddable":true,"href":"https:\/\/black-forest-speed-club.de\/hp2020\/wp-json\/wp\/v2\/product_cat?post=18206"},{"taxonomy":"product_tag","embeddable":true,"href":"https:\/\/black-forest-speed-club.de\/hp2020\/wp-json\/wp\/v2\/product_tag?post=18206"}],"curies":[{"name":"wp","href":"https:\/\/api.w.org\/{rel}","templated":true}]}}