{"id":17765,"date":"2025-06-26T15:37:20","date_gmt":"2025-06-26T13:37:20","guid":{"rendered":"https:\/\/black-forest-speed-club.de\/?post_type=product&#038;p=17765"},"modified":"2026-04-12T17:35:25","modified_gmt":"2026-04-12T15:35:25","slug":"motorrad-kurvenschule-driving-center-baden-29-30-5-2026","status":"publish","type":"product","link":"https:\/\/black-forest-speed-club.de\/hp2020\/produkt\/motorrad-kurvenschule-driving-center-baden-29-30-5-2026\/","title":{"rendered":"Motorrad-Kurvenschule Driving Center Baden 29.-30.5.2026 (Freitag-Samstag) ***Restpl\u00e4tze***"},"content":{"rendered":"<h2><span data-key=\"48\"><strong data-slate-leaf=\"true\">Motorrad-Kurvenschule <\/strong><\/span><span data-key=\"48\"><strong data-slate-leaf=\"true\">Driving Center Baden im <\/strong><\/span><span data-key=\"48\"><strong data-slate-leaf=\"true\">BadenAirpark<\/strong><\/span><\/h2>\n<h2><span data-key=\"48\"><strong data-slate-leaf=\"true\">Zweit\u00e4giges Motorrad-Sicherheitstraining am 29.-30.5.2026<\/strong><\/span><\/h2>\n<h3><span data-key=\"48\">Driving Center Baden<\/span><\/h3>\n<p><span data-key=\"48\">Die Strecke liegt in unmittelbarer N\u00e4he zum BadenAirpark. Es handelt sich um eine moderne, gepflegte Anlage mit einem kompakten Handlingparcours (L\u00e4nge: 2,2 km), der sich mit seinem griffigen Rennasphalt ideal f\u00fcr ein Motorradtraining eignet. <\/span><\/p>\n<p data-key=\"50\"><span data-key=\"51\">Dieses konkurrenzlos intensive und exklusive Motorrad-Training ist vom Einsteiger bis hin zum K\u00f6nner f\u00fcr alle Motorradfahrerinnen und Motorradfahrer geeignet. Einschr\u00e4nkung: Chopper und Cruiser haben i.d.R. eine mehr oder weniger gro\u00dfe Problematik mit der Schr\u00e4glagenfreiheit.\u00a0<\/span><\/p>\n<h3 data-key=\"50\"><span data-key=\"57\"><strong data-slate-leaf=\"true\">Was erwartet euch?<\/strong><\/span><\/h3>\n<p data-key=\"58\"><span data-key=\"59\">Beste Voraussetzungen f\u00fcr ein grandioses Training: kompakte Gruppen mit <strong>maximal 5 Teilnehmern<\/strong>, erfahrene Instruktoren, die sich aus den Kollegen von <strong>MotoControl<\/strong> rekrutieren bzw. aus dem Kollegenkreis von Firmeninhaber Matthias Schr\u00f6ter, der auf \u00fcber 20 Jahre Erfahrung in der Organisation und Ausrichtung von diversen Motorradveranstaltungen blicken kann, zu denen auch und gerade Trainings im Driving Center Baden geh\u00f6ren, so auch 2026.<\/span><\/p>\n<h3 data-key=\"60\"><span data-key=\"61\"><strong data-slate-leaf=\"true\">Unser Schwerpunkt:<\/strong><\/span><\/h3>\n<p data-key=\"62\"><span data-key=\"63\">Gef\u00fchrtes Fahren mit Instruktor in kleinen Gruppen<strong> <em>(max. 5 Teilnehmer)<\/em><\/strong> auf dem kompakten Rundkurs bildet das Herz dieses Fahrtrainings, Dauer der Zeitbl\u00f6cke: jeweils 20 Minuten. Insgesamt sind am 29.5.26 6 Zeitbl\u00f6cke je Gruppe geplant, am 30.5.2026 deren 5, da an Samstagen die Betriebszeit im DCB um eine Stunde kurzer ausfallen muss. Gleichzeitig haben wir bewusst die maximal zul\u00e4ssige Teilnehmeranzahl reduziert. Das garantiert ein qualitativ absolut hochwertiges Motorrad-Training f\u00fcr alle Teilnehmer. Sektionstraining steht bei uns im Driving Center Baden ausdr\u00fccklich <em>nicht<\/em> auf dem Programm. Das bleibt unserem Motorrad-Training XXL im Bosch Pr\u00fcfzentrum Boxberg vorbehalten.<\/span><\/p>\n<p data-key=\"62\"><span data-key=\"63\">Vor dem gef\u00fchrten Fahren startet der Trainingstag mit einem ausf\u00fchrlichem Briefing, au\u00dferdem besteht u.a.die M\u00f6glichkeit eine BMW F800R, einen sogenannten Schr\u00e4glagentrainer mit Auslegern, zu testen. Zudem erg\u00e4nzen die Instruktoren mit einem Theorieteil, bei dem es um die ber\u00fchmten Basics gehen soll: Einstellung der Hebel, Sitzposition, Fahrwerksabstimmung, Kettenspannung usw.<\/span><\/p>\n<p data-key=\"62\">Neu f\u00fcr 2026: Profi-Video-Analyse durch die <a href=\"https:\/\/www.16zu9.net\/\" target=\"_blank\" rel=\"noopener\">16zu9<\/a>.<\/p>\n<p data-key=\"66\"><span data-key=\"67\"><strong data-slate-leaf=\"true\">F.A.Q.:<\/strong><\/span><\/p>\n<h3 data-key=\"68\"><span data-key=\"69\"><strong data-slate-leaf=\"true\">F\u00fcr wen ist das Motorrad-Training im Driving Center Baden geeignet?<\/strong><\/span><\/h3>\n<p data-key=\"70\"><span data-key=\"71\">F\u00fcr alle Motorradfahrer, vom 16j\u00e4hrigen Einsteiger auf der 125er, dem klassischen Wiedereinsteiger bis hin zum alten Hasen. Jeder lernt hier was dazu, jeder erlebt im Driving Center Baden sein pers\u00f6nliches A-ha-Erlebnis. <\/span><\/p>\n<h3 data-key=\"73\"><span data-key=\"74\"><strong data-slate-leaf=\"true\">Kann ich meine Teilnahme stornieren?<\/strong><\/span><\/h3>\n<p data-key=\"75\"><span data-key=\"76\">Ja, allerdings mit entsprechend gestaffelten Stornogeb\u00fchren. \u00a0Eine \u00dcbertragung des Tickets auf einen anderen Teilnehmer ist problemlos und kostenfrei bis zum Veranstaltungstag m\u00f6glich.<\/span><\/p>\n<h3 data-key=\"77\"><span data-key=\"78\"><strong data-slate-leaf=\"true\">D\u00fcrfen Minderj\u00e4hrige teilnehmen?<\/strong><\/span><\/h3>\n<p data-key=\"79\"><span data-key=\"80\">Ja, in Begleitung eines Erziehungsberechtigten sehr gerne, der dann u.a. auch den Haftungsverzicht vor Ort unterschreiben muss.\u00a0<\/span><\/p>\n<h3 data-key=\"81\"><span data-key=\"82\"><strong data-slate-leaf=\"true\">Was ist ansonsten zu beachten?<\/strong><\/span><\/h3>\n<p data-key=\"83\"><span data-key=\"84\">Das stra\u00dfenzugelassene Motorrad muss sich in technisch einwandfreiem Zustand befinden. Mindestprofiltiefe der Reifen: 3 mm, Bremsbel\u00e4ge m\u00fcssen neuwertig sein. Keine Undichtigkeiten, also Fl\u00fcssigkeitsverlust (\u00d6l, K\u00fchlwasser, Benzin und Bremsfl\u00fcssigkeit). Im Driving Center Baden sind <strong>keine<\/strong> Slick-Reifen erlaubt, gleiches gilt f\u00fcr die Verwendung von Reifenw\u00e4rmern.<\/span><\/p>\n<p><span data-key=\"84\"><strong> Auspuff:<\/strong> Serienauspuff bzw. Zubeh\u00f6rauspuff, <strong>unbedingt mit dB-Eater.<\/strong> Es gilt ein Ger\u00e4uschlimit. Zu laute Motorr\u00e4der werden von der Veranstaltung ausgeschlossen. Au\u00dferdem muss der Teilnehmer folgende Dingen tragen: Vollvisierhelm oder Klapphelm, keine Halbschale. Lederkombi oder eine Motorrad-Textilkombination mit Protektoren. Das Tragen eines R\u00fcckenprotektors ist Pflicht, Motorradhandschuhe und Motorradstiefel sind ebenfalls ein Muss. <strong>Hinweis: R\u00fcckprotektoren sind zumeist serienm\u00e4\u00dfig in Eure Jacken eingearbeitet.<\/strong><\/span><\/p>\n<p><span data-key=\"90\"><strong data-slate-leaf=\"true\">Tankstelle:<\/strong> ca. 3 Minuten entfernt im BadenAirpark. Bitte kommt mit vollgetanktem Motorrad zu eurem Motorrad-Training beim Black Forest Speed Club.<\/span><\/p>\n<h3 data-key=\"87\">Unser Service:<\/h3>\n<ul>\n<li>Exklusive Anmietung der Strecke<\/li>\n<li>Fahren in kleinen 5er-Gruppen mit Top-Instruktoren | konkurrenzlos viel Fahrzeit f\u00fcrs Geld<\/li>\n<li>Catering:Mineralwasser, Kaffee, Tee, Obst und ein leichter Snack in der Mittagspause stehen f\u00fcr euch bereit. Zaung\u00e4ste gerne gegen Aufpreis.<\/li>\n<li>Profi-Videoanalyse<\/li>\n<li>Fotograf: racepixx.de (Bilder sind kostenpflichtig)<\/li>\n<li>Testm\u00f6glichkeit BMW-Test-Fuhrpark powered by Bohling u. Eisele, Karlsruhe<\/li>\n<\/ul>\n<h3 data-key=\"85\"><span data-key=\"86\"><strong data-slate-leaf=\"true\">Technischer Service:<\/strong><\/span><\/h3>\n<ul>\n<li data-key=\"87\"><span data-key=\"88\">Reifendienst<\/span><\/li>\n<\/ul>\n<p>&nbsp;<\/p>\n","protected":false},"excerpt":{"rendered":"<p>Zweit\u00e4gige Motorrad-Kurvenschule im Driving Center Baden im BadenAirpark | 29.-30.5.2026 | f\u00fcr Einsteiger bis hin zum K\u00f6nner geeignet | trainiere mit Top-Instruktoren| <strong>maximal 5 Teilnehmer pro Gruppe <\/strong>mit erfahrenen MotoControl-Instruktoren | kein freies Fahren! Ausschlie\u00dflich gef\u00fchrte Gruppen = maximale Sicherheit | Training mit unserem Schr\u00e4glagentrainer BMW F 800 R\u00a0 | 11&#215;20 Minuten pro Gruppe in zwei Tagen | Profi-Video-Analyse | nur f\u00fcr stra\u00dfenzugelassene Motorr\u00e4der | auch f\u00fcr 125er und 48-PS-Motorr\u00e4der | \u00a0Verpflegung inklusive| BMW-Probefahr-Aktion mit Bohlin u. Eisele | jetzt Teilnahmepl\u00e4tze sichern ab 699 Euro!<\/p>\n","protected":false},"featured_media":8597,"template":"","meta":[],"product_brand":[],"product_cat":[675,15],"product_tag":[36,37,363,503,32,33,34,35],"class_list":{"0":"post-17765","1":"product","2":"type-product","3":"status-publish","4":"has-post-thumbnail","6":"product_cat-driving-center-baden","7":"product_cat-motorrad-sicherheitstraining","8":"product_tag-badenairpark-motorrad","9":"product_tag-bridgestone-motorrad","10":"product_tag-schraeglagen-training","11":"product_tag-motorrad-action-team","12":"product_tag-kurvenschule","13":"product_tag-motorradsicherheitstraining","14":"product_tag-motorradtraining","15":"product_tag-drivingcenter-baden","17":"first","18":"instock","19":"sale","20":"taxable","21":"shipping-taxable","22":"purchasable","23":"product-type-variable"},"yoast_head":"<!-- This site is optimized with the Yoast SEO Premium plugin v25.7.1 (Yoast SEO v27.4) - https:\/\/yoast.com\/product\/yoast-seo-premium-wordpress\/ -->\n<title>Motorrad-Kurvenschule Driving Center Baden 29.-30.5.2026 (Freitag-Samstag) ***Restpl\u00e4tze*** - Black Forest Speed Club<\/title>\n<meta name=\"description\" content=\"Motorrad-Sicherheitstraining im Driving Center Baden - MotoControl-Instruktoren - konkurrenzlos viel Fahrzeit - Optimaler Motorrad-Saisonstart 2026 - Jetzt online buchen! -\" \/>\n<meta name=\"robots\" content=\"index, follow, max-snippet:-1, max-image-preview:large, max-video-preview:-1\" \/>\n<link rel=\"canonical\" href=\"https:\/\/black-forest-speed-club.de\/hp2020\/produkt\/motorrad-kurvenschule-driving-center-baden-29-30-5-2026\/\" \/>\n<meta property=\"og:locale\" content=\"de_DE\" \/>\n<meta property=\"og:type\" content=\"article\" \/>\n<meta property=\"og:title\" content=\"Motorrad-Kurvenschule Driving Center Baden 29.-30.5.2026 (Freitag-Samstag) ***Restpl\u00e4tze***\" \/>\n<meta property=\"og:description\" content=\"Zweit\u00e4gige Motorrad-Kurvenschule im Driving Center Baden im BadenAirpark | 29.-30.5.2026 | f\u00fcr Einsteiger bis hin zum K\u00f6nner geeignet | trainiere mit Top-Instruktoren| maximal 5 Teilnehmer pro Gruppe mit erfahrenen MotoControl-Instruktoren | kein freies Fahren! Ausschlie\u00dflich gef\u00fchrte Gruppen = maximale Sicherheit | Training mit unserem Schr\u00e4glagentrainer BMW F 800 R\u00a0 | 11x20 Minuten pro Gruppe in zwei Tagen | Profi-Video-Analyse | nur f\u00fcr stra\u00dfenzugelassene Motorr\u00e4der | auch f\u00fcr 125er und 48-PS-Motorr\u00e4der | \u00a0Verpflegung inklusive| BMW-Probefahr-Aktion mit Bohlin u. Eisele | jetzt Teilnahmepl\u00e4tze sichern ab 699 Euro!\" \/>\n<meta property=\"og:url\" content=\"https:\/\/black-forest-speed-club.de\/hp2020\/produkt\/motorrad-kurvenschule-driving-center-baden-29-30-5-2026\/\" \/>\n<meta property=\"og:site_name\" content=\"Black Forest Speed Club\" \/>\n<meta property=\"article:publisher\" content=\"https:\/\/www.facebook.com\/Blackforestspeedclub\" \/>\n<meta property=\"article:modified_time\" content=\"2026-04-12T15:35:25+00:00\" \/>\n<meta property=\"og:image\" content=\"https:\/\/black-forest-speed-club.de\/hp2020\/wp-content\/uploads\/2021\/08\/1100-210814DCB-002_1100-scaled.jpg\" \/>\n\t<meta property=\"og:image:width\" content=\"2560\" \/>\n\t<meta property=\"og:image:height\" content=\"1707\" \/>\n\t<meta property=\"og:image:type\" content=\"image\/jpeg\" \/>\n<meta name=\"twitter:card\" content=\"summary_large_image\" \/>\n<meta name=\"twitter:label1\" content=\"Availability\" \/>\n\t<meta name=\"twitter:data1\" content=\"In stock\" \/>\n<script type=\"application\/ld+json\" class=\"yoast-schema-graph\">{\"@context\":\"https:\\\/\\\/schema.org\",\"@graph\":[{\"@type\":\"WebPage\",\"@id\":\"https:\\\/\\\/black-forest-speed-club.de\\\/hp2020\\\/produkt\\\/motorrad-kurvenschule-driving-center-baden-29-30-5-2026\\\/\",\"url\":\"https:\\\/\\\/black-forest-speed-club.de\\\/hp2020\\\/produkt\\\/motorrad-kurvenschule-driving-center-baden-29-30-5-2026\\\/\",\"name\":\"Motorrad-Kurvenschule Driving Center Baden 29.-30.5.2026 (Freitag-Samstag) ***Restpl\u00e4tze*** - Black Forest Speed Club\",\"isPartOf\":{\"@id\":\"\\\/#website\"},\"primaryImageOfPage\":{\"@id\":\"https:\\\/\\\/black-forest-speed-club.de\\\/hp2020\\\/produkt\\\/motorrad-kurvenschule-driving-center-baden-29-30-5-2026\\\/#primaryimage\"},\"image\":{\"@id\":\"https:\\\/\\\/black-forest-speed-club.de\\\/hp2020\\\/produkt\\\/motorrad-kurvenschule-driving-center-baden-29-30-5-2026\\\/#primaryimage\"},\"thumbnailUrl\":\"https:\\\/\\\/black-forest-speed-club.de\\\/hp2020\\\/wp-content\\\/uploads\\\/2021\\\/08\\\/1100-210814DCB-002_1100-scaled.jpg\",\"datePublished\":\"2025-06-26T13:37:20+00:00\",\"dateModified\":\"2026-04-12T15:35:25+00:00\",\"description\":\"Motorrad-Sicherheitstraining im Driving Center Baden - MotoControl-Instruktoren - konkurrenzlos viel Fahrzeit - Optimaler Motorrad-Saisonstart 2026 - Jetzt online buchen! -\",\"breadcrumb\":{\"@id\":\"https:\\\/\\\/black-forest-speed-club.de\\\/hp2020\\\/produkt\\\/motorrad-kurvenschule-driving-center-baden-29-30-5-2026\\\/#breadcrumb\"},\"inLanguage\":\"de\",\"potentialAction\":[{\"@type\":\"ReadAction\",\"target\":[\"https:\\\/\\\/black-forest-speed-club.de\\\/hp2020\\\/produkt\\\/motorrad-kurvenschule-driving-center-baden-29-30-5-2026\\\/\"]}]},{\"@type\":\"ImageObject\",\"inLanguage\":\"de\",\"@id\":\"https:\\\/\\\/black-forest-speed-club.de\\\/hp2020\\\/produkt\\\/motorrad-kurvenschule-driving-center-baden-29-30-5-2026\\\/#primaryimage\",\"url\":\"https:\\\/\\\/black-forest-speed-club.de\\\/hp2020\\\/wp-content\\\/uploads\\\/2021\\\/08\\\/1100-210814DCB-002_1100-scaled.jpg\",\"contentUrl\":\"https:\\\/\\\/black-forest-speed-club.de\\\/hp2020\\\/wp-content\\\/uploads\\\/2021\\\/08\\\/1100-210814DCB-002_1100-scaled.jpg\",\"width\":2560,\"height\":1707,\"caption\":\"Driving Center Baden Kurvenschule Black Forest Speed Club\"},{\"@type\":\"BreadcrumbList\",\"@id\":\"https:\\\/\\\/black-forest-speed-club.de\\\/hp2020\\\/produkt\\\/motorrad-kurvenschule-driving-center-baden-29-30-5-2026\\\/#breadcrumb\",\"itemListElement\":[{\"@type\":\"ListItem\",\"position\":1,\"name\":\"Startseite\",\"item\":\"https:\\\/\\\/black-forest-speed-club.de\\\/hp2020\\\/\"},{\"@type\":\"ListItem\",\"position\":2,\"name\":\"Shop\",\"item\":\"https:\\\/\\\/black-forest-speed-club.de\\\/hp2020\\\/shop\\\/\"},{\"@type\":\"ListItem\",\"position\":3,\"name\":\"Motorrad-Kurvenschule Driving Center Baden 29.-30.5.2026 (Freitag-Samstag) ***Restpl\u00e4tze***\"}]},{\"@type\":\"WebSite\",\"@id\":\"\\\/#website\",\"url\":\"\\\/\",\"name\":\"Black Forest Speed Club\",\"description\":\"Motorrad-Events von Matthias Schr\u00f6ter\",\"publisher\":{\"@id\":\"\\\/#organization\"},\"alternateName\":\"BFSC\",\"potentialAction\":[{\"@type\":\"SearchAction\",\"target\":{\"@type\":\"EntryPoint\",\"urlTemplate\":\"\\\/?s={search_term_string}\"},\"query-input\":{\"@type\":\"PropertyValueSpecification\",\"valueRequired\":true,\"valueName\":\"search_term_string\"}}],\"inLanguage\":\"de\"},{\"@type\":\"Organization\",\"@id\":\"\\\/#organization\",\"name\":\"Matthias Schr\u00f6ter GmbH\",\"alternateName\":\"Matthias Schr\u00f6ter GmbH\",\"url\":\"\\\/\",\"logo\":{\"@type\":\"ImageObject\",\"inLanguage\":\"de\",\"@id\":\"\\\/#\\\/schema\\\/logo\\\/image\\\/\",\"url\":\"https:\\\/\\\/black-forest-speed-club.de\\\/hp2020\\\/wp-content\\\/uploads\\\/2020\\\/02\\\/WhatsApp-Image-2019-07-01-at-18.37.24.jpeg\",\"contentUrl\":\"https:\\\/\\\/black-forest-speed-club.de\\\/hp2020\\\/wp-content\\\/uploads\\\/2020\\\/02\\\/WhatsApp-Image-2019-07-01-at-18.37.24.jpeg\",\"width\":1368,\"height\":912,\"caption\":\"Matthias Schr\u00f6ter GmbH\"},\"image\":{\"@id\":\"\\\/#\\\/schema\\\/logo\\\/image\\\/\"},\"sameAs\":[\"https:\\\/\\\/www.facebook.com\\\/Blackforestspeedclub\",\"https:\\\/\\\/www.facebook.com\\\/bridgestoneridingschool\",\"https:\\\/\\\/www.facebook.com\\\/Triumph.Street.Triple.Cup\"],\"email\":\"matthias@black-forest-speed-club.de\",\"telephone\":\"017676986672\",\"legalName\":\"Matthias Schr\u00f6ter GmbH\",\"foundingDate\":\"2019-03-29\",\"vatID\":\"DE815821352\",\"taxID\":\"42418712007\",\"numberOfEmployees\":{\"@type\":\"QuantitativeValue\",\"minValue\":\"1\",\"maxValue\":\"10\"}}]}<\/script>\n<meta property=\"og:availability\" content=\"instock\" \/>\n<meta property=\"product:availability\" content=\"instock\" \/>\n<meta property=\"product:retailer_item_id\" content=\"1-2024-3-1-1-2-1-2-2-1-2-1-1-1-1\" \/>\n<meta property=\"product:condition\" content=\"new\" \/>\n<!-- \/ Yoast SEO Premium plugin. -->","yoast_head_json":{"title":"Motorrad-Kurvenschule Driving Center Baden 29.-30.5.2026 (Freitag-Samstag) ***Restpl\u00e4tze*** - Black Forest Speed Club","description":"Motorrad-Sicherheitstraining im Driving Center Baden - MotoControl-Instruktoren - konkurrenzlos viel Fahrzeit - Optimaler Motorrad-Saisonstart 2026 - Jetzt online buchen! -","robots":{"index":"index","follow":"follow","max-snippet":"max-snippet:-1","max-image-preview":"max-image-preview:large","max-video-preview":"max-video-preview:-1"},"canonical":"https:\/\/black-forest-speed-club.de\/hp2020\/produkt\/motorrad-kurvenschule-driving-center-baden-29-30-5-2026\/","og_locale":"de_DE","og_type":"article","og_title":"Motorrad-Kurvenschule Driving Center Baden 29.-30.5.2026 (Freitag-Samstag) ***Restpl\u00e4tze***","og_description":"Zweit\u00e4gige Motorrad-Kurvenschule im Driving Center Baden im BadenAirpark | 29.-30.5.2026 | f\u00fcr Einsteiger bis hin zum K\u00f6nner geeignet | trainiere mit Top-Instruktoren| maximal 5 Teilnehmer pro Gruppe mit erfahrenen MotoControl-Instruktoren | kein freies Fahren! Ausschlie\u00dflich gef\u00fchrte Gruppen = maximale Sicherheit | Training mit unserem Schr\u00e4glagentrainer BMW F 800 R\u00a0 | 11x20 Minuten pro Gruppe in zwei Tagen | Profi-Video-Analyse | nur f\u00fcr stra\u00dfenzugelassene Motorr\u00e4der | auch f\u00fcr 125er und 48-PS-Motorr\u00e4der | \u00a0Verpflegung inklusive| BMW-Probefahr-Aktion mit Bohlin u. Eisele | jetzt Teilnahmepl\u00e4tze sichern ab 699 Euro!","og_url":"https:\/\/black-forest-speed-club.de\/hp2020\/produkt\/motorrad-kurvenschule-driving-center-baden-29-30-5-2026\/","og_site_name":"Black Forest Speed Club","article_publisher":"https:\/\/www.facebook.com\/Blackforestspeedclub","article_modified_time":"2026-04-12T15:35:25+00:00","og_image":[{"width":2560,"height":1707,"url":"https:\/\/black-forest-speed-club.de\/hp2020\/wp-content\/uploads\/2021\/08\/1100-210814DCB-002_1100-scaled.jpg","type":"image\/jpeg"}],"twitter_card":"summary_large_image","twitter_misc":{"Availability":"In stock"},"schema":{"@context":"https:\/\/schema.org","@graph":[{"@type":"WebPage","@id":"https:\/\/black-forest-speed-club.de\/hp2020\/produkt\/motorrad-kurvenschule-driving-center-baden-29-30-5-2026\/","url":"https:\/\/black-forest-speed-club.de\/hp2020\/produkt\/motorrad-kurvenschule-driving-center-baden-29-30-5-2026\/","name":"Motorrad-Kurvenschule Driving Center Baden 29.-30.5.2026 (Freitag-Samstag) ***Restpl\u00e4tze*** - Black Forest Speed Club","isPartOf":{"@id":"\/#website"},"primaryImageOfPage":{"@id":"https:\/\/black-forest-speed-club.de\/hp2020\/produkt\/motorrad-kurvenschule-driving-center-baden-29-30-5-2026\/#primaryimage"},"image":{"@id":"https:\/\/black-forest-speed-club.de\/hp2020\/produkt\/motorrad-kurvenschule-driving-center-baden-29-30-5-2026\/#primaryimage"},"thumbnailUrl":"https:\/\/black-forest-speed-club.de\/hp2020\/wp-content\/uploads\/2021\/08\/1100-210814DCB-002_1100-scaled.jpg","datePublished":"2025-06-26T13:37:20+00:00","dateModified":"2026-04-12T15:35:25+00:00","description":"Motorrad-Sicherheitstraining im Driving Center Baden - MotoControl-Instruktoren - konkurrenzlos viel Fahrzeit - Optimaler Motorrad-Saisonstart 2026 - Jetzt online buchen! -","breadcrumb":{"@id":"https:\/\/black-forest-speed-club.de\/hp2020\/produkt\/motorrad-kurvenschule-driving-center-baden-29-30-5-2026\/#breadcrumb"},"inLanguage":"de","potentialAction":[{"@type":"ReadAction","target":["https:\/\/black-forest-speed-club.de\/hp2020\/produkt\/motorrad-kurvenschule-driving-center-baden-29-30-5-2026\/"]}]},{"@type":"ImageObject","inLanguage":"de","@id":"https:\/\/black-forest-speed-club.de\/hp2020\/produkt\/motorrad-kurvenschule-driving-center-baden-29-30-5-2026\/#primaryimage","url":"https:\/\/black-forest-speed-club.de\/hp2020\/wp-content\/uploads\/2021\/08\/1100-210814DCB-002_1100-scaled.jpg","contentUrl":"https:\/\/black-forest-speed-club.de\/hp2020\/wp-content\/uploads\/2021\/08\/1100-210814DCB-002_1100-scaled.jpg","width":2560,"height":1707,"caption":"Driving Center Baden Kurvenschule Black Forest Speed Club"},{"@type":"BreadcrumbList","@id":"https:\/\/black-forest-speed-club.de\/hp2020\/produkt\/motorrad-kurvenschule-driving-center-baden-29-30-5-2026\/#breadcrumb","itemListElement":[{"@type":"ListItem","position":1,"name":"Startseite","item":"https:\/\/black-forest-speed-club.de\/hp2020\/"},{"@type":"ListItem","position":2,"name":"Shop","item":"https:\/\/black-forest-speed-club.de\/hp2020\/shop\/"},{"@type":"ListItem","position":3,"name":"Motorrad-Kurvenschule Driving Center Baden 29.-30.5.2026 (Freitag-Samstag) ***Restpl\u00e4tze***"}]},{"@type":"WebSite","@id":"\/#website","url":"\/","name":"Black Forest Speed Club","description":"Motorrad-Events von Matthias Schr\u00f6ter","publisher":{"@id":"\/#organization"},"alternateName":"BFSC","potentialAction":[{"@type":"SearchAction","target":{"@type":"EntryPoint","urlTemplate":"\/?s={search_term_string}"},"query-input":{"@type":"PropertyValueSpecification","valueRequired":true,"valueName":"search_term_string"}}],"inLanguage":"de"},{"@type":"Organization","@id":"\/#organization","name":"Matthias Schr\u00f6ter GmbH","alternateName":"Matthias Schr\u00f6ter GmbH","url":"\/","logo":{"@type":"ImageObject","inLanguage":"de","@id":"\/#\/schema\/logo\/image\/","url":"https:\/\/black-forest-speed-club.de\/hp2020\/wp-content\/uploads\/2020\/02\/WhatsApp-Image-2019-07-01-at-18.37.24.jpeg","contentUrl":"https:\/\/black-forest-speed-club.de\/hp2020\/wp-content\/uploads\/2020\/02\/WhatsApp-Image-2019-07-01-at-18.37.24.jpeg","width":1368,"height":912,"caption":"Matthias Schr\u00f6ter GmbH"},"image":{"@id":"\/#\/schema\/logo\/image\/"},"sameAs":["https:\/\/www.facebook.com\/Blackforestspeedclub","https:\/\/www.facebook.com\/bridgestoneridingschool","https:\/\/www.facebook.com\/Triumph.Street.Triple.Cup"],"email":"matthias@black-forest-speed-club.de","telephone":"017676986672","legalName":"Matthias Schr\u00f6ter GmbH","foundingDate":"2019-03-29","vatID":"DE815821352","taxID":"42418712007","numberOfEmployees":{"@type":"QuantitativeValue","minValue":"1","maxValue":"10"}}]},"og_availability":"instock","product_availability":"instock","product_retailer_item_id":"1-2024-3-1-1-2-1-2-2-1-2-1-1-1-1","product_condition":"new"},"_links":{"self":[{"href":"https:\/\/black-forest-speed-club.de\/hp2020\/wp-json\/wp\/v2\/product\/17765","targetHints":{"allow":["GET"]}}],"collection":[{"href":"https:\/\/black-forest-speed-club.de\/hp2020\/wp-json\/wp\/v2\/product"}],"about":[{"href":"https:\/\/black-forest-speed-club.de\/hp2020\/wp-json\/wp\/v2\/types\/product"}],"wp:featuredmedia":[{"embeddable":true,"href":"https:\/\/black-forest-speed-club.de\/hp2020\/wp-json\/wp\/v2\/media\/8597"}],"wp:attachment":[{"href":"https:\/\/black-forest-speed-club.de\/hp2020\/wp-json\/wp\/v2\/media?parent=17765"}],"wp:term":[{"taxonomy":"product_brand","embeddable":true,"href":"https:\/\/black-forest-speed-club.de\/hp2020\/wp-json\/wp\/v2\/product_brand?post=17765"},{"taxonomy":"product_cat","embeddable":true,"href":"https:\/\/black-forest-speed-club.de\/hp2020\/wp-json\/wp\/v2\/product_cat?post=17765"},{"taxonomy":"product_tag","embeddable":true,"href":"https:\/\/black-forest-speed-club.de\/hp2020\/wp-json\/wp\/v2\/product_tag?post=17765"}],"curies":[{"name":"wp","href":"https:\/\/api.w.org\/{rel}","templated":true}]}}