{"id":9575,"date":"2022-02-01T09:20:56","date_gmt":"2022-02-01T08:20:56","guid":{"rendered":"https:\/\/black-forest-speed-club.de\/?page_id=9575"},"modified":"2024-01-17T08:04:54","modified_gmt":"2024-01-17T07:04:54","slug":"bosch-pruefzentrum-boxberg","status":"publish","type":"page","link":"https:\/\/black-forest-speed-club.de\/hp2020\/strecken\/bosch-pruefzentrum-boxberg\/","title":{"rendered":"Bosch Pr\u00fcfzentrum Boxberg"},"content":{"rendered":"<p><div class=\"fusion-fullwidth fullwidth-box fusion-builder-row-1 fusion-flex-container nonhundred-percent-fullwidth non-hundred-percent-height-scrolling\" style=\"--awb-border-sizes-top:3px;--awb-border-sizes-bottom:3px;--awb-border-color:#000000;--awb-border-radius-top-left:0px;--awb-border-radius-top-right:0px;--awb-border-radius-bottom-right:0px;--awb-border-radius-bottom-left:0px;--awb-padding-top:1vh;--awb-padding-bottom:0.8vh;--awb-margin-bottom:8vh;--awb-flex-wrap:wrap;\" ><div class=\"fusion-builder-row fusion-row fusion-flex-align-items-flex-start fusion-flex-content-wrap\" style=\"max-width:1248px;margin-left: calc(-4% \/ 2 );margin-right: calc(-4% \/ 2 );\"><div class=\"fusion-layout-column fusion_builder_column fusion-builder-column-0 fusion_builder_column_1_1 1_1 fusion-flex-column\" style=\"--awb-bg-size:cover;--awb-width-large:100%;--awb-margin-top-large:0px;--awb-spacing-right-large:1.92%;--awb-margin-bottom-large:0px;--awb-spacing-left-large:1.92%;--awb-width-medium:100%;--awb-order-medium:0;--awb-spacing-right-medium:1.92%;--awb-spacing-left-medium:1.92%;--awb-width-small:100%;--awb-order-small:0;--awb-spacing-right-small:1.92%;--awb-spacing-left-small:1.92%;\"><div class=\"fusion-column-wrapper fusion-column-has-shadow fusion-flex-justify-content-flex-start fusion-content-layout-column\"><div class=\"fusion-title title fusion-title-1 fusion-sep-none fusion-title-center fusion-title-text fusion-title-size-one\" style=\"--awb-text-color:#444444;--awb-margin-top-small:10px;--awb-margin-right-small:0px;--awb-margin-bottom-small:10px;--awb-margin-left-small:0px;\"><h1 class=\"fusion-title-heading title-heading-center fusion-responsive-typography-calculated\" style=\"margin:0;text-transform:uppercase;--fontSize:48;line-height:1.2;\">Bosch Pr\u00fcfzentrum Boxberg<\/h1><\/div><\/div><\/div><\/div><\/div><div class=\"fusion-fullwidth fullwidth-box fusion-builder-row-2 fusion-flex-container nonhundred-percent-fullwidth non-hundred-percent-height-scrolling\" style=\"--awb-border-radius-top-left:0px;--awb-border-radius-top-right:0px;--awb-border-radius-bottom-right:0px;--awb-border-radius-bottom-left:0px;--awb-margin-bottom:40px;--awb-flex-wrap:wrap;\" ><div class=\"fusion-builder-row fusion-row fusion-flex-align-items-flex-start fusion-flex-content-wrap\" style=\"max-width:1248px;margin-left: calc(-4% \/ 2 );margin-right: calc(-4% \/ 2 );\"><div class=\"fusion-layout-column fusion_builder_column fusion-builder-column-1 fusion_builder_column_1_2 1_2 fusion-flex-column\" style=\"--awb-bg-size:cover;--awb-width-large:50%;--awb-margin-top-large:0px;--awb-spacing-right-large:3.84%;--awb-margin-bottom-large:20px;--awb-spacing-left-large:3.84%;--awb-width-medium:100%;--awb-order-medium:0;--awb-spacing-right-medium:1.92%;--awb-spacing-left-medium:1.92%;--awb-width-small:100%;--awb-order-small:0;--awb-spacing-right-small:1.92%;--awb-spacing-left-small:1.92%;\"><div class=\"fusion-column-wrapper fusion-column-has-shadow fusion-flex-justify-content-flex-start fusion-content-layout-column\"><div class=\"fusion-title title fusion-title-2 fusion-sep-none fusion-title-text fusion-title-size-one\" style=\"--awb-margin-bottom:30px;--awb-margin-top-small:10px;--awb-margin-right-small:0px;--awb-margin-bottom-small:10px;--awb-margin-left-small:0px;--awb-font-size:1.5em;\"><h1 class=\"fusion-title-heading title-heading-left fusion-responsive-typography-calculated\" style=\"font-family:&quot;Barlow&quot;;font-style:normal;font-weight:500;margin:0;text-transform:none;font-size:1em;--fontSize:24;line-height:1.2;\">Bosch Pr\u00fcfzentrum Boxberg<\/h1><\/div><div class=\"fusion-text fusion-text-1\" style=\"--awb-text-transform:none;\"><table width=\"607\">\n<tbody>\n<tr>\n<td width=\"607\">Einzigartiges Areal und tats\u00e4chlich ein Geheimtipp. Nur wenige Trainingsanbieter kommen in den Genuss von Terminen, denn eigentlich werden auf den \u00fcber 15 Kilometer umfassenden Strecken im Bosch Pr\u00fcfzentrum Boxberg geheime Prototyen der Fahrzeugindustrie erprobt. Wir bieten in diesem aus unserer Sicht in Europa einzigartigen Gel\u00e4nde, das u.a. auch \u00fcber ein Hochgeschwindigkeits-Oval verf\u00fcgt, ein sehr intensives und umfassendes Fahrsicherheitstraining f\u00fcr Motorr\u00e4der im XXL-Format an.<\/td>\n<\/tr>\n<\/tbody>\n<\/table>\n<\/div><\/div><\/div><div class=\"fusion-layout-column fusion_builder_column fusion-builder-column-2 fusion_builder_column_1_2 1_2 fusion-flex-column\" style=\"--awb-bg-size:cover;--awb-border-color:var(--awb-color3);--awb-border-top:1px;--awb-border-right:1px;--awb-border-bottom:1px;--awb-border-left:1px;--awb-border-style:solid;--awb-width-large:50%;--awb-margin-top-large:0px;--awb-spacing-right-large:3.84%;--awb-margin-bottom-large:20px;--awb-spacing-left-large:3.84%;--awb-width-medium:100%;--awb-order-medium:0;--awb-spacing-right-medium:1.92%;--awb-spacing-left-medium:1.92%;--awb-width-small:100%;--awb-order-small:0;--awb-spacing-right-small:1.92%;--awb-spacing-left-small:1.92%;\"><div class=\"fusion-column-wrapper fusion-column-has-shadow fusion-flex-justify-content-flex-start fusion-content-layout-column\"><div class=\"fusion-image-element \" style=\"--awb-caption-title-font-family:var(--h2_typography-font-family);--awb-caption-title-font-weight:var(--h2_typography-font-weight);--awb-caption-title-font-style:var(--h2_typography-font-style);--awb-caption-title-size:var(--h2_typography-font-size);--awb-caption-title-transform:var(--h2_typography-text-transform);--awb-caption-title-line-height:var(--h2_typography-line-height);--awb-caption-title-letter-spacing:var(--h2_typography-letter-spacing);\"><span class=\" fusion-imageframe imageframe-none imageframe-1 hover-type-none\"><img decoding=\"async\" width=\"1200\" height=\"800\" title=\"strecke-logo-boxberg\" src=\"https:\/\/black-forest-speed-club.de\/hp2020\/wp-content\/uploads\/2022\/01\/strecke-logo-boxberg.jpg\" data-orig-src=\"https:\/\/black-forest-speed-club.de\/hp2020\/wp-content\/uploads\/2022\/01\/strecke-logo-boxberg.jpg\" alt class=\"lazyload img-responsive wp-image-9476\" srcset=\"data:image\/svg+xml,%3Csvg%20xmlns%3D%27http%3A%2F%2Fwww.w3.org%2F2000%2Fsvg%27%20width%3D%271200%27%20height%3D%27800%27%20viewBox%3D%270%200%201200%20800%27%3E%3Crect%20width%3D%271200%27%20height%3D%27800%27%20fill-opacity%3D%220%22%2F%3E%3C%2Fsvg%3E\" data-srcset=\"https:\/\/black-forest-speed-club.de\/hp2020\/wp-content\/uploads\/2022\/01\/strecke-logo-boxberg-200x133.jpg 200w, https:\/\/black-forest-speed-club.de\/hp2020\/wp-content\/uploads\/2022\/01\/strecke-logo-boxberg-400x267.jpg 400w, https:\/\/black-forest-speed-club.de\/hp2020\/wp-content\/uploads\/2022\/01\/strecke-logo-boxberg-600x400.jpg 600w, https:\/\/black-forest-speed-club.de\/hp2020\/wp-content\/uploads\/2022\/01\/strecke-logo-boxberg-800x533.jpg 800w, https:\/\/black-forest-speed-club.de\/hp2020\/wp-content\/uploads\/2022\/01\/strecke-logo-boxberg.jpg 1200w\" data-sizes=\"auto\" data-orig-sizes=\"(max-width: 1024px) 100vw, (max-width: 640px) 100vw, 600px\" \/><\/span><\/div><\/div><\/div><\/div><\/div><div class=\"fusion-fullwidth fullwidth-box fusion-builder-row-3 fusion-flex-container nonhundred-percent-fullwidth non-hundred-percent-height-scrolling\" style=\"--awb-border-sizes-top:2px;--awb-border-sizes-bottom:2px;--awb-border-color:#000000;--awb-border-radius-top-left:0px;--awb-border-radius-top-right:0px;--awb-border-radius-bottom-right:0px;--awb-border-radius-bottom-left:0px;--awb-padding-top:10px;--awb-padding-bottom:10px;--awb-margin-top:5vh;--awb-margin-bottom:5vh;--awb-flex-wrap:wrap;\" ><div class=\"fusion-builder-row fusion-row fusion-flex-align-items-flex-start fusion-flex-content-wrap\" style=\"max-width:1248px;margin-left: calc(-4% \/ 2 );margin-right: calc(-4% \/ 2 );\"><div class=\"fusion-layout-column fusion_builder_column fusion-builder-column-3 fusion_builder_column_1_1 1_1 fusion-flex-column\" style=\"--awb-bg-size:cover;--awb-width-large:100%;--awb-margin-top-large:0px;--awb-spacing-right-large:1.92%;--awb-margin-bottom-large:0px;--awb-spacing-left-large:1.92%;--awb-width-medium:100%;--awb-order-medium:0;--awb-spacing-right-medium:1.92%;--awb-spacing-left-medium:1.92%;--awb-width-small:100%;--awb-order-small:0;--awb-spacing-right-small:1.92%;--awb-spacing-left-small:1.92%;\"><div class=\"fusion-column-wrapper fusion-column-has-shadow fusion-flex-justify-content-flex-start fusion-content-layout-column\"><div class=\"fusion-title title fusion-title-3 fusion-sep-none fusion-title-text fusion-title-size-two subheadline-textbold\" style=\"--awb-margin-top-small:10px;--awb-margin-right-small:0px;--awb-margin-bottom-small:10px;--awb-margin-left-small:0px;\"><h2 class=\"fusion-title-heading title-heading-left fusion-responsive-typography-calculated\" style=\"font-family:&quot;Barlow&quot;;font-style:normal;font-weight:400;margin:0;--fontSize:32;line-height:var(--awb-typography1-line-height);\"><strong>Bosch Pr\u00fcfzentrum Boxberg<\/strong>\u00a0&#8211; alle Veranstaltungen<\/h2><\/div><\/div><\/div><\/div><\/div><div class=\"fusion-fullwidth fullwidth-box fusion-builder-row-4 fusion-flex-container nonhundred-percent-fullwidth non-hundred-percent-height-scrolling\" style=\"--awb-border-radius-top-left:0px;--awb-border-radius-top-right:0px;--awb-border-radius-bottom-right:0px;--awb-border-radius-bottom-left:0px;--awb-flex-wrap:wrap;\" ><div class=\"fusion-builder-row fusion-row fusion-flex-align-items-flex-start fusion-flex-content-wrap\" style=\"max-width:1248px;margin-left: calc(-4% \/ 2 );margin-right: calc(-4% \/ 2 );\"><div class=\"fusion-layout-column fusion_builder_column fusion-builder-column-4 fusion_builder_column_1_1 1_1 fusion-flex-column\" style=\"--awb-bg-size:cover;--awb-width-large:100%;--awb-margin-top-large:0px;--awb-spacing-right-large:1.92%;--awb-margin-bottom-large:20px;--awb-spacing-left-large:1.92%;--awb-width-medium:100%;--awb-order-medium:0;--awb-spacing-right-medium:1.92%;--awb-spacing-left-medium:1.92%;--awb-width-small:100%;--awb-order-small:0;--awb-spacing-right-small:1.92%;--awb-spacing-left-small:1.92%;\"><div class=\"fusion-column-wrapper fusion-column-has-shadow fusion-flex-justify-content-flex-start fusion-content-layout-column\"><div class=\"woocommerce columns-4 \"><\/div><div class=\"fusion-woo-product-grid fusion-product-archive fusion-woo-product-grid-1\"><ul class=\"products products-3\"><li class=\"product type-product post-18000 status-publish first instock product_cat-motorrad-sicherheitstraining product_cat-bosch-pruefzentrum-boxberg product_tag-motorrad-training-boxberg product_tag-schraeglagen-training-boxberg product_tag-motorrad-fahrdynamik-training product_tag-motorrad-kurvenschule product_tag-motorrad-sicherheitstraining has-post-thumbnail sold-individually taxable shipping-taxable purchasable product-type-variable product-grid-view\">\n\t<div class=\"fusion-product-wrapper\">\n<a href=\"https:\/\/black-forest-speed-club.de\/hp2020\/produkt\/motorrad-schraeglagen-training-xxl-bosch-pruefzentrum-boxberg-23-5-2026\/\" class=\"product-images\" aria-label=\"Motorrad-Schr\u00e4glagen-Training XXL Bosch Pr\u00fcfzentrum Boxberg 23.5.2026 (Samstag) ***Restpl\u00e4tze***\">\n\n<div class=\"featured-image\">\n\t\t<img decoding=\"async\" width=\"500\" height=\"333\" src=\"https:\/\/black-forest-speed-club.de\/hp2020\/wp-content\/uploads\/2025\/10\/1000-250427-B-099_1000-500x333.jpg\" class=\"attachment-woocommerce_thumbnail size-woocommerce_thumbnail lazyload wp-post-image\" alt=\"\" srcset=\"data:image\/svg+xml,%3Csvg%20xmlns%3D%27http%3A%2F%2Fwww.w3.org%2F2000%2Fsvg%27%20width%3D%271500%27%20height%3D%271000%27%20viewBox%3D%270%200%201500%201000%27%3E%3Crect%20width%3D%271500%27%20height%3D%271000%27%20fill-opacity%3D%220%22%2F%3E%3C%2Fsvg%3E\" data-orig-src=\"https:\/\/black-forest-speed-club.de\/hp2020\/wp-content\/uploads\/2025\/10\/1000-250427-B-099_1000-500x333.jpg\" data-srcset=\"https:\/\/black-forest-speed-club.de\/hp2020\/wp-content\/uploads\/2025\/10\/1000-250427-B-099_1000-60x40.jpg 60w, https:\/\/black-forest-speed-club.de\/hp2020\/wp-content\/uploads\/2025\/10\/1000-250427-B-099_1000-200x133.jpg 200w, https:\/\/black-forest-speed-club.de\/hp2020\/wp-content\/uploads\/2025\/10\/1000-250427-B-099_1000-300x200.jpg 300w, https:\/\/black-forest-speed-club.de\/hp2020\/wp-content\/uploads\/2025\/10\/1000-250427-B-099_1000-400x267.jpg 400w, https:\/\/black-forest-speed-club.de\/hp2020\/wp-content\/uploads\/2025\/10\/1000-250427-B-099_1000-500x333.jpg 500w, https:\/\/black-forest-speed-club.de\/hp2020\/wp-content\/uploads\/2025\/10\/1000-250427-B-099_1000-600x400.jpg 600w, https:\/\/black-forest-speed-club.de\/hp2020\/wp-content\/uploads\/2025\/10\/1000-250427-B-099_1000-700x467.jpg 700w, https:\/\/black-forest-speed-club.de\/hp2020\/wp-content\/uploads\/2025\/10\/1000-250427-B-099_1000-768x512.jpg 768w, https:\/\/black-forest-speed-club.de\/hp2020\/wp-content\/uploads\/2025\/10\/1000-250427-B-099_1000-800x533.jpg 800w, https:\/\/black-forest-speed-club.de\/hp2020\/wp-content\/uploads\/2025\/10\/1000-250427-B-099_1000-1024x683.jpg 1024w, https:\/\/black-forest-speed-club.de\/hp2020\/wp-content\/uploads\/2025\/10\/1000-250427-B-099_1000-1200x800.jpg 1200w, https:\/\/black-forest-speed-club.de\/hp2020\/wp-content\/uploads\/2025\/10\/1000-250427-B-099_1000.jpg 1500w\" data-sizes=\"auto\" \/>\n\t\t\t\t\t\t<div class=\"cart-loading\"><i class=\"awb-icon-spinner\" aria-hidden=\"true\"><\/i><\/div>\n\t\t\t<\/div>\n<\/a>\n<div class=\"fusion-product-content\">\n\t<div class=\"product-details\">\n\t\t<div class=\"product-details-container\">\n<h3 class=\"product-title\">\n\t<a href=\"https:\/\/black-forest-speed-club.de\/hp2020\/produkt\/motorrad-schraeglagen-training-xxl-bosch-pruefzentrum-boxberg-23-5-2026\/\">\n\t\tMotorrad-Schr\u00e4glagen-Training XXL Bosch Pr\u00fcfzentrum Boxberg 23.5.2026 (Samstag) ***Restpl\u00e4tze***\t<\/a>\n<\/h3>\n<div class=\"fusion-price-rating\">\n\n\t<span class=\"price\">ab <span class=\"woocommerce-Price-amount amount\"><bdi>349,00&nbsp;<span class=\"woocommerce-Price-currencySymbol\">&euro;<\/span><\/bdi><\/span><\/span>\n\n\t\t<\/div>\n\t<\/div>\n<\/div>\n\n\n\t<div class=\"product-buttons\">\n\t\t<div class=\"fusion-content-sep sep-double sep-solid\"><\/div>\n\t\t<div class=\"product-buttons-container clearfix\">\n\n\t<p class=\"wc-gzd-additional-info wc-gzd-additional-info-loop tax-info\">inkl. MwSt.<\/p>\n<span class=\"gtm4wp_productdata\" style=\"display:none; visibility:hidden;\" data-gtm4wp_product_data=\"{&quot;internal_id&quot;:18000,&quot;item_id&quot;:18000,&quot;item_name&quot;:&quot;Motorrad-Schr\\u00e4glagen-Training XXL Bosch Pr\\u00fcfzentrum Boxberg 23.5.2026 (Samstag) ***Restpl\\u00e4tze***&quot;,&quot;sku&quot;:18000,&quot;price&quot;:349,&quot;stocklevel&quot;:100,&quot;stockstatus&quot;:&quot;instock&quot;,&quot;google_business_vertical&quot;:&quot;retail&quot;,&quot;item_category&quot;:&quot;Motorrad-Sicherheitstraining&quot;,&quot;id&quot;:18000,&quot;productlink&quot;:&quot;https:\\\/\\\/black-forest-speed-club.de\\\/hp2020\\\/produkt\\\/motorrad-schraeglagen-training-xxl-bosch-pruefzentrum-boxberg-23-5-2026\\\/&quot;,&quot;item_list_name&quot;:&quot;General Product List&quot;,&quot;index&quot;:1,&quot;product_type&quot;:&quot;variable&quot;,&quot;item_brand&quot;:&quot;&quot;}\"><\/span><a href=\"https:\/\/black-forest-speed-club.de\/hp2020\/produkt\/motorrad-schraeglagen-training-xxl-bosch-pruefzentrum-boxberg-23-5-2026\/\" aria-describedby=\"woocommerce_loop_add_to_cart_link_describedby_18000\" data-quantity=\"1\" class=\"button product_type_variable add_to_cart_button\" data-product_id=\"18000\" data-product_sku=\"\" aria-label=\"W\u00e4hlen Sie die Optionen f\u00fcr \u201eMotorrad-Schr\u00e4glagen-Training XXL Bosch Pr\u00fcfzentrum Boxberg 23.5.2026 (Samstag) ***Restpl\u00e4tze***\u201c\" rel=\"nofollow\">Ausf\u00fchrung w\u00e4hlen<\/a>\t<span id=\"woocommerce_loop_add_to_cart_link_describedby_18000\" class=\"screen-reader-text\">\n\t\tDieses Produkt weist mehrere Varianten auf. Die Optionen k\u00f6nnen auf der Produktseite gew\u00e4hlt werden\t<\/span>\n\n<a href=\"https:\/\/black-forest-speed-club.de\/hp2020\/produkt\/motorrad-schraeglagen-training-xxl-bosch-pruefzentrum-boxberg-23-5-2026\/\" class=\"show_details_button\">\n\tDetails<\/a>\n\n\n\t<\/div>\n\t<\/div>\n\n\t<\/div> <\/div>\n<\/li>\n<\/ul><div class=\"fusion-woo-product-grid-pagination fusion-clearfix\"><\/div><\/div><\/div><\/div><\/div><\/div><\/p>\n","protected":false},"excerpt":{"rendered":"","protected":false},"author":11,"featured_media":0,"parent":9561,"menu_order":11,"comment_status":"closed","ping_status":"closed","template":"","meta":{"footnotes":""},"class_list":["post-9575","page","type-page","status-publish","hentry"],"yoast_head":"<!-- This site is optimized with the Yoast SEO Premium plugin v25.7.1 (Yoast SEO v27.5) - https:\/\/yoast.com\/product\/yoast-seo-premium-wordpress\/ -->\n<title>Bosch Pr\u00fcfzentrum Boxberg - Black Forest Speed Club<\/title>\n<meta name=\"description\" content=\"Intensives und umfassendes Motorrad-Sicherheitstraining f\u00fcr alle Motorradfahrerinnen und Motorradfahrer\" \/>\n<meta name=\"robots\" content=\"index, follow, max-snippet:-1, max-image-preview:large, max-video-preview:-1\" \/>\n<link rel=\"canonical\" href=\"https:\/\/black-forest-speed-club.de\/hp2020\/strecken\/bosch-pruefzentrum-boxberg\/\" \/>\n<meta property=\"og:locale\" content=\"de_DE\" \/>\n<meta property=\"og:type\" content=\"article\" \/>\n<meta property=\"og:title\" content=\"Bosch Pr\u00fcfzentrum Boxberg\" \/>\n<meta property=\"og:url\" content=\"https:\/\/black-forest-speed-club.de\/hp2020\/strecken\/bosch-pruefzentrum-boxberg\/\" \/>\n<meta property=\"og:site_name\" content=\"Black Forest Speed Club\" \/>\n<meta property=\"article:publisher\" content=\"https:\/\/www.facebook.com\/Blackforestspeedclub\" \/>\n<meta property=\"article:modified_time\" content=\"2024-01-17T07:04:54+00:00\" \/>\n<meta property=\"og:image\" content=\"https:\/\/black-forest-speed-club.de\/hp2020\/wp-content\/uploads\/2023\/02\/cropped-Bild-25.02.23-um-12.41.jpeg\" \/>\n\t<meta property=\"og:image:width\" content=\"512\" \/>\n\t<meta property=\"og:image:height\" content=\"512\" \/>\n\t<meta property=\"og:image:type\" content=\"image\/jpeg\" \/>\n<meta name=\"twitter:card\" content=\"summary_large_image\" \/>\n<meta name=\"twitter:label1\" content=\"Gesch\u00e4tzte Lesezeit\" \/>\n\t<meta name=\"twitter:data1\" content=\"2\u00a0Minuten\" \/>\n<script type=\"application\/ld+json\" class=\"yoast-schema-graph\">{\"@context\":\"https:\\\/\\\/schema.org\",\"@graph\":[{\"@type\":\"WebPage\",\"@id\":\"https:\\\/\\\/black-forest-speed-club.de\\\/hp2020\\\/strecken\\\/bosch-pruefzentrum-boxberg\\\/\",\"url\":\"https:\\\/\\\/black-forest-speed-club.de\\\/hp2020\\\/strecken\\\/bosch-pruefzentrum-boxberg\\\/\",\"name\":\"Bosch Pr\u00fcfzentrum Boxberg - Black Forest Speed Club\",\"isPartOf\":{\"@id\":\"\\\/#website\"},\"datePublished\":\"2022-02-01T08:20:56+00:00\",\"dateModified\":\"2024-01-17T07:04:54+00:00\",\"description\":\"Intensives und umfassendes Motorrad-Sicherheitstraining f\u00fcr alle Motorradfahrerinnen und Motorradfahrer\",\"breadcrumb\":{\"@id\":\"https:\\\/\\\/black-forest-speed-club.de\\\/hp2020\\\/strecken\\\/bosch-pruefzentrum-boxberg\\\/#breadcrumb\"},\"inLanguage\":\"de\",\"potentialAction\":[{\"@type\":\"ReadAction\",\"target\":[\"https:\\\/\\\/black-forest-speed-club.de\\\/hp2020\\\/strecken\\\/bosch-pruefzentrum-boxberg\\\/\"]}]},{\"@type\":\"BreadcrumbList\",\"@id\":\"https:\\\/\\\/black-forest-speed-club.de\\\/hp2020\\\/strecken\\\/bosch-pruefzentrum-boxberg\\\/#breadcrumb\",\"itemListElement\":[{\"@type\":\"ListItem\",\"position\":1,\"name\":\"Startseite\",\"item\":\"https:\\\/\\\/black-forest-speed-club.de\\\/hp2020\\\/\"},{\"@type\":\"ListItem\",\"position\":2,\"name\":\"Strecken\",\"item\":\"https:\\\/\\\/black-forest-speed-club.de\\\/hp2020\\\/strecken\\\/\"},{\"@type\":\"ListItem\",\"position\":3,\"name\":\"Bosch Pr\u00fcfzentrum Boxberg\"}]},{\"@type\":\"WebSite\",\"@id\":\"\\\/#website\",\"url\":\"\\\/\",\"name\":\"Black Forest Speed Club\",\"description\":\"Motorrad-Events von Matthias Schr\u00f6ter\",\"publisher\":{\"@id\":\"\\\/#organization\"},\"alternateName\":\"BFSC\",\"potentialAction\":[{\"@type\":\"SearchAction\",\"target\":{\"@type\":\"EntryPoint\",\"urlTemplate\":\"\\\/?s={search_term_string}\"},\"query-input\":{\"@type\":\"PropertyValueSpecification\",\"valueRequired\":true,\"valueName\":\"search_term_string\"}}],\"inLanguage\":\"de\"},{\"@type\":\"Organization\",\"@id\":\"\\\/#organization\",\"name\":\"Matthias Schr\u00f6ter GmbH\",\"alternateName\":\"Matthias Schr\u00f6ter GmbH\",\"url\":\"\\\/\",\"logo\":{\"@type\":\"ImageObject\",\"inLanguage\":\"de\",\"@id\":\"\\\/#\\\/schema\\\/logo\\\/image\\\/\",\"url\":\"https:\\\/\\\/black-forest-speed-club.de\\\/hp2020\\\/wp-content\\\/uploads\\\/2020\\\/02\\\/WhatsApp-Image-2019-07-01-at-18.37.24.jpeg\",\"contentUrl\":\"https:\\\/\\\/black-forest-speed-club.de\\\/hp2020\\\/wp-content\\\/uploads\\\/2020\\\/02\\\/WhatsApp-Image-2019-07-01-at-18.37.24.jpeg\",\"width\":1368,\"height\":912,\"caption\":\"Matthias Schr\u00f6ter GmbH\"},\"image\":{\"@id\":\"\\\/#\\\/schema\\\/logo\\\/image\\\/\"},\"sameAs\":[\"https:\\\/\\\/www.facebook.com\\\/Blackforestspeedclub\",\"https:\\\/\\\/www.facebook.com\\\/bridgestoneridingschool\",\"https:\\\/\\\/www.facebook.com\\\/Triumph.Street.Triple.Cup\"],\"email\":\"matthias@black-forest-speed-club.de\",\"telephone\":\"017676986672\",\"legalName\":\"Matthias Schr\u00f6ter GmbH\",\"foundingDate\":\"2019-03-29\",\"vatID\":\"DE815821352\",\"taxID\":\"42418712007\",\"numberOfEmployees\":{\"@type\":\"QuantitativeValue\",\"minValue\":\"1\",\"maxValue\":\"10\"}}]}<\/script>\n<!-- \/ Yoast SEO Premium plugin. -->","yoast_head_json":{"title":"Bosch Pr\u00fcfzentrum Boxberg - Black Forest Speed Club","description":"Intensives und umfassendes Motorrad-Sicherheitstraining f\u00fcr alle Motorradfahrerinnen und Motorradfahrer","robots":{"index":"index","follow":"follow","max-snippet":"max-snippet:-1","max-image-preview":"max-image-preview:large","max-video-preview":"max-video-preview:-1"},"canonical":"https:\/\/black-forest-speed-club.de\/hp2020\/strecken\/bosch-pruefzentrum-boxberg\/","og_locale":"de_DE","og_type":"article","og_title":"Bosch Pr\u00fcfzentrum Boxberg","og_url":"https:\/\/black-forest-speed-club.de\/hp2020\/strecken\/bosch-pruefzentrum-boxberg\/","og_site_name":"Black Forest Speed Club","article_publisher":"https:\/\/www.facebook.com\/Blackforestspeedclub","article_modified_time":"2024-01-17T07:04:54+00:00","og_image":[{"width":512,"height":512,"url":"https:\/\/black-forest-speed-club.de\/hp2020\/wp-content\/uploads\/2023\/02\/cropped-Bild-25.02.23-um-12.41.jpeg","type":"image\/jpeg"}],"twitter_card":"summary_large_image","twitter_misc":{"Gesch\u00e4tzte Lesezeit":"2\u00a0Minuten"},"schema":{"@context":"https:\/\/schema.org","@graph":[{"@type":"WebPage","@id":"https:\/\/black-forest-speed-club.de\/hp2020\/strecken\/bosch-pruefzentrum-boxberg\/","url":"https:\/\/black-forest-speed-club.de\/hp2020\/strecken\/bosch-pruefzentrum-boxberg\/","name":"Bosch Pr\u00fcfzentrum Boxberg - Black Forest Speed Club","isPartOf":{"@id":"\/#website"},"datePublished":"2022-02-01T08:20:56+00:00","dateModified":"2024-01-17T07:04:54+00:00","description":"Intensives und umfassendes Motorrad-Sicherheitstraining f\u00fcr alle Motorradfahrerinnen und Motorradfahrer","breadcrumb":{"@id":"https:\/\/black-forest-speed-club.de\/hp2020\/strecken\/bosch-pruefzentrum-boxberg\/#breadcrumb"},"inLanguage":"de","potentialAction":[{"@type":"ReadAction","target":["https:\/\/black-forest-speed-club.de\/hp2020\/strecken\/bosch-pruefzentrum-boxberg\/"]}]},{"@type":"BreadcrumbList","@id":"https:\/\/black-forest-speed-club.de\/hp2020\/strecken\/bosch-pruefzentrum-boxberg\/#breadcrumb","itemListElement":[{"@type":"ListItem","position":1,"name":"Startseite","item":"https:\/\/black-forest-speed-club.de\/hp2020\/"},{"@type":"ListItem","position":2,"name":"Strecken","item":"https:\/\/black-forest-speed-club.de\/hp2020\/strecken\/"},{"@type":"ListItem","position":3,"name":"Bosch Pr\u00fcfzentrum Boxberg"}]},{"@type":"WebSite","@id":"\/#website","url":"\/","name":"Black Forest Speed Club","description":"Motorrad-Events von Matthias Schr\u00f6ter","publisher":{"@id":"\/#organization"},"alternateName":"BFSC","potentialAction":[{"@type":"SearchAction","target":{"@type":"EntryPoint","urlTemplate":"\/?s={search_term_string}"},"query-input":{"@type":"PropertyValueSpecification","valueRequired":true,"valueName":"search_term_string"}}],"inLanguage":"de"},{"@type":"Organization","@id":"\/#organization","name":"Matthias Schr\u00f6ter GmbH","alternateName":"Matthias Schr\u00f6ter GmbH","url":"\/","logo":{"@type":"ImageObject","inLanguage":"de","@id":"\/#\/schema\/logo\/image\/","url":"https:\/\/black-forest-speed-club.de\/hp2020\/wp-content\/uploads\/2020\/02\/WhatsApp-Image-2019-07-01-at-18.37.24.jpeg","contentUrl":"https:\/\/black-forest-speed-club.de\/hp2020\/wp-content\/uploads\/2020\/02\/WhatsApp-Image-2019-07-01-at-18.37.24.jpeg","width":1368,"height":912,"caption":"Matthias Schr\u00f6ter GmbH"},"image":{"@id":"\/#\/schema\/logo\/image\/"},"sameAs":["https:\/\/www.facebook.com\/Blackforestspeedclub","https:\/\/www.facebook.com\/bridgestoneridingschool","https:\/\/www.facebook.com\/Triumph.Street.Triple.Cup"],"email":"matthias@black-forest-speed-club.de","telephone":"017676986672","legalName":"Matthias Schr\u00f6ter GmbH","foundingDate":"2019-03-29","vatID":"DE815821352","taxID":"42418712007","numberOfEmployees":{"@type":"QuantitativeValue","minValue":"1","maxValue":"10"}}]}},"_links":{"self":[{"href":"https:\/\/black-forest-speed-club.de\/hp2020\/wp-json\/wp\/v2\/pages\/9575","targetHints":{"allow":["GET"]}}],"collection":[{"href":"https:\/\/black-forest-speed-club.de\/hp2020\/wp-json\/wp\/v2\/pages"}],"about":[{"href":"https:\/\/black-forest-speed-club.de\/hp2020\/wp-json\/wp\/v2\/types\/page"}],"author":[{"embeddable":true,"href":"https:\/\/black-forest-speed-club.de\/hp2020\/wp-json\/wp\/v2\/users\/11"}],"replies":[{"embeddable":true,"href":"https:\/\/black-forest-speed-club.de\/hp2020\/wp-json\/wp\/v2\/comments?post=9575"}],"version-history":[{"count":11,"href":"https:\/\/black-forest-speed-club.de\/hp2020\/wp-json\/wp\/v2\/pages\/9575\/revisions"}],"predecessor-version":[{"id":14611,"href":"https:\/\/black-forest-speed-club.de\/hp2020\/wp-json\/wp\/v2\/pages\/9575\/revisions\/14611"}],"up":[{"embeddable":true,"href":"https:\/\/black-forest-speed-club.de\/hp2020\/wp-json\/wp\/v2\/pages\/9561"}],"wp:attachment":[{"href":"https:\/\/black-forest-speed-club.de\/hp2020\/wp-json\/wp\/v2\/media?parent=9575"}],"curies":[{"name":"wp","href":"https:\/\/api.w.org\/{rel}","templated":true}]}}