{"id":15892,"date":"2024-10-08T10:56:53","date_gmt":"2024-10-08T08:56:53","guid":{"rendered":"https:\/\/black-forest-speed-club.de\/?page_id=15892"},"modified":"2025-07-13T19:48:05","modified_gmt":"2025-07-13T17:48:05","slug":"neuhausen_ob_eck","status":"publish","type":"page","link":"https:\/\/black-forest-speed-club.de\/hp2020\/strecken\/neuhausen_ob_eck\/","title":{"rendered":"Neuhausen ob Eck"},"content":{"rendered":"<p><div class=\"fusion-fullwidth fullwidth-box fusion-builder-row-1 fusion-flex-container nonhundred-percent-fullwidth non-hundred-percent-height-scrolling\" style=\"--awb-border-sizes-top:3px;--awb-border-sizes-bottom:3px;--awb-border-color:#000000;--awb-border-radius-top-left:0px;--awb-border-radius-top-right:0px;--awb-border-radius-bottom-right:0px;--awb-border-radius-bottom-left:0px;--awb-padding-top:1vh;--awb-padding-bottom:0.8vh;--awb-margin-bottom:8vh;--awb-flex-wrap:wrap;\" ><div class=\"fusion-builder-row fusion-row fusion-flex-align-items-flex-start fusion-flex-content-wrap\" style=\"max-width:1248px;margin-left: calc(-4% \/ 2 );margin-right: calc(-4% \/ 2 );\"><div class=\"fusion-layout-column fusion_builder_column fusion-builder-column-0 fusion_builder_column_1_1 1_1 fusion-flex-column\" style=\"--awb-bg-size:cover;--awb-width-large:100%;--awb-margin-top-large:0px;--awb-spacing-right-large:1.92%;--awb-margin-bottom-large:0px;--awb-spacing-left-large:1.92%;--awb-width-medium:100%;--awb-order-medium:0;--awb-spacing-right-medium:1.92%;--awb-spacing-left-medium:1.92%;--awb-width-small:100%;--awb-order-small:0;--awb-spacing-right-small:1.92%;--awb-spacing-left-small:1.92%;\"><div class=\"fusion-column-wrapper fusion-column-has-shadow fusion-flex-justify-content-flex-start fusion-content-layout-column\"><div class=\"fusion-title title fusion-title-1 fusion-sep-none fusion-title-center fusion-title-text fusion-title-size-one\" style=\"--awb-text-color:#444444;--awb-margin-top-small:10px;--awb-margin-right-small:0px;--awb-margin-bottom-small:10px;--awb-margin-left-small:0px;\"><h1 class=\"fusion-title-heading title-heading-center fusion-responsive-typography-calculated\" style=\"margin:0;text-transform:uppercase;--fontSize:48;line-height:1.2;\">NEUHAUSEN OB ECK<\/h1><\/div><\/div><\/div><\/div><\/div><div class=\"fusion-fullwidth fullwidth-box fusion-builder-row-2 fusion-flex-container nonhundred-percent-fullwidth non-hundred-percent-height-scrolling\" style=\"--awb-border-radius-top-left:0px;--awb-border-radius-top-right:0px;--awb-border-radius-bottom-right:0px;--awb-border-radius-bottom-left:0px;--awb-margin-bottom:40px;--awb-flex-wrap:wrap;\" ><div class=\"fusion-builder-row fusion-row fusion-flex-align-items-flex-start fusion-flex-content-wrap\" style=\"max-width:1248px;margin-left: calc(-4% \/ 2 );margin-right: calc(-4% \/ 2 );\"><div class=\"fusion-layout-column fusion_builder_column fusion-builder-column-1 fusion_builder_column_1_2 1_2 fusion-flex-column\" style=\"--awb-bg-size:cover;--awb-width-large:50%;--awb-margin-top-large:0px;--awb-spacing-right-large:3.84%;--awb-margin-bottom-large:20px;--awb-spacing-left-large:3.84%;--awb-width-medium:100%;--awb-order-medium:0;--awb-spacing-right-medium:1.92%;--awb-spacing-left-medium:1.92%;--awb-width-small:100%;--awb-order-small:0;--awb-spacing-right-small:1.92%;--awb-spacing-left-small:1.92%;\"><div class=\"fusion-column-wrapper fusion-column-has-shadow fusion-flex-justify-content-flex-start fusion-content-layout-column\"><div class=\"fusion-title title fusion-title-2 fusion-sep-none fusion-title-text fusion-title-size-one\" style=\"--awb-margin-bottom:30px;--awb-margin-top-small:10px;--awb-margin-right-small:0px;--awb-margin-bottom-small:10px;--awb-margin-left-small:0px;--awb-font-size:1.5em;\"><h1 class=\"fusion-title-heading title-heading-left fusion-responsive-typography-calculated\" style=\"font-family:&quot;Barlow&quot;;font-style:normal;font-weight:500;margin:0;text-transform:none;font-size:1em;--fontSize:24;line-height:1.2;\">Neuhausen ob Eck<\/h1><\/div><div class=\"fusion-text fusion-text-1\" style=\"--awb-text-transform:none;\"><p>Der ehemalige Heeresflieger-Flugplatz in der N\u00e4he von Tuttlingen eignet sich mit seinen riesigen Fl\u00e4chen und guter Infrastruktur ideal f\u00fcr unser Motorrad-Sicherheitstraining.<\/p>\n<\/div><\/div><\/div><div class=\"fusion-layout-column fusion_builder_column fusion-builder-column-2 fusion_builder_column_1_2 1_2 fusion-flex-column\" style=\"--awb-bg-size:cover;--awb-border-color:var(--awb-color3);--awb-border-top:1px;--awb-border-right:1px;--awb-border-bottom:1px;--awb-border-left:1px;--awb-border-style:solid;--awb-width-large:50%;--awb-margin-top-large:0px;--awb-spacing-right-large:3.84%;--awb-margin-bottom-large:20px;--awb-spacing-left-large:3.84%;--awb-width-medium:100%;--awb-order-medium:0;--awb-spacing-right-medium:1.92%;--awb-spacing-left-medium:1.92%;--awb-width-small:100%;--awb-order-small:0;--awb-spacing-right-small:1.92%;--awb-spacing-left-small:1.92%;\"><div class=\"fusion-column-wrapper fusion-column-has-shadow fusion-flex-justify-content-flex-start fusion-content-layout-column\"><div class=\"fusion-image-element \" style=\"--awb-caption-title-font-family:var(--h2_typography-font-family);--awb-caption-title-font-weight:var(--h2_typography-font-weight);--awb-caption-title-font-style:var(--h2_typography-font-style);--awb-caption-title-size:var(--h2_typography-font-size);--awb-caption-title-transform:var(--h2_typography-text-transform);--awb-caption-title-line-height:var(--h2_typography-line-height);--awb-caption-title-letter-spacing:var(--h2_typography-letter-spacing);\"><span class=\" fusion-imageframe imageframe-none imageframe-1 hover-type-none\"><img decoding=\"async\" width=\"300\" height=\"200\" title=\"20210812-DSC04986-scaled\" src=\"https:\/\/black-forest-speed-club.de\/hp2020\/wp-content\/uploads\/2024\/09\/20210812-DSC04986-scaled-1.jpg\" data-orig-src=\"https:\/\/black-forest-speed-club.de\/hp2020\/wp-content\/uploads\/2024\/09\/20210812-DSC04986-scaled-1-300x200.jpg\" alt class=\"lazyload img-responsive wp-image-15709\" srcset=\"data:image\/svg+xml,%3Csvg%20xmlns%3D%27http%3A%2F%2Fwww.w3.org%2F2000%2Fsvg%27%20width%3D%272560%27%20height%3D%271707%27%20viewBox%3D%270%200%202560%201707%27%3E%3Crect%20width%3D%272560%27%20height%3D%271707%27%20fill-opacity%3D%220%22%2F%3E%3C%2Fsvg%3E\" data-srcset=\"https:\/\/black-forest-speed-club.de\/hp2020\/wp-content\/uploads\/2024\/09\/20210812-DSC04986-scaled-1-200x133.jpg 200w, https:\/\/black-forest-speed-club.de\/hp2020\/wp-content\/uploads\/2024\/09\/20210812-DSC04986-scaled-1-400x267.jpg 400w, https:\/\/black-forest-speed-club.de\/hp2020\/wp-content\/uploads\/2024\/09\/20210812-DSC04986-scaled-1-600x400.jpg 600w, https:\/\/black-forest-speed-club.de\/hp2020\/wp-content\/uploads\/2024\/09\/20210812-DSC04986-scaled-1-800x533.jpg 800w, https:\/\/black-forest-speed-club.de\/hp2020\/wp-content\/uploads\/2024\/09\/20210812-DSC04986-scaled-1-1200x800.jpg 1200w\" data-sizes=\"auto\" data-orig-sizes=\"(max-width: 1024px) 100vw, (max-width: 640px) 100vw, 600px\" \/><\/span><\/div><\/div><\/div><\/div><\/div><div class=\"fusion-fullwidth fullwidth-box fusion-builder-row-3 fusion-flex-container nonhundred-percent-fullwidth non-hundred-percent-height-scrolling\" style=\"--awb-border-sizes-top:2px;--awb-border-sizes-bottom:2px;--awb-border-color:#000000;--awb-border-radius-top-left:0px;--awb-border-radius-top-right:0px;--awb-border-radius-bottom-right:0px;--awb-border-radius-bottom-left:0px;--awb-padding-top:10px;--awb-padding-bottom:10px;--awb-margin-top:5vh;--awb-margin-bottom:5vh;--awb-flex-wrap:wrap;\" ><div class=\"fusion-builder-row fusion-row fusion-flex-align-items-flex-start fusion-flex-content-wrap\" style=\"max-width:1248px;margin-left: calc(-4% \/ 2 );margin-right: calc(-4% \/ 2 );\"><div class=\"fusion-layout-column fusion_builder_column fusion-builder-column-3 fusion_builder_column_1_1 1_1 fusion-flex-column\" style=\"--awb-bg-size:cover;--awb-width-large:100%;--awb-margin-top-large:0px;--awb-spacing-right-large:1.92%;--awb-margin-bottom-large:0px;--awb-spacing-left-large:1.92%;--awb-width-medium:100%;--awb-order-medium:0;--awb-spacing-right-medium:1.92%;--awb-spacing-left-medium:1.92%;--awb-width-small:100%;--awb-order-small:0;--awb-spacing-right-small:1.92%;--awb-spacing-left-small:1.92%;\"><div class=\"fusion-column-wrapper fusion-column-has-shadow fusion-flex-justify-content-flex-start fusion-content-layout-column\"><div class=\"fusion-title title fusion-title-3 fusion-sep-none fusion-title-text fusion-title-size-two subheadline-textbold\" style=\"--awb-margin-top-small:10px;--awb-margin-right-small:0px;--awb-margin-bottom-small:10px;--awb-margin-left-small:0px;\"><h2 class=\"fusion-title-heading title-heading-left fusion-responsive-typography-calculated\" style=\"font-family:&quot;Barlow&quot;;font-style:normal;font-weight:400;margin:0;--fontSize:32;line-height:var(--awb-typography1-line-height);\"><strong>Neuhausen ob Eck<\/strong>\u00a0&#8211; alle Veranstaltungen<\/h2><\/div><\/div><\/div><\/div><\/div><div class=\"fusion-fullwidth fullwidth-box fusion-builder-row-4 fusion-flex-container nonhundred-percent-fullwidth non-hundred-percent-height-scrolling\" style=\"--awb-border-radius-top-left:0px;--awb-border-radius-top-right:0px;--awb-border-radius-bottom-right:0px;--awb-border-radius-bottom-left:0px;--awb-padding-bottom:9px;--awb-margin-bottom:0px;--awb-flex-wrap:wrap;\" ><div class=\"fusion-builder-row fusion-row fusion-flex-align-items-flex-start fusion-flex-content-wrap\" style=\"max-width:1248px;margin-left: calc(-4% \/ 2 );margin-right: calc(-4% \/ 2 );\"><div class=\"fusion-layout-column fusion_builder_column fusion-builder-column-4 fusion_builder_column_1_1 1_1 fusion-flex-column\" style=\"--awb-bg-size:cover;--awb-width-large:100%;--awb-margin-top-large:0px;--awb-spacing-right-large:1.92%;--awb-margin-bottom-large:20px;--awb-spacing-left-large:1.92%;--awb-width-medium:100%;--awb-order-medium:0;--awb-spacing-right-medium:1.92%;--awb-spacing-left-medium:1.92%;--awb-width-small:100%;--awb-order-small:0;--awb-spacing-right-small:1.92%;--awb-spacing-left-small:1.92%;\"><div class=\"fusion-column-wrapper fusion-column-has-shadow fusion-flex-justify-content-flex-start fusion-content-layout-column\"><div class=\"woocommerce columns-3 \"><\/div><\/div><\/div><\/div><\/div><\/p>\n","protected":false},"excerpt":{"rendered":"","protected":false},"author":2,"featured_media":0,"parent":9561,"menu_order":18,"comment_status":"closed","ping_status":"closed","template":"","meta":{"footnotes":""},"class_list":["post-15892","page","type-page","status-publish","hentry"],"yoast_head":"<!-- This site is optimized with the Yoast SEO Premium plugin v25.7.1 (Yoast SEO v27.5) - https:\/\/yoast.com\/product\/yoast-seo-premium-wordpress\/ -->\n<title>Neuhausen ob Eck - Black Forest Speed Club<\/title>\n<meta name=\"description\" content=\"Neuhausen ob Eck | Motorrad-Sicherheitstraining | Neuhausen ob Eck - Black Forest Speed Club\" \/>\n<meta name=\"robots\" content=\"index, follow, max-snippet:-1, max-image-preview:large, max-video-preview:-1\" \/>\n<link rel=\"canonical\" href=\"https:\/\/black-forest-speed-club.de\/hp2020\/strecken\/neuhausen_ob_eck\/\" \/>\n<meta property=\"og:locale\" content=\"de_DE\" \/>\n<meta property=\"og:type\" content=\"article\" \/>\n<meta property=\"og:title\" content=\"Neuhausen ob Eck\" \/>\n<meta property=\"og:url\" content=\"https:\/\/black-forest-speed-club.de\/hp2020\/strecken\/neuhausen_ob_eck\/\" \/>\n<meta property=\"og:site_name\" content=\"Black Forest Speed Club\" \/>\n<meta property=\"article:publisher\" content=\"https:\/\/www.facebook.com\/Blackforestspeedclub\" \/>\n<meta property=\"article:modified_time\" content=\"2025-07-13T17:48:05+00:00\" \/>\n<meta property=\"og:image\" content=\"https:\/\/black-forest-speed-club.de\/hp2020\/wp-content\/uploads\/2023\/02\/cropped-Bild-25.02.23-um-12.41.jpeg\" \/>\n\t<meta property=\"og:image:width\" content=\"512\" \/>\n\t<meta property=\"og:image:height\" content=\"512\" \/>\n\t<meta property=\"og:image:type\" content=\"image\/jpeg\" \/>\n<meta name=\"twitter:card\" content=\"summary_large_image\" \/>\n<meta name=\"twitter:label1\" content=\"Gesch\u00e4tzte Lesezeit\" \/>\n\t<meta name=\"twitter:data1\" content=\"1\u00a0Minute\" \/>\n<script type=\"application\/ld+json\" class=\"yoast-schema-graph\">{\"@context\":\"https:\\\/\\\/schema.org\",\"@graph\":[{\"@type\":\"WebPage\",\"@id\":\"https:\\\/\\\/black-forest-speed-club.de\\\/hp2020\\\/strecken\\\/neuhausen_ob_eck\\\/\",\"url\":\"https:\\\/\\\/black-forest-speed-club.de\\\/hp2020\\\/strecken\\\/neuhausen_ob_eck\\\/\",\"name\":\"Neuhausen ob Eck - Black Forest Speed Club\",\"isPartOf\":{\"@id\":\"\\\/#website\"},\"datePublished\":\"2024-10-08T08:56:53+00:00\",\"dateModified\":\"2025-07-13T17:48:05+00:00\",\"description\":\"Neuhausen ob Eck | Motorrad-Sicherheitstraining | Neuhausen ob Eck - Black Forest Speed Club\",\"breadcrumb\":{\"@id\":\"https:\\\/\\\/black-forest-speed-club.de\\\/hp2020\\\/strecken\\\/neuhausen_ob_eck\\\/#breadcrumb\"},\"inLanguage\":\"de\",\"potentialAction\":[{\"@type\":\"ReadAction\",\"target\":[\"https:\\\/\\\/black-forest-speed-club.de\\\/hp2020\\\/strecken\\\/neuhausen_ob_eck\\\/\"]}]},{\"@type\":\"BreadcrumbList\",\"@id\":\"https:\\\/\\\/black-forest-speed-club.de\\\/hp2020\\\/strecken\\\/neuhausen_ob_eck\\\/#breadcrumb\",\"itemListElement\":[{\"@type\":\"ListItem\",\"position\":1,\"name\":\"Startseite\",\"item\":\"https:\\\/\\\/black-forest-speed-club.de\\\/hp2020\\\/\"},{\"@type\":\"ListItem\",\"position\":2,\"name\":\"Strecken\",\"item\":\"https:\\\/\\\/black-forest-speed-club.de\\\/hp2020\\\/strecken\\\/\"},{\"@type\":\"ListItem\",\"position\":3,\"name\":\"Neuhausen ob Eck\"}]},{\"@type\":\"WebSite\",\"@id\":\"\\\/#website\",\"url\":\"\\\/\",\"name\":\"Black Forest Speed Club\",\"description\":\"Motorrad-Events von Matthias Schr\u00f6ter\",\"publisher\":{\"@id\":\"\\\/#organization\"},\"alternateName\":\"BFSC\",\"potentialAction\":[{\"@type\":\"SearchAction\",\"target\":{\"@type\":\"EntryPoint\",\"urlTemplate\":\"\\\/?s={search_term_string}\"},\"query-input\":{\"@type\":\"PropertyValueSpecification\",\"valueRequired\":true,\"valueName\":\"search_term_string\"}}],\"inLanguage\":\"de\"},{\"@type\":\"Organization\",\"@id\":\"\\\/#organization\",\"name\":\"Matthias Schr\u00f6ter GmbH\",\"alternateName\":\"Matthias Schr\u00f6ter GmbH\",\"url\":\"\\\/\",\"logo\":{\"@type\":\"ImageObject\",\"inLanguage\":\"de\",\"@id\":\"\\\/#\\\/schema\\\/logo\\\/image\\\/\",\"url\":\"https:\\\/\\\/black-forest-speed-club.de\\\/hp2020\\\/wp-content\\\/uploads\\\/2020\\\/02\\\/WhatsApp-Image-2019-07-01-at-18.37.24.jpeg\",\"contentUrl\":\"https:\\\/\\\/black-forest-speed-club.de\\\/hp2020\\\/wp-content\\\/uploads\\\/2020\\\/02\\\/WhatsApp-Image-2019-07-01-at-18.37.24.jpeg\",\"width\":1368,\"height\":912,\"caption\":\"Matthias Schr\u00f6ter GmbH\"},\"image\":{\"@id\":\"\\\/#\\\/schema\\\/logo\\\/image\\\/\"},\"sameAs\":[\"https:\\\/\\\/www.facebook.com\\\/Blackforestspeedclub\",\"https:\\\/\\\/www.facebook.com\\\/bridgestoneridingschool\",\"https:\\\/\\\/www.facebook.com\\\/Triumph.Street.Triple.Cup\"],\"email\":\"matthias@black-forest-speed-club.de\",\"telephone\":\"017676986672\",\"legalName\":\"Matthias Schr\u00f6ter GmbH\",\"foundingDate\":\"2019-03-29\",\"vatID\":\"DE815821352\",\"taxID\":\"42418712007\",\"numberOfEmployees\":{\"@type\":\"QuantitativeValue\",\"minValue\":\"1\",\"maxValue\":\"10\"}}]}<\/script>\n<!-- \/ Yoast SEO Premium plugin. -->","yoast_head_json":{"title":"Neuhausen ob Eck - Black Forest Speed Club","description":"Neuhausen ob Eck | Motorrad-Sicherheitstraining | Neuhausen ob Eck - Black Forest Speed Club","robots":{"index":"index","follow":"follow","max-snippet":"max-snippet:-1","max-image-preview":"max-image-preview:large","max-video-preview":"max-video-preview:-1"},"canonical":"https:\/\/black-forest-speed-club.de\/hp2020\/strecken\/neuhausen_ob_eck\/","og_locale":"de_DE","og_type":"article","og_title":"Neuhausen ob Eck","og_url":"https:\/\/black-forest-speed-club.de\/hp2020\/strecken\/neuhausen_ob_eck\/","og_site_name":"Black Forest Speed Club","article_publisher":"https:\/\/www.facebook.com\/Blackforestspeedclub","article_modified_time":"2025-07-13T17:48:05+00:00","og_image":[{"width":512,"height":512,"url":"https:\/\/black-forest-speed-club.de\/hp2020\/wp-content\/uploads\/2023\/02\/cropped-Bild-25.02.23-um-12.41.jpeg","type":"image\/jpeg"}],"twitter_card":"summary_large_image","twitter_misc":{"Gesch\u00e4tzte Lesezeit":"1\u00a0Minute"},"schema":{"@context":"https:\/\/schema.org","@graph":[{"@type":"WebPage","@id":"https:\/\/black-forest-speed-club.de\/hp2020\/strecken\/neuhausen_ob_eck\/","url":"https:\/\/black-forest-speed-club.de\/hp2020\/strecken\/neuhausen_ob_eck\/","name":"Neuhausen ob Eck - Black Forest Speed Club","isPartOf":{"@id":"\/#website"},"datePublished":"2024-10-08T08:56:53+00:00","dateModified":"2025-07-13T17:48:05+00:00","description":"Neuhausen ob Eck | Motorrad-Sicherheitstraining | Neuhausen ob Eck - Black Forest Speed Club","breadcrumb":{"@id":"https:\/\/black-forest-speed-club.de\/hp2020\/strecken\/neuhausen_ob_eck\/#breadcrumb"},"inLanguage":"de","potentialAction":[{"@type":"ReadAction","target":["https:\/\/black-forest-speed-club.de\/hp2020\/strecken\/neuhausen_ob_eck\/"]}]},{"@type":"BreadcrumbList","@id":"https:\/\/black-forest-speed-club.de\/hp2020\/strecken\/neuhausen_ob_eck\/#breadcrumb","itemListElement":[{"@type":"ListItem","position":1,"name":"Startseite","item":"https:\/\/black-forest-speed-club.de\/hp2020\/"},{"@type":"ListItem","position":2,"name":"Strecken","item":"https:\/\/black-forest-speed-club.de\/hp2020\/strecken\/"},{"@type":"ListItem","position":3,"name":"Neuhausen ob Eck"}]},{"@type":"WebSite","@id":"\/#website","url":"\/","name":"Black Forest Speed Club","description":"Motorrad-Events von Matthias Schr\u00f6ter","publisher":{"@id":"\/#organization"},"alternateName":"BFSC","potentialAction":[{"@type":"SearchAction","target":{"@type":"EntryPoint","urlTemplate":"\/?s={search_term_string}"},"query-input":{"@type":"PropertyValueSpecification","valueRequired":true,"valueName":"search_term_string"}}],"inLanguage":"de"},{"@type":"Organization","@id":"\/#organization","name":"Matthias Schr\u00f6ter GmbH","alternateName":"Matthias Schr\u00f6ter GmbH","url":"\/","logo":{"@type":"ImageObject","inLanguage":"de","@id":"\/#\/schema\/logo\/image\/","url":"https:\/\/black-forest-speed-club.de\/hp2020\/wp-content\/uploads\/2020\/02\/WhatsApp-Image-2019-07-01-at-18.37.24.jpeg","contentUrl":"https:\/\/black-forest-speed-club.de\/hp2020\/wp-content\/uploads\/2020\/02\/WhatsApp-Image-2019-07-01-at-18.37.24.jpeg","width":1368,"height":912,"caption":"Matthias Schr\u00f6ter GmbH"},"image":{"@id":"\/#\/schema\/logo\/image\/"},"sameAs":["https:\/\/www.facebook.com\/Blackforestspeedclub","https:\/\/www.facebook.com\/bridgestoneridingschool","https:\/\/www.facebook.com\/Triumph.Street.Triple.Cup"],"email":"matthias@black-forest-speed-club.de","telephone":"017676986672","legalName":"Matthias Schr\u00f6ter GmbH","foundingDate":"2019-03-29","vatID":"DE815821352","taxID":"42418712007","numberOfEmployees":{"@type":"QuantitativeValue","minValue":"1","maxValue":"10"}}]}},"_links":{"self":[{"href":"https:\/\/black-forest-speed-club.de\/hp2020\/wp-json\/wp\/v2\/pages\/15892","targetHints":{"allow":["GET"]}}],"collection":[{"href":"https:\/\/black-forest-speed-club.de\/hp2020\/wp-json\/wp\/v2\/pages"}],"about":[{"href":"https:\/\/black-forest-speed-club.de\/hp2020\/wp-json\/wp\/v2\/types\/page"}],"author":[{"embeddable":true,"href":"https:\/\/black-forest-speed-club.de\/hp2020\/wp-json\/wp\/v2\/users\/2"}],"replies":[{"embeddable":true,"href":"https:\/\/black-forest-speed-club.de\/hp2020\/wp-json\/wp\/v2\/comments?post=15892"}],"version-history":[{"count":4,"href":"https:\/\/black-forest-speed-club.de\/hp2020\/wp-json\/wp\/v2\/pages\/15892\/revisions"}],"predecessor-version":[{"id":17841,"href":"https:\/\/black-forest-speed-club.de\/hp2020\/wp-json\/wp\/v2\/pages\/15892\/revisions\/17841"}],"up":[{"embeddable":true,"href":"https:\/\/black-forest-speed-club.de\/hp2020\/wp-json\/wp\/v2\/pages\/9561"}],"wp:attachment":[{"href":"https:\/\/black-forest-speed-club.de\/hp2020\/wp-json\/wp\/v2\/media?parent=15892"}],"curies":[{"name":"wp","href":"https:\/\/api.w.org\/{rel}","templated":true}]}}